{"id":154,"date":"2019-05-02T21:08:16","date_gmt":"2019-05-02T21:08:16","guid":{"rendered":"http:\/\/127.0.0.1:10080\/wordpress\/?page_id=154"},"modified":"2025-07-20T11:51:23","modified_gmt":"2025-07-20T09:51:23","slug":"cotisations","status":"publish","type":"page","link":"https:\/\/www.elpasodanse.be\/wordpress\/cotisations\/","title":{"rendered":"Cotisations"},"content":{"rendered":"\n<p><strong>COTISATIONS 2025-2026  <\/strong><br>1 cours\u3000: 120 \u20ac (ou 130 \u20ac en 2 fois\u3000: 80-50) <br>2 cours\u3000: 190 \u20ac (ou 200 \u20ac en 2 fois\u3000: 110-90) <br>3 cours\u3000: 250 \u20ac (ou 260 \u20ac en 2 fois\u3000: 210-50) <br>(Solde cotisation pour le 31\/12\/2025 au plus tard) <br>Membre sans cours\u3000: 70 \u20ac<\/p>\n\n\n\n<p><strong>La cotisation inclut :  <\/strong><br>.  La participation aux cours  <br>.  L\u2019affiliation \u00e0 l\u2019Association francophone des clubs de danse et la carte de membre <br>.  L\u2019assurance souscrite par l\u2019AFCD : RC-Accidents sportifs (copie disponible au secr\u00e9tariat)  <br>.  La participation aux divers entra\u00eenements    <\/p>\n\n\n\n<p>De nombreuses mutualit\u00e9s vous proposent une intervention dans le cadre de vos activit\u00e9s sportives. \nPour b\u00e9n\u00e9ficier de ces avantages, il suffit de demander les informations \u00e0 vos organismes respectifs et, le cas \u00e9ch\u00e9ant, le document ad hoc. \nC&rsquo;est avec plaisir que nous vous fournirons une preuve d&rsquo;affiliation et de paiement d&rsquo;un droit d&rsquo;inscription. <\/p>\n","protected":false},"excerpt":{"rendered":"<p>COTISATIONS 2025-2026 1 cours\u3000: 120 \u20ac (ou 130 \u20ac en 2 fois\u3000: 80-50) 2 cours\u3000: 190 \u20ac (ou 200 \u20ac en 2 fois\u3000: 110-90) 3 cours\u3000: 250 \u20ac (ou 260 \u20ac en 2 fois\u3000: 210-50) (Solde cotisation pour le 31\/12\/2025 au plus tard) Membre sans cours\u3000: 70 \u20ac La cotisation inclut : . La participation &hellip; <\/p>\n<p class=\"link-more\"><a href=\"https:\/\/www.elpasodanse.be\/wordpress\/cotisations\/\" class=\"more-link\">Continuer la lecture<span class=\"screen-reader-text\"> de &laquo;&nbsp;Cotisations&nbsp;&raquo;<\/span><\/a><\/p>\n","protected":false},"author":1,"featured_media":0,"parent":0,"menu_order":0,"comment_status":"closed","ping_status":"closed","template":"","meta":{"footnotes":""},"class_list":["post-154","page","type-page","status-publish","hentry"],"yoast_head":"<!-- This site is optimized with the Yoast SEO plugin v27.1.1 - https:\/\/yoast.com\/product\/yoast-seo-wordpress\/ -->\n<title>Cotisations - El Paso<\/title>\n<meta name=\"robots\" content=\"index, follow, max-snippet:-1, max-image-preview:large, max-video-preview:-1\" \/>\n<link rel=\"canonical\" href=\"https:\/\/www.elpasodanse.be\/wordpress\/cotisations\/\" \/>\n<meta property=\"og:locale\" content=\"fr_FR\" \/>\n<meta property=\"og:type\" content=\"article\" \/>\n<meta property=\"og:title\" content=\"Cotisations - El Paso\" \/>\n<meta property=\"og:description\" content=\"COTISATIONS 2025-2026 1 cours\u3000: 120 \u20ac (ou 130 \u20ac en 2 fois\u3000: 80-50) 2 cours\u3000: 190 \u20ac (ou 200 \u20ac en 2 fois\u3000: 110-90) 3 cours\u3000: 250 \u20ac (ou 260 \u20ac en 2 fois\u3000: 210-50) (Solde cotisation pour le 31\/12\/2025 au plus tard) Membre sans cours\u3000: 70 \u20ac La cotisation inclut : . La participation &hellip; Continuer la lecture de &laquo;&nbsp;Cotisations&nbsp;&raquo;\" \/>\n<meta property=\"og:url\" content=\"https:\/\/www.elpasodanse.be\/wordpress\/cotisations\/\" \/>\n<meta property=\"og:site_name\" content=\"El Paso\" \/>\n<meta property=\"article:modified_time\" content=\"2025-07-20T09:51:23+00:00\" \/>\n<meta name=\"twitter:card\" content=\"summary_large_image\" \/>\n<meta name=\"twitter:label1\" content=\"Dur\u00e9e de lecture estim\u00e9e\" \/>\n\t<meta name=\"twitter:data1\" content=\"1 minute\" \/>\n<script type=\"application\/ld+json\" class=\"yoast-schema-graph\">{\"@context\":\"https:\/\/schema.org\",\"@graph\":[{\"@type\":\"WebPage\",\"@id\":\"https:\/\/www.elpasodanse.be\/wordpress\/cotisations\/\",\"url\":\"https:\/\/www.elpasodanse.be\/wordpress\/cotisations\/\",\"name\":\"Cotisations - El Paso\",\"isPartOf\":{\"@id\":\"https:\/\/www.elpasodanse.be\/wordpress\/#website\"},\"datePublished\":\"2019-05-02T21:08:16+00:00\",\"dateModified\":\"2025-07-20T09:51:23+00:00\",\"breadcrumb\":{\"@id\":\"https:\/\/www.elpasodanse.be\/wordpress\/cotisations\/#breadcrumb\"},\"inLanguage\":\"fr-FR\",\"potentialAction\":[{\"@type\":\"ReadAction\",\"target\":[\"https:\/\/www.elpasodanse.be\/wordpress\/cotisations\/\"]}]},{\"@type\":\"BreadcrumbList\",\"@id\":\"https:\/\/www.elpasodanse.be\/wordpress\/cotisations\/#breadcrumb\",\"itemListElement\":[{\"@type\":\"ListItem\",\"position\":1,\"name\":\"Accueil\",\"item\":\"https:\/\/www.elpasodanse.be\/wordpress\/\"},{\"@type\":\"ListItem\",\"position\":2,\"name\":\"Cotisations\"}]},{\"@type\":\"WebSite\",\"@id\":\"https:\/\/www.elpasodanse.be\/wordpress\/#website\",\"url\":\"https:\/\/www.elpasodanse.be\/wordpress\/\",\"name\":\"El Paso\",\"description\":\"Ecole de danse\",\"publisher\":{\"@id\":\"https:\/\/www.elpasodanse.be\/wordpress\/#organization\"},\"potentialAction\":[{\"@type\":\"SearchAction\",\"target\":{\"@type\":\"EntryPoint\",\"urlTemplate\":\"https:\/\/www.elpasodanse.be\/wordpress\/?s={search_term_string}\"},\"query-input\":{\"@type\":\"PropertyValueSpecification\",\"valueRequired\":true,\"valueName\":\"search_term_string\"}}],\"inLanguage\":\"fr-FR\"},{\"@type\":\"Organization\",\"@id\":\"https:\/\/www.elpasodanse.be\/wordpress\/#organization\",\"name\":\"El Paso\",\"url\":\"https:\/\/www.elpasodanse.be\/wordpress\/\",\"logo\":{\"@type\":\"ImageObject\",\"inLanguage\":\"fr-FR\",\"@id\":\"https:\/\/www.elpasodanse.be\/wordpress\/#\/schema\/logo\/image\/\",\"url\":\"https:\/\/www.elpasodanse.be\/wordpress\/wp-content\/uploads\/2019\/04\/cropped-logosite2.png\",\"contentUrl\":\"https:\/\/www.elpasodanse.be\/wordpress\/wp-content\/uploads\/2019\/04\/cropped-logosite2.png\",\"width\":180,\"height\":250,\"caption\":\"El Paso\"},\"image\":{\"@id\":\"https:\/\/www.elpasodanse.be\/wordpress\/#\/schema\/logo\/image\/\"}}]}<\/script>\n<!-- \/ Yoast SEO plugin. -->","yoast_head_json":{"title":"Cotisations - El Paso","robots":{"index":"index","follow":"follow","max-snippet":"max-snippet:-1","max-image-preview":"max-image-preview:large","max-video-preview":"max-video-preview:-1"},"canonical":"https:\/\/www.elpasodanse.be\/wordpress\/cotisations\/","og_locale":"fr_FR","og_type":"article","og_title":"Cotisations - El Paso","og_description":"COTISATIONS 2025-2026 1 cours\u3000: 120 \u20ac (ou 130 \u20ac en 2 fois\u3000: 80-50) 2 cours\u3000: 190 \u20ac (ou 200 \u20ac en 2 fois\u3000: 110-90) 3 cours\u3000: 250 \u20ac (ou 260 \u20ac en 2 fois\u3000: 210-50) (Solde cotisation pour le 31\/12\/2025 au plus tard) Membre sans cours\u3000: 70 \u20ac La cotisation inclut : . La participation &hellip; Continuer la lecture de &laquo;&nbsp;Cotisations&nbsp;&raquo;","og_url":"https:\/\/www.elpasodanse.be\/wordpress\/cotisations\/","og_site_name":"El Paso","article_modified_time":"2025-07-20T09:51:23+00:00","twitter_card":"summary_large_image","twitter_misc":{"Dur\u00e9e de lecture estim\u00e9e":"1 minute"},"schema":{"@context":"https:\/\/schema.org","@graph":[{"@type":"WebPage","@id":"https:\/\/www.elpasodanse.be\/wordpress\/cotisations\/","url":"https:\/\/www.elpasodanse.be\/wordpress\/cotisations\/","name":"Cotisations - El Paso","isPartOf":{"@id":"https:\/\/www.elpasodanse.be\/wordpress\/#website"},"datePublished":"2019-05-02T21:08:16+00:00","dateModified":"2025-07-20T09:51:23+00:00","breadcrumb":{"@id":"https:\/\/www.elpasodanse.be\/wordpress\/cotisations\/#breadcrumb"},"inLanguage":"fr-FR","potentialAction":[{"@type":"ReadAction","target":["https:\/\/www.elpasodanse.be\/wordpress\/cotisations\/"]}]},{"@type":"BreadcrumbList","@id":"https:\/\/www.elpasodanse.be\/wordpress\/cotisations\/#breadcrumb","itemListElement":[{"@type":"ListItem","position":1,"name":"Accueil","item":"https:\/\/www.elpasodanse.be\/wordpress\/"},{"@type":"ListItem","position":2,"name":"Cotisations"}]},{"@type":"WebSite","@id":"https:\/\/www.elpasodanse.be\/wordpress\/#website","url":"https:\/\/www.elpasodanse.be\/wordpress\/","name":"El Paso","description":"Ecole de danse","publisher":{"@id":"https:\/\/www.elpasodanse.be\/wordpress\/#organization"},"potentialAction":[{"@type":"SearchAction","target":{"@type":"EntryPoint","urlTemplate":"https:\/\/www.elpasodanse.be\/wordpress\/?s={search_term_string}"},"query-input":{"@type":"PropertyValueSpecification","valueRequired":true,"valueName":"search_term_string"}}],"inLanguage":"fr-FR"},{"@type":"Organization","@id":"https:\/\/www.elpasodanse.be\/wordpress\/#organization","name":"El Paso","url":"https:\/\/www.elpasodanse.be\/wordpress\/","logo":{"@type":"ImageObject","inLanguage":"fr-FR","@id":"https:\/\/www.elpasodanse.be\/wordpress\/#\/schema\/logo\/image\/","url":"https:\/\/www.elpasodanse.be\/wordpress\/wp-content\/uploads\/2019\/04\/cropped-logosite2.png","contentUrl":"https:\/\/www.elpasodanse.be\/wordpress\/wp-content\/uploads\/2019\/04\/cropped-logosite2.png","width":180,"height":250,"caption":"El Paso"},"image":{"@id":"https:\/\/www.elpasodanse.be\/wordpress\/#\/schema\/logo\/image\/"}}]}},"_links":{"self":[{"href":"https:\/\/www.elpasodanse.be\/wordpress\/wp-json\/wp\/v2\/pages\/154","targetHints":{"allow":["GET"]}}],"collection":[{"href":"https:\/\/www.elpasodanse.be\/wordpress\/wp-json\/wp\/v2\/pages"}],"about":[{"href":"https:\/\/www.elpasodanse.be\/wordpress\/wp-json\/wp\/v2\/types\/page"}],"author":[{"embeddable":true,"href":"https:\/\/www.elpasodanse.be\/wordpress\/wp-json\/wp\/v2\/users\/1"}],"replies":[{"embeddable":true,"href":"https:\/\/www.elpasodanse.be\/wordpress\/wp-json\/wp\/v2\/comments?post=154"}],"version-history":[{"count":8,"href":"https:\/\/www.elpasodanse.be\/wordpress\/wp-json\/wp\/v2\/pages\/154\/revisions"}],"predecessor-version":[{"id":1575,"href":"https:\/\/www.elpasodanse.be\/wordpress\/wp-json\/wp\/v2\/pages\/154\/revisions\/1575"}],"wp:attachment":[{"href":"https:\/\/www.elpasodanse.be\/wordpress\/wp-json\/wp\/v2\/media?parent=154"}],"curies":[{"name":"wp","href":"https:\/\/api.w.org\/{rel}","templated":true}]}}