{"id":212,"date":"2019-05-10T13:54:34","date_gmt":"2019-05-10T11:54:34","guid":{"rendered":"http:\/\/127.0.0.1:10080\/wordpress\/?page_id=212"},"modified":"2019-06-22T09:35:37","modified_gmt":"2019-06-22T07:35:37","slug":"politique-de-confidentialite","status":"publish","type":"page","link":"https:\/\/www.elpasodanse.be\/wordpress\/politique-de-confidentialite\/","title":{"rendered":"Politique de Confidentialit\u00e9"},"content":{"rendered":"\n<p><strong>CLAUSE DE CONSENTEMENT AU TRAITEMENT DES DONNEES A CARACTERE PERSONNEL<\/strong>   <br><br><strong>1. Nature des donn\u00e9es \u00e0 caract\u00e8re personnel \u00e0 traiter <\/strong><br>Dans le cadre de votre affiliation \u00e0 notre club de danse, nous devons traiter les donn\u00e9es \u00e0 caract\u00e8re personnel suivantes : pr\u00e9nom, nom, adresse, num\u00e9ro de t\u00e9l\u00e9phone, num\u00e9ro de GSM, cours fr\u00e9quent\u00e9s, adresse e-mail date de naissance et partenaire de danse. De plus lors des soir\u00e9es ou des cours organis\u00e9s par le club des photographies et films sont r\u00e9alis\u00e9s et publi\u00e9s dans un espace s\u00e9curis\u00e9 du \u00ab Cloud \u00bb, l\u2019acc\u00e8s \u00e0 ceux-ci \u00e9tant exclusivement accessible aux membres affili\u00e9s qui en font la demande, ces membres s\u2019engagent \u00e0 ne pas les diffuser sur quelque m\u00e9dia que ce soit. <br><br><strong>2. Responsable du traitement des donn\u00e9es \u00e0 caract\u00e8re personnel <\/strong><br>Le responsable du traitement des donn\u00e9es \u00e0 caract\u00e8re personnel est Jean Arban, rue du Tige, 12 \u00e0 4920 Harz\u00e9. Pour toute question relative \u00e0 la protection des donn\u00e9es \u00e0 caract\u00e8re personnel, veuillez m\u2019adresser, par courrier postal \u00e0 l\u2019adresse ci-dessus ou par courrier \u00e9lectronique\u00a0via le formulaire de contact du site.\u00a0\u00a0 <br><br><strong>3. Finalit\u00e9s du traitement des donn\u00e9es \u00e0 caract\u00e8re personnel <\/strong><br>Le club traite les donn\u00e9es \u00e0 caract\u00e8re personnel aux fins suivantes :   Envoi d\u2019informations par courrier \u00e9lectronique \/ postal, traitant des actualit\u00e9s du club (Soir\u00e9es, indisponibilit\u00e9 des professeurs, etc&#8230;).   Envoi d\u2019informations strictement n\u00e9cessaire \u00e0 l\u2019AFCD afin de leur permettre de contracter une assurance pour les membres et leur permettant de r\u00e9aliser des \u00e9tudes comme par exemple l\u2019\u00e2ge des personnes fr\u00e9quentant tels et tels cours. \uf0b7 Mise \u00e0 disposition du \u00ab Webmaster \u00bb de certaines informations permettant la gestion du site \u00ab Web \u00bb. Les donn\u00e9es collect\u00e9es dans ce cadre ne sont utilis\u00e9es dans aucun autre but. <br><br><strong>4. Destinataire des donn\u00e9es <\/strong> <br>Conform\u00e9ment \u00e0 ce qui pr\u00e9c\u00e8de, et hormis s\u2019il est n\u00e9cessaire de communiquer des donn\u00e9es \u00e0 caract\u00e8re personnel \u00e0 d\u2019autres organisations (que celle reprise plus haut) ou des entit\u00e9s dont l\u2019intervention en tant que tiers prestataires de services pour le compte et sous le contr\u00f4le du responsable est requise aux fins pr\u00e9cit\u00e9es, le club ne transmettra pas les donn\u00e9es \u00e0 caract\u00e8re personnel collect\u00e9es dans ce cadre, ni ne les vendra, les louera ou les \u00e9changera avec une quelconque organisation ou entit\u00e9, \u00e0 moins que vous n\u2019en ayez \u00e9t\u00e9 inform\u00e9(e) au pr\u00e9alable et que vous ayez explicitement donn\u00e9 votre consentement. Le club peut transmettre les donn\u00e9es \u00e0 caract\u00e8re personnel \u00e0 la demande de toute autorit\u00e9 l\u00e9galement comp\u00e9tente ou de sa propre initiative s\u2019il estime de bonne foi que la transmission de ces informations est n\u00e9cessaire afin de respecter les lois ou les r\u00e9glementations ou afin de d\u00e9fendre et\/ou de prot\u00e9ger les droits ou les biens du club, de ses membres, de son site Internet. <br><br><strong>5. Mesures de s\u00e9curit\u00e9 <\/strong><br>Afin, dans la mesure du possible, d\u2019emp\u00eacher tout acc\u00e8s non autoris\u00e9 aux donn\u00e9es \u00e0 caract\u00e8re personnel collect\u00e9es dans ce cadre, le club a \u00e9labor\u00e9 des proc\u00e9dures en mati\u00e8re de s\u00e9curit\u00e9 et d\u2019organisation. Ces proc\u00e9dures concernent \u00e0 la fois la collecte et la conservation de ces donn\u00e9es. Pour des raisons de confidentialit\u00e9 ces proc\u00e9dures ne sont accessibles que par les membres effectifs du club El Paso ASBL. <br><br><strong>6. Dur\u00e9e de conservation <\/strong><br>Vos donn\u00e9es \u00e0 caract\u00e8re personnel sont uniquement conserv\u00e9es pendant une dur\u00e9e de deux ans apr\u00e8s votre derni\u00e8re affiliation. Une fois cette dur\u00e9e expir\u00e9e, les donn\u00e9es \u00e0 caract\u00e8re personnel sont effac\u00e9es, sous r\u00e9serve de l\u2019application d\u2019autres lois en vigueur. <br><br><strong>7. Droits d\u2019acc\u00e8s, rectification, droit \u00e0 l\u2019oubli, portabilit\u00e9 des donn\u00e9es, opposition, non-profilage et notification de failles de s\u00e9curit\u00e9<\/strong> <br>Vous avez le droit de consulter et de faire rectifier les donn\u00e9es vis\u00e9es. Vous avez \u00e9galement le droit \u00e0 l\u2019oubli, \u00e0 la portabilit\u00e9 des donn\u00e9es et \u00e0 l\u2019opposition, ainsi que le droit de refuser d\u2019\u00eatre profil\u00e9 et le droit d\u2019\u00eatre notifi\u00e9 des failles de s\u00e9curit\u00e9 rencontr\u00e9es. Pour exercer vos droits relatifs \u00e0 toutes les autres donn\u00e9es \u00e0 caract\u00e8re personnel, vous pouvez prendre contact avec le responsable du traitement des donn\u00e9es \u00e0 caract\u00e8re personnel repris au point 2. <br><br><strong>8. Plaintes <\/strong><br>Vous pouvez introduire une plainte relative au traitement des donn\u00e9es \u00e0 caract\u00e8re personnel par notre club aupr\u00e8s de l\u2019Autorit\u00e9 de protection des donn\u00e9es : Commission pour la protection de la vie priv\u00e9e Rue de la Presse 35, 1000 Bruxelles T\u00e9l. : +32 (0)2 274 48 00 Fax : +32 (0)2 274 48 35 E-mail : commission@privacycommission.be URL : https:\/\/www.privacycommission.be <\/p>\n","protected":false},"excerpt":{"rendered":"<p>CLAUSE DE CONSENTEMENT AU TRAITEMENT DES DONNEES A CARACTERE PERSONNEL 1. Nature des donn\u00e9es \u00e0 caract\u00e8re personnel \u00e0 traiter Dans le cadre de votre affiliation \u00e0 notre club de danse, nous devons traiter les donn\u00e9es \u00e0 caract\u00e8re personnel suivantes : pr\u00e9nom, nom, adresse, num\u00e9ro de t\u00e9l\u00e9phone, num\u00e9ro de GSM, cours fr\u00e9quent\u00e9s, adresse e-mail date de &hellip; <\/p>\n<p class=\"link-more\"><a href=\"https:\/\/www.elpasodanse.be\/wordpress\/politique-de-confidentialite\/\" class=\"more-link\">Continuer la lecture<span class=\"screen-reader-text\"> de &laquo;&nbsp;Politique de Confidentialit\u00e9&nbsp;&raquo;<\/span><\/a><\/p>\n","protected":false},"author":1,"featured_media":0,"parent":0,"menu_order":0,"comment_status":"closed","ping_status":"closed","template":"","meta":{"footnotes":""},"class_list":["post-212","page","type-page","status-publish","hentry"],"yoast_head":"<!-- This site is optimized with the Yoast SEO plugin v27.1.1 - https:\/\/yoast.com\/product\/yoast-seo-wordpress\/ -->\n<title>Politique de Confidentialit\u00e9 - El Paso<\/title>\n<meta name=\"robots\" content=\"index, follow, max-snippet:-1, max-image-preview:large, max-video-preview:-1\" \/>\n<link rel=\"canonical\" href=\"https:\/\/www.elpasodanse.be\/wordpress\/politique-de-confidentialite\/\" \/>\n<meta property=\"og:locale\" content=\"fr_FR\" \/>\n<meta property=\"og:type\" content=\"article\" \/>\n<meta property=\"og:title\" content=\"Politique de Confidentialit\u00e9 - El Paso\" \/>\n<meta property=\"og:description\" content=\"CLAUSE DE CONSENTEMENT AU TRAITEMENT DES DONNEES A CARACTERE PERSONNEL 1. Nature des donn\u00e9es \u00e0 caract\u00e8re personnel \u00e0 traiter Dans le cadre de votre affiliation \u00e0 notre club de danse, nous devons traiter les donn\u00e9es \u00e0 caract\u00e8re personnel suivantes : pr\u00e9nom, nom, adresse, num\u00e9ro de t\u00e9l\u00e9phone, num\u00e9ro de GSM, cours fr\u00e9quent\u00e9s, adresse e-mail date de &hellip; Continuer la lecture de &laquo;&nbsp;Politique de Confidentialit\u00e9&nbsp;&raquo;\" \/>\n<meta property=\"og:url\" content=\"https:\/\/www.elpasodanse.be\/wordpress\/politique-de-confidentialite\/\" \/>\n<meta property=\"og:site_name\" content=\"El Paso\" \/>\n<meta property=\"article:modified_time\" content=\"2019-06-22T07:35:37+00:00\" \/>\n<meta name=\"twitter:card\" content=\"summary_large_image\" \/>\n<meta name=\"twitter:label1\" content=\"Dur\u00e9e de lecture estim\u00e9e\" \/>\n\t<meta name=\"twitter:data1\" content=\"4 minutes\" \/>\n<script type=\"application\/ld+json\" class=\"yoast-schema-graph\">{\"@context\":\"https:\/\/schema.org\",\"@graph\":[{\"@type\":\"WebPage\",\"@id\":\"https:\/\/www.elpasodanse.be\/wordpress\/politique-de-confidentialite\/\",\"url\":\"https:\/\/www.elpasodanse.be\/wordpress\/politique-de-confidentialite\/\",\"name\":\"Politique de Confidentialit\u00e9 - El Paso\",\"isPartOf\":{\"@id\":\"https:\/\/www.elpasodanse.be\/wordpress\/#website\"},\"datePublished\":\"2019-05-10T11:54:34+00:00\",\"dateModified\":\"2019-06-22T07:35:37+00:00\",\"breadcrumb\":{\"@id\":\"https:\/\/www.elpasodanse.be\/wordpress\/politique-de-confidentialite\/#breadcrumb\"},\"inLanguage\":\"fr-FR\",\"potentialAction\":[{\"@type\":\"ReadAction\",\"target\":[\"https:\/\/www.elpasodanse.be\/wordpress\/politique-de-confidentialite\/\"]}]},{\"@type\":\"BreadcrumbList\",\"@id\":\"https:\/\/www.elpasodanse.be\/wordpress\/politique-de-confidentialite\/#breadcrumb\",\"itemListElement\":[{\"@type\":\"ListItem\",\"position\":1,\"name\":\"Accueil\",\"item\":\"https:\/\/www.elpasodanse.be\/wordpress\/\"},{\"@type\":\"ListItem\",\"position\":2,\"name\":\"Politique de Confidentialit\u00e9\"}]},{\"@type\":\"WebSite\",\"@id\":\"https:\/\/www.elpasodanse.be\/wordpress\/#website\",\"url\":\"https:\/\/www.elpasodanse.be\/wordpress\/\",\"name\":\"El Paso\",\"description\":\"Ecole de danse\",\"publisher\":{\"@id\":\"https:\/\/www.elpasodanse.be\/wordpress\/#organization\"},\"potentialAction\":[{\"@type\":\"SearchAction\",\"target\":{\"@type\":\"EntryPoint\",\"urlTemplate\":\"https:\/\/www.elpasodanse.be\/wordpress\/?s={search_term_string}\"},\"query-input\":{\"@type\":\"PropertyValueSpecification\",\"valueRequired\":true,\"valueName\":\"search_term_string\"}}],\"inLanguage\":\"fr-FR\"},{\"@type\":\"Organization\",\"@id\":\"https:\/\/www.elpasodanse.be\/wordpress\/#organization\",\"name\":\"El Paso\",\"url\":\"https:\/\/www.elpasodanse.be\/wordpress\/\",\"logo\":{\"@type\":\"ImageObject\",\"inLanguage\":\"fr-FR\",\"@id\":\"https:\/\/www.elpasodanse.be\/wordpress\/#\/schema\/logo\/image\/\",\"url\":\"https:\/\/www.elpasodanse.be\/wordpress\/wp-content\/uploads\/2019\/04\/cropped-logosite2.png\",\"contentUrl\":\"https:\/\/www.elpasodanse.be\/wordpress\/wp-content\/uploads\/2019\/04\/cropped-logosite2.png\",\"width\":180,\"height\":250,\"caption\":\"El Paso\"},\"image\":{\"@id\":\"https:\/\/www.elpasodanse.be\/wordpress\/#\/schema\/logo\/image\/\"}}]}<\/script>\n<!-- \/ Yoast SEO plugin. -->","yoast_head_json":{"title":"Politique de Confidentialit\u00e9 - El Paso","robots":{"index":"index","follow":"follow","max-snippet":"max-snippet:-1","max-image-preview":"max-image-preview:large","max-video-preview":"max-video-preview:-1"},"canonical":"https:\/\/www.elpasodanse.be\/wordpress\/politique-de-confidentialite\/","og_locale":"fr_FR","og_type":"article","og_title":"Politique de Confidentialit\u00e9 - El Paso","og_description":"CLAUSE DE CONSENTEMENT AU TRAITEMENT DES DONNEES A CARACTERE PERSONNEL 1. Nature des donn\u00e9es \u00e0 caract\u00e8re personnel \u00e0 traiter Dans le cadre de votre affiliation \u00e0 notre club de danse, nous devons traiter les donn\u00e9es \u00e0 caract\u00e8re personnel suivantes : pr\u00e9nom, nom, adresse, num\u00e9ro de t\u00e9l\u00e9phone, num\u00e9ro de GSM, cours fr\u00e9quent\u00e9s, adresse e-mail date de &hellip; Continuer la lecture de &laquo;&nbsp;Politique de Confidentialit\u00e9&nbsp;&raquo;","og_url":"https:\/\/www.elpasodanse.be\/wordpress\/politique-de-confidentialite\/","og_site_name":"El Paso","article_modified_time":"2019-06-22T07:35:37+00:00","twitter_card":"summary_large_image","twitter_misc":{"Dur\u00e9e de lecture estim\u00e9e":"4 minutes"},"schema":{"@context":"https:\/\/schema.org","@graph":[{"@type":"WebPage","@id":"https:\/\/www.elpasodanse.be\/wordpress\/politique-de-confidentialite\/","url":"https:\/\/www.elpasodanse.be\/wordpress\/politique-de-confidentialite\/","name":"Politique de Confidentialit\u00e9 - El Paso","isPartOf":{"@id":"https:\/\/www.elpasodanse.be\/wordpress\/#website"},"datePublished":"2019-05-10T11:54:34+00:00","dateModified":"2019-06-22T07:35:37+00:00","breadcrumb":{"@id":"https:\/\/www.elpasodanse.be\/wordpress\/politique-de-confidentialite\/#breadcrumb"},"inLanguage":"fr-FR","potentialAction":[{"@type":"ReadAction","target":["https:\/\/www.elpasodanse.be\/wordpress\/politique-de-confidentialite\/"]}]},{"@type":"BreadcrumbList","@id":"https:\/\/www.elpasodanse.be\/wordpress\/politique-de-confidentialite\/#breadcrumb","itemListElement":[{"@type":"ListItem","position":1,"name":"Accueil","item":"https:\/\/www.elpasodanse.be\/wordpress\/"},{"@type":"ListItem","position":2,"name":"Politique de Confidentialit\u00e9"}]},{"@type":"WebSite","@id":"https:\/\/www.elpasodanse.be\/wordpress\/#website","url":"https:\/\/www.elpasodanse.be\/wordpress\/","name":"El Paso","description":"Ecole de danse","publisher":{"@id":"https:\/\/www.elpasodanse.be\/wordpress\/#organization"},"potentialAction":[{"@type":"SearchAction","target":{"@type":"EntryPoint","urlTemplate":"https:\/\/www.elpasodanse.be\/wordpress\/?s={search_term_string}"},"query-input":{"@type":"PropertyValueSpecification","valueRequired":true,"valueName":"search_term_string"}}],"inLanguage":"fr-FR"},{"@type":"Organization","@id":"https:\/\/www.elpasodanse.be\/wordpress\/#organization","name":"El Paso","url":"https:\/\/www.elpasodanse.be\/wordpress\/","logo":{"@type":"ImageObject","inLanguage":"fr-FR","@id":"https:\/\/www.elpasodanse.be\/wordpress\/#\/schema\/logo\/image\/","url":"https:\/\/www.elpasodanse.be\/wordpress\/wp-content\/uploads\/2019\/04\/cropped-logosite2.png","contentUrl":"https:\/\/www.elpasodanse.be\/wordpress\/wp-content\/uploads\/2019\/04\/cropped-logosite2.png","width":180,"height":250,"caption":"El Paso"},"image":{"@id":"https:\/\/www.elpasodanse.be\/wordpress\/#\/schema\/logo\/image\/"}}]}},"_links":{"self":[{"href":"https:\/\/www.elpasodanse.be\/wordpress\/wp-json\/wp\/v2\/pages\/212","targetHints":{"allow":["GET"]}}],"collection":[{"href":"https:\/\/www.elpasodanse.be\/wordpress\/wp-json\/wp\/v2\/pages"}],"about":[{"href":"https:\/\/www.elpasodanse.be\/wordpress\/wp-json\/wp\/v2\/types\/page"}],"author":[{"embeddable":true,"href":"https:\/\/www.elpasodanse.be\/wordpress\/wp-json\/wp\/v2\/users\/1"}],"replies":[{"embeddable":true,"href":"https:\/\/www.elpasodanse.be\/wordpress\/wp-json\/wp\/v2\/comments?post=212"}],"version-history":[{"count":5,"href":"https:\/\/www.elpasodanse.be\/wordpress\/wp-json\/wp\/v2\/pages\/212\/revisions"}],"predecessor-version":[{"id":515,"href":"https:\/\/www.elpasodanse.be\/wordpress\/wp-json\/wp\/v2\/pages\/212\/revisions\/515"}],"wp:attachment":[{"href":"https:\/\/www.elpasodanse.be\/wordpress\/wp-json\/wp\/v2\/media?parent=212"}],"curies":[{"name":"wp","href":"https:\/\/api.w.org\/{rel}","templated":true}]}}