{"id":27,"date":"2019-04-27T10:51:53","date_gmt":"2019-04-27T10:51:53","guid":{"rendered":"http:\/\/127.0.0.1:10080\/wordpress\/?page_id=27"},"modified":"2025-04-02T12:40:54","modified_gmt":"2025-04-02T10:40:54","slug":"espace-membres","status":"publish","type":"page","link":"https:\/\/www.elpasodanse.be\/wordpress\/espace-membres\/","title":{"rendered":"Espace Membres"},"content":{"rendered":"<p>Bienvenue dans l&rsquo;espace r\u00e9serv\u00e9 aux membres El Paso .<\/p>\n<p>Son contenu est limit\u00e9 \u00e0 votre usage et nous vous demandons donc de ne pas diffuser en dehors de notre cercle les photos, vid\u00e9os ou documents que vous y trouverez.\u00a0 Veuillez vous identifier <strong>pr\u00e9alablement<\/strong> sur la page d&rsquo;accueil pour y acc\u00e9der.\u00a0 Ensuite, d\u00e9placez le dispositif de pointage sur les icones \u00ab\u00a0<strong>V<\/strong>\u00ab\u00a0, \u00ab\u00a0<strong>&gt;<\/strong>\u00a0\u00bb pour d\u00e9velopper les menus et sous-menus.<\/p>\n<p>Si vous ne d\u00e9sirez pas appara\u00eetre sur les photos et vid\u00e9os pr\u00e9sentes dans cette section, vous pouvez nous le faire savoir par email ou directement au secr\u00e9tariat.<\/p>\n<p>Pour obtenir l&rsquo;acc\u00e8s, veuillez vous inscrire au d\u00e9part de la page d&rsquo;accueil du site et ensuite confirmer votre demande en cliquant sur le lien qui\u00a0 sera envoy\u00e9 \u00e0 l&rsquo; adresse que vous aurez mentionn\u00e9e.\u00a0 L&rsquo;administrateur validera votre inscription et vous en serez averti\u00a0 \u00e0 cette m\u00eame adresse.<\/p>\n<p>Le RGPD impose de vous demander votre consentement explicite \u00e0 la politique de confidentialit\u00e9 .<\/p>\n<p>NB : R\u00e9serv\u00e9 aux membres en r\u00e8gle de cotisation &#8211; L&rsquo;acc\u00e8s est limit\u00e9 aux vid\u00e9os relatives \u00e0 vos cours.<\/p>\n\n\n<p>Pour vous aider lors de l&rsquo;inscription sur le site, vous pouvez vous r\u00e9f\u00e9rer \u00e0 la proc\u00e9dure ci-dessous.<\/p>\n\n\n\n<div class=\"wp-block-file\"><a id=\"wp-block-file--media-59430f35-b2ed-4ff7-a81f-a4d6a1730bde\" href=\"https:\/\/www.elpasodanse.be\/wordpress\/wp-content\/uploads\/2019\/11\/Inscription_sur_le_site.pdf\">Comment s&rsquo;inscrire_sur_le_site ?<\/a><a href=\"https:\/\/www.elpasodanse.be\/wordpress\/wp-content\/uploads\/2019\/11\/Inscription_sur_le_site.pdf\" class=\"wp-block-file__button wp-element-button\" download aria-describedby=\"wp-block-file--media-59430f35-b2ed-4ff7-a81f-a4d6a1730bde\">T\u00e9l\u00e9charger<\/a><\/div>\n","protected":false},"excerpt":{"rendered":"<p>Bienvenue dans l&rsquo;espace r\u00e9serv\u00e9 aux membres El Paso . Son contenu est limit\u00e9 \u00e0 votre usage et nous vous demandons donc de ne pas diffuser en dehors de notre cercle les photos, vid\u00e9os ou documents que vous y trouverez.\u00a0 Veuillez vous identifier pr\u00e9alablement sur la page d&rsquo;accueil pour y acc\u00e9der.\u00a0 Ensuite, d\u00e9placez le dispositif de &hellip; <\/p>\n<p class=\"link-more\"><a href=\"https:\/\/www.elpasodanse.be\/wordpress\/espace-membres\/\" class=\"more-link\">Continuer la lecture<span class=\"screen-reader-text\"> de &laquo;&nbsp;Espace Membres&nbsp;&raquo;<\/span><\/a><\/p>\n","protected":false},"author":1,"featured_media":0,"parent":0,"menu_order":0,"comment_status":"closed","ping_status":"closed","template":"","meta":{"footnotes":""},"class_list":["post-27","page","type-page","status-publish","hentry"],"yoast_head":"<!-- This site is optimized with the Yoast SEO plugin v27.1.1 - https:\/\/yoast.com\/product\/yoast-seo-wordpress\/ -->\n<title>Espace Membres - El Paso<\/title>\n<meta name=\"robots\" content=\"index, follow, max-snippet:-1, max-image-preview:large, max-video-preview:-1\" \/>\n<link rel=\"canonical\" href=\"https:\/\/www.elpasodanse.be\/wordpress\/espace-membres\/\" \/>\n<meta property=\"og:locale\" content=\"fr_FR\" \/>\n<meta property=\"og:type\" content=\"article\" \/>\n<meta property=\"og:title\" content=\"Espace Membres - El Paso\" \/>\n<meta property=\"og:description\" content=\"Bienvenue dans l&rsquo;espace r\u00e9serv\u00e9 aux membres El Paso . Son contenu est limit\u00e9 \u00e0 votre usage et nous vous demandons donc de ne pas diffuser en dehors de notre cercle les photos, vid\u00e9os ou documents que vous y trouverez.\u00a0 Veuillez vous identifier pr\u00e9alablement sur la page d&rsquo;accueil pour y acc\u00e9der.\u00a0 Ensuite, d\u00e9placez le dispositif de &hellip; Continuer la lecture de &laquo;&nbsp;Espace Membres&nbsp;&raquo;\" \/>\n<meta property=\"og:url\" content=\"https:\/\/www.elpasodanse.be\/wordpress\/espace-membres\/\" \/>\n<meta property=\"og:site_name\" content=\"El Paso\" \/>\n<meta property=\"article:modified_time\" content=\"2025-04-02T10:40:54+00:00\" \/>\n<meta name=\"twitter:card\" content=\"summary_large_image\" \/>\n<meta name=\"twitter:label1\" content=\"Dur\u00e9e de lecture estim\u00e9e\" \/>\n\t<meta name=\"twitter:data1\" content=\"1 minute\" \/>\n<script type=\"application\/ld+json\" class=\"yoast-schema-graph\">{\"@context\":\"https:\/\/schema.org\",\"@graph\":[{\"@type\":\"WebPage\",\"@id\":\"https:\/\/www.elpasodanse.be\/wordpress\/espace-membres\/\",\"url\":\"https:\/\/www.elpasodanse.be\/wordpress\/espace-membres\/\",\"name\":\"Espace Membres - El Paso\",\"isPartOf\":{\"@id\":\"https:\/\/www.elpasodanse.be\/wordpress\/#website\"},\"datePublished\":\"2019-04-27T10:51:53+00:00\",\"dateModified\":\"2025-04-02T10:40:54+00:00\",\"breadcrumb\":{\"@id\":\"https:\/\/www.elpasodanse.be\/wordpress\/espace-membres\/#breadcrumb\"},\"inLanguage\":\"fr-FR\",\"potentialAction\":[{\"@type\":\"ReadAction\",\"target\":[\"https:\/\/www.elpasodanse.be\/wordpress\/espace-membres\/\"]}]},{\"@type\":\"BreadcrumbList\",\"@id\":\"https:\/\/www.elpasodanse.be\/wordpress\/espace-membres\/#breadcrumb\",\"itemListElement\":[{\"@type\":\"ListItem\",\"position\":1,\"name\":\"Accueil\",\"item\":\"https:\/\/www.elpasodanse.be\/wordpress\/\"},{\"@type\":\"ListItem\",\"position\":2,\"name\":\"Espace Membres\"}]},{\"@type\":\"WebSite\",\"@id\":\"https:\/\/www.elpasodanse.be\/wordpress\/#website\",\"url\":\"https:\/\/www.elpasodanse.be\/wordpress\/\",\"name\":\"El Paso\",\"description\":\"Ecole de danse\",\"publisher\":{\"@id\":\"https:\/\/www.elpasodanse.be\/wordpress\/#organization\"},\"potentialAction\":[{\"@type\":\"SearchAction\",\"target\":{\"@type\":\"EntryPoint\",\"urlTemplate\":\"https:\/\/www.elpasodanse.be\/wordpress\/?s={search_term_string}\"},\"query-input\":{\"@type\":\"PropertyValueSpecification\",\"valueRequired\":true,\"valueName\":\"search_term_string\"}}],\"inLanguage\":\"fr-FR\"},{\"@type\":\"Organization\",\"@id\":\"https:\/\/www.elpasodanse.be\/wordpress\/#organization\",\"name\":\"El Paso\",\"url\":\"https:\/\/www.elpasodanse.be\/wordpress\/\",\"logo\":{\"@type\":\"ImageObject\",\"inLanguage\":\"fr-FR\",\"@id\":\"https:\/\/www.elpasodanse.be\/wordpress\/#\/schema\/logo\/image\/\",\"url\":\"https:\/\/www.elpasodanse.be\/wordpress\/wp-content\/uploads\/2019\/04\/cropped-logosite2.png\",\"contentUrl\":\"https:\/\/www.elpasodanse.be\/wordpress\/wp-content\/uploads\/2019\/04\/cropped-logosite2.png\",\"width\":180,\"height\":250,\"caption\":\"El Paso\"},\"image\":{\"@id\":\"https:\/\/www.elpasodanse.be\/wordpress\/#\/schema\/logo\/image\/\"}}]}<\/script>\n<!-- \/ Yoast SEO plugin. -->","yoast_head_json":{"title":"Espace Membres - El Paso","robots":{"index":"index","follow":"follow","max-snippet":"max-snippet:-1","max-image-preview":"max-image-preview:large","max-video-preview":"max-video-preview:-1"},"canonical":"https:\/\/www.elpasodanse.be\/wordpress\/espace-membres\/","og_locale":"fr_FR","og_type":"article","og_title":"Espace Membres - El Paso","og_description":"Bienvenue dans l&rsquo;espace r\u00e9serv\u00e9 aux membres El Paso . Son contenu est limit\u00e9 \u00e0 votre usage et nous vous demandons donc de ne pas diffuser en dehors de notre cercle les photos, vid\u00e9os ou documents que vous y trouverez.\u00a0 Veuillez vous identifier pr\u00e9alablement sur la page d&rsquo;accueil pour y acc\u00e9der.\u00a0 Ensuite, d\u00e9placez le dispositif de &hellip; Continuer la lecture de &laquo;&nbsp;Espace Membres&nbsp;&raquo;","og_url":"https:\/\/www.elpasodanse.be\/wordpress\/espace-membres\/","og_site_name":"El Paso","article_modified_time":"2025-04-02T10:40:54+00:00","twitter_card":"summary_large_image","twitter_misc":{"Dur\u00e9e de lecture estim\u00e9e":"1 minute"},"schema":{"@context":"https:\/\/schema.org","@graph":[{"@type":"WebPage","@id":"https:\/\/www.elpasodanse.be\/wordpress\/espace-membres\/","url":"https:\/\/www.elpasodanse.be\/wordpress\/espace-membres\/","name":"Espace Membres - El Paso","isPartOf":{"@id":"https:\/\/www.elpasodanse.be\/wordpress\/#website"},"datePublished":"2019-04-27T10:51:53+00:00","dateModified":"2025-04-02T10:40:54+00:00","breadcrumb":{"@id":"https:\/\/www.elpasodanse.be\/wordpress\/espace-membres\/#breadcrumb"},"inLanguage":"fr-FR","potentialAction":[{"@type":"ReadAction","target":["https:\/\/www.elpasodanse.be\/wordpress\/espace-membres\/"]}]},{"@type":"BreadcrumbList","@id":"https:\/\/www.elpasodanse.be\/wordpress\/espace-membres\/#breadcrumb","itemListElement":[{"@type":"ListItem","position":1,"name":"Accueil","item":"https:\/\/www.elpasodanse.be\/wordpress\/"},{"@type":"ListItem","position":2,"name":"Espace Membres"}]},{"@type":"WebSite","@id":"https:\/\/www.elpasodanse.be\/wordpress\/#website","url":"https:\/\/www.elpasodanse.be\/wordpress\/","name":"El Paso","description":"Ecole de danse","publisher":{"@id":"https:\/\/www.elpasodanse.be\/wordpress\/#organization"},"potentialAction":[{"@type":"SearchAction","target":{"@type":"EntryPoint","urlTemplate":"https:\/\/www.elpasodanse.be\/wordpress\/?s={search_term_string}"},"query-input":{"@type":"PropertyValueSpecification","valueRequired":true,"valueName":"search_term_string"}}],"inLanguage":"fr-FR"},{"@type":"Organization","@id":"https:\/\/www.elpasodanse.be\/wordpress\/#organization","name":"El Paso","url":"https:\/\/www.elpasodanse.be\/wordpress\/","logo":{"@type":"ImageObject","inLanguage":"fr-FR","@id":"https:\/\/www.elpasodanse.be\/wordpress\/#\/schema\/logo\/image\/","url":"https:\/\/www.elpasodanse.be\/wordpress\/wp-content\/uploads\/2019\/04\/cropped-logosite2.png","contentUrl":"https:\/\/www.elpasodanse.be\/wordpress\/wp-content\/uploads\/2019\/04\/cropped-logosite2.png","width":180,"height":250,"caption":"El Paso"},"image":{"@id":"https:\/\/www.elpasodanse.be\/wordpress\/#\/schema\/logo\/image\/"}}]}},"_links":{"self":[{"href":"https:\/\/www.elpasodanse.be\/wordpress\/wp-json\/wp\/v2\/pages\/27","targetHints":{"allow":["GET"]}}],"collection":[{"href":"https:\/\/www.elpasodanse.be\/wordpress\/wp-json\/wp\/v2\/pages"}],"about":[{"href":"https:\/\/www.elpasodanse.be\/wordpress\/wp-json\/wp\/v2\/types\/page"}],"author":[{"embeddable":true,"href":"https:\/\/www.elpasodanse.be\/wordpress\/wp-json\/wp\/v2\/users\/1"}],"replies":[{"embeddable":true,"href":"https:\/\/www.elpasodanse.be\/wordpress\/wp-json\/wp\/v2\/comments?post=27"}],"version-history":[{"count":13,"href":"https:\/\/www.elpasodanse.be\/wordpress\/wp-json\/wp\/v2\/pages\/27\/revisions"}],"predecessor-version":[{"id":1528,"href":"https:\/\/www.elpasodanse.be\/wordpress\/wp-json\/wp\/v2\/pages\/27\/revisions\/1528"}],"wp:attachment":[{"href":"https:\/\/www.elpasodanse.be\/wordpress\/wp-json\/wp\/v2\/media?parent=27"}],"curies":[{"name":"wp","href":"https:\/\/api.w.org\/{rel}","templated":true}]}}