{"id":348,"date":"2019-05-28T14:49:10","date_gmt":"2019-05-28T12:49:10","guid":{"rendered":"https:\/\/www.elpasodanse.be\/wordpress\/?page_id=348"},"modified":"2019-05-30T10:01:49","modified_gmt":"2019-05-30T08:01:49","slug":"quickstep","status":"publish","type":"page","link":"https:\/\/www.elpasodanse.be\/wordpress\/quickstep\/","title":{"rendered":"Quickstep"},"content":{"rendered":"\n<figure class=\"wp-block-image\"><img loading=\"lazy\" decoding=\"async\" width=\"104\" height=\"124\" src=\"https:\/\/www.elpasodanse.be\/wordpress\/wp-content\/uploads\/2019\/05\/quick.jpg\" alt=\"\" class=\"wp-image-345\"\/><\/figure>\n\n\n\n<p>Le <strong>Quickstep<\/strong>, est, comme son nom l\u2019indique, une danse rapide et vive, ses pas consistent en chass\u00e9s, jet\u00e9s et petits sauts.<\/p>\n\n\n\n<p>L&rsquo;anc\u00eatre du Quickstep est le Fox-trot am\u00e9ricain.<\/p>\n\n\n\n<p>Il appara\u00eet en Angleterre et en France avec les soldats am\u00e9ricains en 1917, il est jou\u00e9 assez lentement.<\/p>\n\n\n\n<p>Dans les ann\u00e9es 1920, plusieurs orchestres acc\u00e9l\u00e8rent le rythme et les figures sont inadapt\u00e9es \u00e0 des vitesses aussi \u00e9lev\u00e9es. D\u00e8s lors, on  parle d&rsquo;un \u00ab quick time Fox trot \u00bb.<\/p>\n\n\n\n<p>Lors des championnats de 1927 \u00e0 Londres, il se nomme \u00ab Quick time Fox and charleston \u00bb.<\/p>\n\n\n\n<p>C&rsquo;est en 1929 qu&rsquo;il prend l&rsquo;appellation de \u00ab\u00a0Quickstep\u00a0\u00bb.<\/p>\n\n\n<p><!--EndFragment--><\/p>\n<p><\/p>","protected":false},"excerpt":{"rendered":"<p>Le Quickstep, est, comme son nom l\u2019indique, une danse rapide et vive, ses pas consistent en chass\u00e9s, jet\u00e9s et petits sauts. L&rsquo;anc\u00eatre du Quickstep est le Fox-trot am\u00e9ricain. Il appara\u00eet en Angleterre et en France avec les soldats am\u00e9ricains en 1917, il est jou\u00e9 assez lentement. Dans les ann\u00e9es 1920, plusieurs orchestres acc\u00e9l\u00e8rent le rythme &hellip; <\/p>\n<p class=\"link-more\"><a href=\"https:\/\/www.elpasodanse.be\/wordpress\/quickstep\/\" class=\"more-link\">Continuer la lecture<span class=\"screen-reader-text\"> de &laquo;&nbsp;Quickstep&nbsp;&raquo;<\/span><\/a><\/p>\n","protected":false},"author":1,"featured_media":0,"parent":0,"menu_order":0,"comment_status":"closed","ping_status":"closed","template":"","meta":{"footnotes":""},"class_list":["post-348","page","type-page","status-publish","hentry"],"yoast_head":"<!-- This site is optimized with the Yoast SEO plugin v27.1.1 - https:\/\/yoast.com\/product\/yoast-seo-wordpress\/ -->\n<title>Quickstep - El Paso<\/title>\n<meta name=\"robots\" content=\"index, follow, max-snippet:-1, max-image-preview:large, max-video-preview:-1\" \/>\n<link rel=\"canonical\" href=\"https:\/\/www.elpasodanse.be\/wordpress\/quickstep\/\" \/>\n<meta property=\"og:locale\" content=\"fr_FR\" \/>\n<meta property=\"og:type\" content=\"article\" \/>\n<meta property=\"og:title\" content=\"Quickstep - El Paso\" \/>\n<meta property=\"og:description\" content=\"Le Quickstep, est, comme son nom l\u2019indique, une danse rapide et vive, ses pas consistent en chass\u00e9s, jet\u00e9s et petits sauts. L&rsquo;anc\u00eatre du Quickstep est le Fox-trot am\u00e9ricain. Il appara\u00eet en Angleterre et en France avec les soldats am\u00e9ricains en 1917, il est jou\u00e9 assez lentement. Dans les ann\u00e9es 1920, plusieurs orchestres acc\u00e9l\u00e8rent le rythme &hellip; Continuer la lecture de &laquo;&nbsp;Quickstep&nbsp;&raquo;\" \/>\n<meta property=\"og:url\" content=\"https:\/\/www.elpasodanse.be\/wordpress\/quickstep\/\" \/>\n<meta property=\"og:site_name\" content=\"El Paso\" \/>\n<meta property=\"article:modified_time\" content=\"2019-05-30T08:01:49+00:00\" \/>\n<meta property=\"og:image\" content=\"https:\/\/www.elpasodanse.be\/wordpress\/wp-content\/uploads\/2019\/05\/quick.jpg\" \/>\n<meta name=\"twitter:card\" content=\"summary_large_image\" \/>\n<meta name=\"twitter:label1\" content=\"Dur\u00e9e de lecture estim\u00e9e\" \/>\n\t<meta name=\"twitter:data1\" content=\"1 minute\" \/>\n<script type=\"application\/ld+json\" class=\"yoast-schema-graph\">{\"@context\":\"https:\/\/schema.org\",\"@graph\":[{\"@type\":\"WebPage\",\"@id\":\"https:\/\/www.elpasodanse.be\/wordpress\/quickstep\/\",\"url\":\"https:\/\/www.elpasodanse.be\/wordpress\/quickstep\/\",\"name\":\"Quickstep - El Paso\",\"isPartOf\":{\"@id\":\"https:\/\/www.elpasodanse.be\/wordpress\/#website\"},\"primaryImageOfPage\":{\"@id\":\"https:\/\/www.elpasodanse.be\/wordpress\/quickstep\/#primaryimage\"},\"image\":{\"@id\":\"https:\/\/www.elpasodanse.be\/wordpress\/quickstep\/#primaryimage\"},\"thumbnailUrl\":\"https:\/\/www.elpasodanse.be\/wordpress\/wp-content\/uploads\/2019\/05\/quick.jpg\",\"datePublished\":\"2019-05-28T12:49:10+00:00\",\"dateModified\":\"2019-05-30T08:01:49+00:00\",\"breadcrumb\":{\"@id\":\"https:\/\/www.elpasodanse.be\/wordpress\/quickstep\/#breadcrumb\"},\"inLanguage\":\"fr-FR\",\"potentialAction\":[{\"@type\":\"ReadAction\",\"target\":[\"https:\/\/www.elpasodanse.be\/wordpress\/quickstep\/\"]}]},{\"@type\":\"ImageObject\",\"inLanguage\":\"fr-FR\",\"@id\":\"https:\/\/www.elpasodanse.be\/wordpress\/quickstep\/#primaryimage\",\"url\":\"https:\/\/www.elpasodanse.be\/wordpress\/wp-content\/uploads\/2019\/05\/quick.jpg\",\"contentUrl\":\"https:\/\/www.elpasodanse.be\/wordpress\/wp-content\/uploads\/2019\/05\/quick.jpg\",\"width\":104,\"height\":124},{\"@type\":\"BreadcrumbList\",\"@id\":\"https:\/\/www.elpasodanse.be\/wordpress\/quickstep\/#breadcrumb\",\"itemListElement\":[{\"@type\":\"ListItem\",\"position\":1,\"name\":\"Accueil\",\"item\":\"https:\/\/www.elpasodanse.be\/wordpress\/\"},{\"@type\":\"ListItem\",\"position\":2,\"name\":\"Quickstep\"}]},{\"@type\":\"WebSite\",\"@id\":\"https:\/\/www.elpasodanse.be\/wordpress\/#website\",\"url\":\"https:\/\/www.elpasodanse.be\/wordpress\/\",\"name\":\"El Paso\",\"description\":\"Ecole de danse\",\"publisher\":{\"@id\":\"https:\/\/www.elpasodanse.be\/wordpress\/#organization\"},\"potentialAction\":[{\"@type\":\"SearchAction\",\"target\":{\"@type\":\"EntryPoint\",\"urlTemplate\":\"https:\/\/www.elpasodanse.be\/wordpress\/?s={search_term_string}\"},\"query-input\":{\"@type\":\"PropertyValueSpecification\",\"valueRequired\":true,\"valueName\":\"search_term_string\"}}],\"inLanguage\":\"fr-FR\"},{\"@type\":\"Organization\",\"@id\":\"https:\/\/www.elpasodanse.be\/wordpress\/#organization\",\"name\":\"El Paso\",\"url\":\"https:\/\/www.elpasodanse.be\/wordpress\/\",\"logo\":{\"@type\":\"ImageObject\",\"inLanguage\":\"fr-FR\",\"@id\":\"https:\/\/www.elpasodanse.be\/wordpress\/#\/schema\/logo\/image\/\",\"url\":\"https:\/\/www.elpasodanse.be\/wordpress\/wp-content\/uploads\/2019\/04\/cropped-logosite2.png\",\"contentUrl\":\"https:\/\/www.elpasodanse.be\/wordpress\/wp-content\/uploads\/2019\/04\/cropped-logosite2.png\",\"width\":180,\"height\":250,\"caption\":\"El Paso\"},\"image\":{\"@id\":\"https:\/\/www.elpasodanse.be\/wordpress\/#\/schema\/logo\/image\/\"}}]}<\/script>\n<!-- \/ Yoast SEO plugin. -->","yoast_head_json":{"title":"Quickstep - El Paso","robots":{"index":"index","follow":"follow","max-snippet":"max-snippet:-1","max-image-preview":"max-image-preview:large","max-video-preview":"max-video-preview:-1"},"canonical":"https:\/\/www.elpasodanse.be\/wordpress\/quickstep\/","og_locale":"fr_FR","og_type":"article","og_title":"Quickstep - El Paso","og_description":"Le Quickstep, est, comme son nom l\u2019indique, une danse rapide et vive, ses pas consistent en chass\u00e9s, jet\u00e9s et petits sauts. L&rsquo;anc\u00eatre du Quickstep est le Fox-trot am\u00e9ricain. Il appara\u00eet en Angleterre et en France avec les soldats am\u00e9ricains en 1917, il est jou\u00e9 assez lentement. Dans les ann\u00e9es 1920, plusieurs orchestres acc\u00e9l\u00e8rent le rythme &hellip; Continuer la lecture de &laquo;&nbsp;Quickstep&nbsp;&raquo;","og_url":"https:\/\/www.elpasodanse.be\/wordpress\/quickstep\/","og_site_name":"El Paso","article_modified_time":"2019-05-30T08:01:49+00:00","og_image":[{"url":"https:\/\/www.elpasodanse.be\/wordpress\/wp-content\/uploads\/2019\/05\/quick.jpg","type":"","width":"","height":""}],"twitter_card":"summary_large_image","twitter_misc":{"Dur\u00e9e de lecture estim\u00e9e":"1 minute"},"schema":{"@context":"https:\/\/schema.org","@graph":[{"@type":"WebPage","@id":"https:\/\/www.elpasodanse.be\/wordpress\/quickstep\/","url":"https:\/\/www.elpasodanse.be\/wordpress\/quickstep\/","name":"Quickstep - El Paso","isPartOf":{"@id":"https:\/\/www.elpasodanse.be\/wordpress\/#website"},"primaryImageOfPage":{"@id":"https:\/\/www.elpasodanse.be\/wordpress\/quickstep\/#primaryimage"},"image":{"@id":"https:\/\/www.elpasodanse.be\/wordpress\/quickstep\/#primaryimage"},"thumbnailUrl":"https:\/\/www.elpasodanse.be\/wordpress\/wp-content\/uploads\/2019\/05\/quick.jpg","datePublished":"2019-05-28T12:49:10+00:00","dateModified":"2019-05-30T08:01:49+00:00","breadcrumb":{"@id":"https:\/\/www.elpasodanse.be\/wordpress\/quickstep\/#breadcrumb"},"inLanguage":"fr-FR","potentialAction":[{"@type":"ReadAction","target":["https:\/\/www.elpasodanse.be\/wordpress\/quickstep\/"]}]},{"@type":"ImageObject","inLanguage":"fr-FR","@id":"https:\/\/www.elpasodanse.be\/wordpress\/quickstep\/#primaryimage","url":"https:\/\/www.elpasodanse.be\/wordpress\/wp-content\/uploads\/2019\/05\/quick.jpg","contentUrl":"https:\/\/www.elpasodanse.be\/wordpress\/wp-content\/uploads\/2019\/05\/quick.jpg","width":104,"height":124},{"@type":"BreadcrumbList","@id":"https:\/\/www.elpasodanse.be\/wordpress\/quickstep\/#breadcrumb","itemListElement":[{"@type":"ListItem","position":1,"name":"Accueil","item":"https:\/\/www.elpasodanse.be\/wordpress\/"},{"@type":"ListItem","position":2,"name":"Quickstep"}]},{"@type":"WebSite","@id":"https:\/\/www.elpasodanse.be\/wordpress\/#website","url":"https:\/\/www.elpasodanse.be\/wordpress\/","name":"El Paso","description":"Ecole de danse","publisher":{"@id":"https:\/\/www.elpasodanse.be\/wordpress\/#organization"},"potentialAction":[{"@type":"SearchAction","target":{"@type":"EntryPoint","urlTemplate":"https:\/\/www.elpasodanse.be\/wordpress\/?s={search_term_string}"},"query-input":{"@type":"PropertyValueSpecification","valueRequired":true,"valueName":"search_term_string"}}],"inLanguage":"fr-FR"},{"@type":"Organization","@id":"https:\/\/www.elpasodanse.be\/wordpress\/#organization","name":"El Paso","url":"https:\/\/www.elpasodanse.be\/wordpress\/","logo":{"@type":"ImageObject","inLanguage":"fr-FR","@id":"https:\/\/www.elpasodanse.be\/wordpress\/#\/schema\/logo\/image\/","url":"https:\/\/www.elpasodanse.be\/wordpress\/wp-content\/uploads\/2019\/04\/cropped-logosite2.png","contentUrl":"https:\/\/www.elpasodanse.be\/wordpress\/wp-content\/uploads\/2019\/04\/cropped-logosite2.png","width":180,"height":250,"caption":"El Paso"},"image":{"@id":"https:\/\/www.elpasodanse.be\/wordpress\/#\/schema\/logo\/image\/"}}]}},"_links":{"self":[{"href":"https:\/\/www.elpasodanse.be\/wordpress\/wp-json\/wp\/v2\/pages\/348","targetHints":{"allow":["GET"]}}],"collection":[{"href":"https:\/\/www.elpasodanse.be\/wordpress\/wp-json\/wp\/v2\/pages"}],"about":[{"href":"https:\/\/www.elpasodanse.be\/wordpress\/wp-json\/wp\/v2\/types\/page"}],"author":[{"embeddable":true,"href":"https:\/\/www.elpasodanse.be\/wordpress\/wp-json\/wp\/v2\/users\/1"}],"replies":[{"embeddable":true,"href":"https:\/\/www.elpasodanse.be\/wordpress\/wp-json\/wp\/v2\/comments?post=348"}],"version-history":[{"count":2,"href":"https:\/\/www.elpasodanse.be\/wordpress\/wp-json\/wp\/v2\/pages\/348\/revisions"}],"predecessor-version":[{"id":387,"href":"https:\/\/www.elpasodanse.be\/wordpress\/wp-json\/wp\/v2\/pages\/348\/revisions\/387"}],"wp:attachment":[{"href":"https:\/\/www.elpasodanse.be\/wordpress\/wp-json\/wp\/v2\/media?parent=348"}],"curies":[{"name":"wp","href":"https:\/\/api.w.org\/{rel}","templated":true}]}}