{"id":364,"date":"2019-05-30T08:35:34","date_gmt":"2019-05-30T06:35:34","guid":{"rendered":"https:\/\/www.elpasodanse.be\/wordpress\/?page_id=364"},"modified":"2019-05-30T10:01:03","modified_gmt":"2019-05-30T08:01:03","slug":"tango","status":"publish","type":"page","link":"https:\/\/www.elpasodanse.be\/wordpress\/tango\/","title":{"rendered":"Tango"},"content":{"rendered":"\n<figure class=\"wp-block-image\"><img loading=\"lazy\" decoding=\"async\" width=\"100\" height=\"122\" src=\"https:\/\/www.elpasodanse.be\/wordpress\/wp-content\/uploads\/2019\/05\/tango.jpg\" alt=\"\" class=\"wp-image-367\"\/><\/figure>\n\n\n\n<p>A la fois passionn\u00e9 et po\u00e9tique, tendre et brutal, r\u00e9fr\u00e9n\u00e9 et inattendu, le\u00a0<strong>Tango<\/strong> est une danse au caract\u00e8re unique.<\/p>\n\n\n\n<p>Le terme tango, \u00e0 l&rsquo;\u00e9tymologie incertaine, est originaire de la communaut\u00e9 Africaine d&rsquo;Am\u00e9rique latine, issue de l&rsquo;esclavage .<\/p>\n\n\n\n<p>Le vocable a connu divers sens au cours des si\u00e8cles, dont l&rsquo;un des tout premiers fut celui-ci: \u00ab\u00a0tango\u00a0\u00bb, endroit o\u00f9 le n\u00e9grier parquait les esclaves avant l&#8217;embarquement.<\/p>\n\n\n\n<p>Le tango, style de musique et danse, est n\u00e9 \u00e0 la fin du XIXe si\u00e8cle en Argentine, au bord du Rio de la Plata et en Uruguay.<\/p>\n\n\n\n<p>Il est dans\u00e9 dans les quartiers populaires et populeux de Buenos Aires et de Montevideo.<\/p>\n\n\n\n<p>L&rsquo;immigration europ\u00e9enne massive, surtout espagnole et italienne, apporte de nombreuses formes musicales et conduit \u00e0 d&rsquo;incomparables m\u00e9langes de tempos. La musique latino-am\u00e9ricaine (comme l&rsquo;Habanera) et les rythmes africains (Milonga, Candombe, Murga).<\/p>\n\n\n\n<p>&nbsp;La seconde naissance du tango a lieu au d\u00e9but du XXe si\u00e8cle lorsqu&rsquo;il&nbsp;traverse l&rsquo;Atlantique.<\/p>\n\n\n\n<p>Son succ\u00e8s est rapide en Europe et notamment \u00e0 Paris o\u00f9 il obtient la&nbsp;l\u00e9gitimit\u00e9 qui lui manquait en Argentine.<\/p>\n\n\n\n<p>D\u00e8s lors, son succ\u00e8s ne se d\u00e9mentira jamais. Europ\u00e9anis\u00e9, standardis\u00e9 et codifi\u00e9 par les Anglais, il entre dans les danses de comp\u00e9tition.<\/p>\n\n\n\n<p>Il s&rsquo;est peu \u00e0 peu \u00e9loign\u00e9 des principes de d\u00e9part, reposant notamment sur l&rsquo;improvisation, ce qui conduit les sp\u00e9cialistes \u00e0 distinguer le tango occidentalis\u00e9 du tango argentin, plus proche de l&rsquo;original.<\/p>\n\n\n\n<p>Il existe, au sein du tango argentin, plusieurs courants pr\u00e9sentant de notables diff\u00e9rences.<\/p>\n","protected":false},"excerpt":{"rendered":"<p>A la fois passionn\u00e9 et po\u00e9tique, tendre et brutal, r\u00e9fr\u00e9n\u00e9 et inattendu, le\u00a0Tango est une danse au caract\u00e8re unique. Le terme tango, \u00e0 l&rsquo;\u00e9tymologie incertaine, est originaire de la communaut\u00e9 Africaine d&rsquo;Am\u00e9rique latine, issue de l&rsquo;esclavage . Le vocable a connu divers sens au cours des si\u00e8cles, dont l&rsquo;un des tout premiers fut celui-ci: \u00ab\u00a0tango\u00a0\u00bb, &hellip; <\/p>\n<p class=\"link-more\"><a href=\"https:\/\/www.elpasodanse.be\/wordpress\/tango\/\" class=\"more-link\">Continuer la lecture<span class=\"screen-reader-text\"> de &laquo;&nbsp;Tango&nbsp;&raquo;<\/span><\/a><\/p>\n","protected":false},"author":1,"featured_media":0,"parent":0,"menu_order":0,"comment_status":"closed","ping_status":"closed","template":"","meta":{"footnotes":""},"class_list":["post-364","page","type-page","status-publish","hentry"],"yoast_head":"<!-- This site is optimized with the Yoast SEO plugin v27.1.1 - https:\/\/yoast.com\/product\/yoast-seo-wordpress\/ -->\n<title>Tango - El Paso<\/title>\n<meta name=\"robots\" content=\"index, follow, max-snippet:-1, max-image-preview:large, max-video-preview:-1\" \/>\n<link rel=\"canonical\" href=\"https:\/\/www.elpasodanse.be\/wordpress\/tango\/\" \/>\n<meta property=\"og:locale\" content=\"fr_FR\" \/>\n<meta property=\"og:type\" content=\"article\" \/>\n<meta property=\"og:title\" content=\"Tango - El Paso\" \/>\n<meta property=\"og:description\" content=\"A la fois passionn\u00e9 et po\u00e9tique, tendre et brutal, r\u00e9fr\u00e9n\u00e9 et inattendu, le\u00a0Tango est une danse au caract\u00e8re unique. Le terme tango, \u00e0 l&rsquo;\u00e9tymologie incertaine, est originaire de la communaut\u00e9 Africaine d&rsquo;Am\u00e9rique latine, issue de l&rsquo;esclavage . Le vocable a connu divers sens au cours des si\u00e8cles, dont l&rsquo;un des tout premiers fut celui-ci: \u00ab\u00a0tango\u00a0\u00bb, &hellip; Continuer la lecture de &laquo;&nbsp;Tango&nbsp;&raquo;\" \/>\n<meta property=\"og:url\" content=\"https:\/\/www.elpasodanse.be\/wordpress\/tango\/\" \/>\n<meta property=\"og:site_name\" content=\"El Paso\" \/>\n<meta property=\"article:modified_time\" content=\"2019-05-30T08:01:03+00:00\" \/>\n<meta property=\"og:image\" content=\"https:\/\/www.elpasodanse.be\/wordpress\/wp-content\/uploads\/2019\/05\/tango.jpg\" \/>\n<meta name=\"twitter:card\" content=\"summary_large_image\" \/>\n<meta name=\"twitter:label1\" content=\"Dur\u00e9e de lecture estim\u00e9e\" \/>\n\t<meta name=\"twitter:data1\" content=\"1 minute\" \/>\n<script type=\"application\/ld+json\" class=\"yoast-schema-graph\">{\"@context\":\"https:\/\/schema.org\",\"@graph\":[{\"@type\":\"WebPage\",\"@id\":\"https:\/\/www.elpasodanse.be\/wordpress\/tango\/\",\"url\":\"https:\/\/www.elpasodanse.be\/wordpress\/tango\/\",\"name\":\"Tango - El Paso\",\"isPartOf\":{\"@id\":\"https:\/\/www.elpasodanse.be\/wordpress\/#website\"},\"primaryImageOfPage\":{\"@id\":\"https:\/\/www.elpasodanse.be\/wordpress\/tango\/#primaryimage\"},\"image\":{\"@id\":\"https:\/\/www.elpasodanse.be\/wordpress\/tango\/#primaryimage\"},\"thumbnailUrl\":\"https:\/\/www.elpasodanse.be\/wordpress\/wp-content\/uploads\/2019\/05\/tango.jpg\",\"datePublished\":\"2019-05-30T06:35:34+00:00\",\"dateModified\":\"2019-05-30T08:01:03+00:00\",\"breadcrumb\":{\"@id\":\"https:\/\/www.elpasodanse.be\/wordpress\/tango\/#breadcrumb\"},\"inLanguage\":\"fr-FR\",\"potentialAction\":[{\"@type\":\"ReadAction\",\"target\":[\"https:\/\/www.elpasodanse.be\/wordpress\/tango\/\"]}]},{\"@type\":\"ImageObject\",\"inLanguage\":\"fr-FR\",\"@id\":\"https:\/\/www.elpasodanse.be\/wordpress\/tango\/#primaryimage\",\"url\":\"https:\/\/www.elpasodanse.be\/wordpress\/wp-content\/uploads\/2019\/05\/tango.jpg\",\"contentUrl\":\"https:\/\/www.elpasodanse.be\/wordpress\/wp-content\/uploads\/2019\/05\/tango.jpg\",\"width\":100,\"height\":122},{\"@type\":\"BreadcrumbList\",\"@id\":\"https:\/\/www.elpasodanse.be\/wordpress\/tango\/#breadcrumb\",\"itemListElement\":[{\"@type\":\"ListItem\",\"position\":1,\"name\":\"Accueil\",\"item\":\"https:\/\/www.elpasodanse.be\/wordpress\/\"},{\"@type\":\"ListItem\",\"position\":2,\"name\":\"Tango\"}]},{\"@type\":\"WebSite\",\"@id\":\"https:\/\/www.elpasodanse.be\/wordpress\/#website\",\"url\":\"https:\/\/www.elpasodanse.be\/wordpress\/\",\"name\":\"El Paso\",\"description\":\"Ecole de danse\",\"publisher\":{\"@id\":\"https:\/\/www.elpasodanse.be\/wordpress\/#organization\"},\"potentialAction\":[{\"@type\":\"SearchAction\",\"target\":{\"@type\":\"EntryPoint\",\"urlTemplate\":\"https:\/\/www.elpasodanse.be\/wordpress\/?s={search_term_string}\"},\"query-input\":{\"@type\":\"PropertyValueSpecification\",\"valueRequired\":true,\"valueName\":\"search_term_string\"}}],\"inLanguage\":\"fr-FR\"},{\"@type\":\"Organization\",\"@id\":\"https:\/\/www.elpasodanse.be\/wordpress\/#organization\",\"name\":\"El Paso\",\"url\":\"https:\/\/www.elpasodanse.be\/wordpress\/\",\"logo\":{\"@type\":\"ImageObject\",\"inLanguage\":\"fr-FR\",\"@id\":\"https:\/\/www.elpasodanse.be\/wordpress\/#\/schema\/logo\/image\/\",\"url\":\"https:\/\/www.elpasodanse.be\/wordpress\/wp-content\/uploads\/2019\/04\/cropped-logosite2.png\",\"contentUrl\":\"https:\/\/www.elpasodanse.be\/wordpress\/wp-content\/uploads\/2019\/04\/cropped-logosite2.png\",\"width\":180,\"height\":250,\"caption\":\"El Paso\"},\"image\":{\"@id\":\"https:\/\/www.elpasodanse.be\/wordpress\/#\/schema\/logo\/image\/\"}}]}<\/script>\n<!-- \/ Yoast SEO plugin. -->","yoast_head_json":{"title":"Tango - El Paso","robots":{"index":"index","follow":"follow","max-snippet":"max-snippet:-1","max-image-preview":"max-image-preview:large","max-video-preview":"max-video-preview:-1"},"canonical":"https:\/\/www.elpasodanse.be\/wordpress\/tango\/","og_locale":"fr_FR","og_type":"article","og_title":"Tango - El Paso","og_description":"A la fois passionn\u00e9 et po\u00e9tique, tendre et brutal, r\u00e9fr\u00e9n\u00e9 et inattendu, le\u00a0Tango est une danse au caract\u00e8re unique. Le terme tango, \u00e0 l&rsquo;\u00e9tymologie incertaine, est originaire de la communaut\u00e9 Africaine d&rsquo;Am\u00e9rique latine, issue de l&rsquo;esclavage . Le vocable a connu divers sens au cours des si\u00e8cles, dont l&rsquo;un des tout premiers fut celui-ci: \u00ab\u00a0tango\u00a0\u00bb, &hellip; Continuer la lecture de &laquo;&nbsp;Tango&nbsp;&raquo;","og_url":"https:\/\/www.elpasodanse.be\/wordpress\/tango\/","og_site_name":"El Paso","article_modified_time":"2019-05-30T08:01:03+00:00","og_image":[{"url":"https:\/\/www.elpasodanse.be\/wordpress\/wp-content\/uploads\/2019\/05\/tango.jpg","type":"","width":"","height":""}],"twitter_card":"summary_large_image","twitter_misc":{"Dur\u00e9e de lecture estim\u00e9e":"1 minute"},"schema":{"@context":"https:\/\/schema.org","@graph":[{"@type":"WebPage","@id":"https:\/\/www.elpasodanse.be\/wordpress\/tango\/","url":"https:\/\/www.elpasodanse.be\/wordpress\/tango\/","name":"Tango - El Paso","isPartOf":{"@id":"https:\/\/www.elpasodanse.be\/wordpress\/#website"},"primaryImageOfPage":{"@id":"https:\/\/www.elpasodanse.be\/wordpress\/tango\/#primaryimage"},"image":{"@id":"https:\/\/www.elpasodanse.be\/wordpress\/tango\/#primaryimage"},"thumbnailUrl":"https:\/\/www.elpasodanse.be\/wordpress\/wp-content\/uploads\/2019\/05\/tango.jpg","datePublished":"2019-05-30T06:35:34+00:00","dateModified":"2019-05-30T08:01:03+00:00","breadcrumb":{"@id":"https:\/\/www.elpasodanse.be\/wordpress\/tango\/#breadcrumb"},"inLanguage":"fr-FR","potentialAction":[{"@type":"ReadAction","target":["https:\/\/www.elpasodanse.be\/wordpress\/tango\/"]}]},{"@type":"ImageObject","inLanguage":"fr-FR","@id":"https:\/\/www.elpasodanse.be\/wordpress\/tango\/#primaryimage","url":"https:\/\/www.elpasodanse.be\/wordpress\/wp-content\/uploads\/2019\/05\/tango.jpg","contentUrl":"https:\/\/www.elpasodanse.be\/wordpress\/wp-content\/uploads\/2019\/05\/tango.jpg","width":100,"height":122},{"@type":"BreadcrumbList","@id":"https:\/\/www.elpasodanse.be\/wordpress\/tango\/#breadcrumb","itemListElement":[{"@type":"ListItem","position":1,"name":"Accueil","item":"https:\/\/www.elpasodanse.be\/wordpress\/"},{"@type":"ListItem","position":2,"name":"Tango"}]},{"@type":"WebSite","@id":"https:\/\/www.elpasodanse.be\/wordpress\/#website","url":"https:\/\/www.elpasodanse.be\/wordpress\/","name":"El Paso","description":"Ecole de danse","publisher":{"@id":"https:\/\/www.elpasodanse.be\/wordpress\/#organization"},"potentialAction":[{"@type":"SearchAction","target":{"@type":"EntryPoint","urlTemplate":"https:\/\/www.elpasodanse.be\/wordpress\/?s={search_term_string}"},"query-input":{"@type":"PropertyValueSpecification","valueRequired":true,"valueName":"search_term_string"}}],"inLanguage":"fr-FR"},{"@type":"Organization","@id":"https:\/\/www.elpasodanse.be\/wordpress\/#organization","name":"El Paso","url":"https:\/\/www.elpasodanse.be\/wordpress\/","logo":{"@type":"ImageObject","inLanguage":"fr-FR","@id":"https:\/\/www.elpasodanse.be\/wordpress\/#\/schema\/logo\/image\/","url":"https:\/\/www.elpasodanse.be\/wordpress\/wp-content\/uploads\/2019\/04\/cropped-logosite2.png","contentUrl":"https:\/\/www.elpasodanse.be\/wordpress\/wp-content\/uploads\/2019\/04\/cropped-logosite2.png","width":180,"height":250,"caption":"El Paso"},"image":{"@id":"https:\/\/www.elpasodanse.be\/wordpress\/#\/schema\/logo\/image\/"}}]}},"_links":{"self":[{"href":"https:\/\/www.elpasodanse.be\/wordpress\/wp-json\/wp\/v2\/pages\/364","targetHints":{"allow":["GET"]}}],"collection":[{"href":"https:\/\/www.elpasodanse.be\/wordpress\/wp-json\/wp\/v2\/pages"}],"about":[{"href":"https:\/\/www.elpasodanse.be\/wordpress\/wp-json\/wp\/v2\/types\/page"}],"author":[{"embeddable":true,"href":"https:\/\/www.elpasodanse.be\/wordpress\/wp-json\/wp\/v2\/users\/1"}],"replies":[{"embeddable":true,"href":"https:\/\/www.elpasodanse.be\/wordpress\/wp-json\/wp\/v2\/comments?post=364"}],"version-history":[{"count":4,"href":"https:\/\/www.elpasodanse.be\/wordpress\/wp-json\/wp\/v2\/pages\/364\/revisions"}],"predecessor-version":[{"id":385,"href":"https:\/\/www.elpasodanse.be\/wordpress\/wp-json\/wp\/v2\/pages\/364\/revisions\/385"}],"wp:attachment":[{"href":"https:\/\/www.elpasodanse.be\/wordpress\/wp-json\/wp\/v2\/media?parent=364"}],"curies":[{"name":"wp","href":"https:\/\/api.w.org\/{rel}","templated":true}]}}