{"id":369,"date":"2019-05-30T08:44:08","date_gmt":"2019-05-30T06:44:08","guid":{"rendered":"https:\/\/www.elpasodanse.be\/wordpress\/?page_id=369"},"modified":"2019-05-30T10:00:29","modified_gmt":"2019-05-30T08:00:29","slug":"valse-anglaise","status":"publish","type":"page","link":"https:\/\/www.elpasodanse.be\/wordpress\/valse-anglaise\/","title":{"rendered":"Valse anglaise"},"content":{"rendered":"\n<figure class=\"wp-block-image\"><img loading=\"lazy\" decoding=\"async\" width=\"98\" height=\"120\" src=\"https:\/\/www.elpasodanse.be\/wordpress\/wp-content\/uploads\/2019\/05\/valse-anglaise.jpg\" alt=\"\" class=\"wp-image-371\"\/><\/figure>\n\n\n\n<p>Forme de valse apparue au d\u00e9but du XIXe si\u00e8cle, elle n&rsquo;\u00e9tait qu&rsquo;une simple \u00e9volution, plus lente, de la Valse Viennoise classique.<\/p>\n\n\n\n<p>La <strong>Valse Anglaise<\/strong>, est la forme moderne de l&rsquo;ancien \u00ab Boston \u00bb, import\u00e9 en Europe par la colonie am\u00e9ricaine d\u00e8s 1867.<\/p>\n\n\n\n<p>Le Boston a un immense impact aupr\u00e8s du grand public. En 1912, le nom du club de danseurs londoniens \u00ab The Keen Dance Society \u00bb est chang\u00e9 en \u00ab Boston club \u00bb.<\/p>\n\n\n\n<p>Si le boston est toujours pratiqu\u00e9 outre-Atlantique, l&rsquo;Europe lui a donn\u00e9 un nouveau visage.<\/p>\n\n\n\n<p>C&rsquo;est entre 1920 et 1930 qu&rsquo;un groupe de professionnels britanniques d\u00e9veloppe, entre autres, la Valse Anglaise pour en faire une danse sportive.<\/p>\n\n\n\n<p>Elle acquiert douceur, tendresse et po\u00e9sie qualit\u00e9s qui donnent aux danseurs cette \u00e9l\u00e9gance particuli\u00e8re.<\/p>\n","protected":false},"excerpt":{"rendered":"<p>Forme de valse apparue au d\u00e9but du XIXe si\u00e8cle, elle n&rsquo;\u00e9tait qu&rsquo;une simple \u00e9volution, plus lente, de la Valse Viennoise classique. La Valse Anglaise, est la forme moderne de l&rsquo;ancien \u00ab Boston \u00bb, import\u00e9 en Europe par la colonie am\u00e9ricaine d\u00e8s 1867. Le Boston a un immense impact aupr\u00e8s du grand public. En 1912, le &hellip; <\/p>\n<p class=\"link-more\"><a href=\"https:\/\/www.elpasodanse.be\/wordpress\/valse-anglaise\/\" class=\"more-link\">Continuer la lecture<span class=\"screen-reader-text\"> de &laquo;&nbsp;Valse anglaise&nbsp;&raquo;<\/span><\/a><\/p>\n","protected":false},"author":1,"featured_media":0,"parent":0,"menu_order":0,"comment_status":"closed","ping_status":"closed","template":"","meta":{"footnotes":""},"class_list":["post-369","page","type-page","status-publish","hentry"],"yoast_head":"<!-- This site is optimized with the Yoast SEO plugin v27.1.1 - https:\/\/yoast.com\/product\/yoast-seo-wordpress\/ -->\n<title>Valse anglaise - El Paso<\/title>\n<meta name=\"robots\" content=\"index, follow, max-snippet:-1, max-image-preview:large, max-video-preview:-1\" \/>\n<link rel=\"canonical\" href=\"https:\/\/www.elpasodanse.be\/wordpress\/valse-anglaise\/\" \/>\n<meta property=\"og:locale\" content=\"fr_FR\" \/>\n<meta property=\"og:type\" content=\"article\" \/>\n<meta property=\"og:title\" content=\"Valse anglaise - El Paso\" \/>\n<meta property=\"og:description\" content=\"Forme de valse apparue au d\u00e9but du XIXe si\u00e8cle, elle n&rsquo;\u00e9tait qu&rsquo;une simple \u00e9volution, plus lente, de la Valse Viennoise classique. La Valse Anglaise, est la forme moderne de l&rsquo;ancien \u00ab Boston \u00bb, import\u00e9 en Europe par la colonie am\u00e9ricaine d\u00e8s 1867. Le Boston a un immense impact aupr\u00e8s du grand public. En 1912, le &hellip; Continuer la lecture de &laquo;&nbsp;Valse anglaise&nbsp;&raquo;\" \/>\n<meta property=\"og:url\" content=\"https:\/\/www.elpasodanse.be\/wordpress\/valse-anglaise\/\" \/>\n<meta property=\"og:site_name\" content=\"El Paso\" \/>\n<meta property=\"article:modified_time\" content=\"2019-05-30T08:00:29+00:00\" \/>\n<meta property=\"og:image\" content=\"https:\/\/www.elpasodanse.be\/wordpress\/wp-content\/uploads\/2019\/05\/valse-anglaise.jpg\" \/>\n<meta name=\"twitter:card\" content=\"summary_large_image\" \/>\n<meta name=\"twitter:label1\" content=\"Dur\u00e9e de lecture estim\u00e9e\" \/>\n\t<meta name=\"twitter:data1\" content=\"1 minute\" \/>\n<script type=\"application\/ld+json\" class=\"yoast-schema-graph\">{\"@context\":\"https:\/\/schema.org\",\"@graph\":[{\"@type\":\"WebPage\",\"@id\":\"https:\/\/www.elpasodanse.be\/wordpress\/valse-anglaise\/\",\"url\":\"https:\/\/www.elpasodanse.be\/wordpress\/valse-anglaise\/\",\"name\":\"Valse anglaise - El Paso\",\"isPartOf\":{\"@id\":\"https:\/\/www.elpasodanse.be\/wordpress\/#website\"},\"primaryImageOfPage\":{\"@id\":\"https:\/\/www.elpasodanse.be\/wordpress\/valse-anglaise\/#primaryimage\"},\"image\":{\"@id\":\"https:\/\/www.elpasodanse.be\/wordpress\/valse-anglaise\/#primaryimage\"},\"thumbnailUrl\":\"https:\/\/www.elpasodanse.be\/wordpress\/wp-content\/uploads\/2019\/05\/valse-anglaise.jpg\",\"datePublished\":\"2019-05-30T06:44:08+00:00\",\"dateModified\":\"2019-05-30T08:00:29+00:00\",\"breadcrumb\":{\"@id\":\"https:\/\/www.elpasodanse.be\/wordpress\/valse-anglaise\/#breadcrumb\"},\"inLanguage\":\"fr-FR\",\"potentialAction\":[{\"@type\":\"ReadAction\",\"target\":[\"https:\/\/www.elpasodanse.be\/wordpress\/valse-anglaise\/\"]}]},{\"@type\":\"ImageObject\",\"inLanguage\":\"fr-FR\",\"@id\":\"https:\/\/www.elpasodanse.be\/wordpress\/valse-anglaise\/#primaryimage\",\"url\":\"https:\/\/www.elpasodanse.be\/wordpress\/wp-content\/uploads\/2019\/05\/valse-anglaise.jpg\",\"contentUrl\":\"https:\/\/www.elpasodanse.be\/wordpress\/wp-content\/uploads\/2019\/05\/valse-anglaise.jpg\",\"width\":98,\"height\":120},{\"@type\":\"BreadcrumbList\",\"@id\":\"https:\/\/www.elpasodanse.be\/wordpress\/valse-anglaise\/#breadcrumb\",\"itemListElement\":[{\"@type\":\"ListItem\",\"position\":1,\"name\":\"Accueil\",\"item\":\"https:\/\/www.elpasodanse.be\/wordpress\/\"},{\"@type\":\"ListItem\",\"position\":2,\"name\":\"Valse anglaise\"}]},{\"@type\":\"WebSite\",\"@id\":\"https:\/\/www.elpasodanse.be\/wordpress\/#website\",\"url\":\"https:\/\/www.elpasodanse.be\/wordpress\/\",\"name\":\"El Paso\",\"description\":\"Ecole de danse\",\"publisher\":{\"@id\":\"https:\/\/www.elpasodanse.be\/wordpress\/#organization\"},\"potentialAction\":[{\"@type\":\"SearchAction\",\"target\":{\"@type\":\"EntryPoint\",\"urlTemplate\":\"https:\/\/www.elpasodanse.be\/wordpress\/?s={search_term_string}\"},\"query-input\":{\"@type\":\"PropertyValueSpecification\",\"valueRequired\":true,\"valueName\":\"search_term_string\"}}],\"inLanguage\":\"fr-FR\"},{\"@type\":\"Organization\",\"@id\":\"https:\/\/www.elpasodanse.be\/wordpress\/#organization\",\"name\":\"El Paso\",\"url\":\"https:\/\/www.elpasodanse.be\/wordpress\/\",\"logo\":{\"@type\":\"ImageObject\",\"inLanguage\":\"fr-FR\",\"@id\":\"https:\/\/www.elpasodanse.be\/wordpress\/#\/schema\/logo\/image\/\",\"url\":\"https:\/\/www.elpasodanse.be\/wordpress\/wp-content\/uploads\/2019\/04\/cropped-logosite2.png\",\"contentUrl\":\"https:\/\/www.elpasodanse.be\/wordpress\/wp-content\/uploads\/2019\/04\/cropped-logosite2.png\",\"width\":180,\"height\":250,\"caption\":\"El Paso\"},\"image\":{\"@id\":\"https:\/\/www.elpasodanse.be\/wordpress\/#\/schema\/logo\/image\/\"}}]}<\/script>\n<!-- \/ Yoast SEO plugin. -->","yoast_head_json":{"title":"Valse anglaise - El Paso","robots":{"index":"index","follow":"follow","max-snippet":"max-snippet:-1","max-image-preview":"max-image-preview:large","max-video-preview":"max-video-preview:-1"},"canonical":"https:\/\/www.elpasodanse.be\/wordpress\/valse-anglaise\/","og_locale":"fr_FR","og_type":"article","og_title":"Valse anglaise - El Paso","og_description":"Forme de valse apparue au d\u00e9but du XIXe si\u00e8cle, elle n&rsquo;\u00e9tait qu&rsquo;une simple \u00e9volution, plus lente, de la Valse Viennoise classique. La Valse Anglaise, est la forme moderne de l&rsquo;ancien \u00ab Boston \u00bb, import\u00e9 en Europe par la colonie am\u00e9ricaine d\u00e8s 1867. Le Boston a un immense impact aupr\u00e8s du grand public. En 1912, le &hellip; Continuer la lecture de &laquo;&nbsp;Valse anglaise&nbsp;&raquo;","og_url":"https:\/\/www.elpasodanse.be\/wordpress\/valse-anglaise\/","og_site_name":"El Paso","article_modified_time":"2019-05-30T08:00:29+00:00","og_image":[{"url":"https:\/\/www.elpasodanse.be\/wordpress\/wp-content\/uploads\/2019\/05\/valse-anglaise.jpg","type":"","width":"","height":""}],"twitter_card":"summary_large_image","twitter_misc":{"Dur\u00e9e de lecture estim\u00e9e":"1 minute"},"schema":{"@context":"https:\/\/schema.org","@graph":[{"@type":"WebPage","@id":"https:\/\/www.elpasodanse.be\/wordpress\/valse-anglaise\/","url":"https:\/\/www.elpasodanse.be\/wordpress\/valse-anglaise\/","name":"Valse anglaise - El Paso","isPartOf":{"@id":"https:\/\/www.elpasodanse.be\/wordpress\/#website"},"primaryImageOfPage":{"@id":"https:\/\/www.elpasodanse.be\/wordpress\/valse-anglaise\/#primaryimage"},"image":{"@id":"https:\/\/www.elpasodanse.be\/wordpress\/valse-anglaise\/#primaryimage"},"thumbnailUrl":"https:\/\/www.elpasodanse.be\/wordpress\/wp-content\/uploads\/2019\/05\/valse-anglaise.jpg","datePublished":"2019-05-30T06:44:08+00:00","dateModified":"2019-05-30T08:00:29+00:00","breadcrumb":{"@id":"https:\/\/www.elpasodanse.be\/wordpress\/valse-anglaise\/#breadcrumb"},"inLanguage":"fr-FR","potentialAction":[{"@type":"ReadAction","target":["https:\/\/www.elpasodanse.be\/wordpress\/valse-anglaise\/"]}]},{"@type":"ImageObject","inLanguage":"fr-FR","@id":"https:\/\/www.elpasodanse.be\/wordpress\/valse-anglaise\/#primaryimage","url":"https:\/\/www.elpasodanse.be\/wordpress\/wp-content\/uploads\/2019\/05\/valse-anglaise.jpg","contentUrl":"https:\/\/www.elpasodanse.be\/wordpress\/wp-content\/uploads\/2019\/05\/valse-anglaise.jpg","width":98,"height":120},{"@type":"BreadcrumbList","@id":"https:\/\/www.elpasodanse.be\/wordpress\/valse-anglaise\/#breadcrumb","itemListElement":[{"@type":"ListItem","position":1,"name":"Accueil","item":"https:\/\/www.elpasodanse.be\/wordpress\/"},{"@type":"ListItem","position":2,"name":"Valse anglaise"}]},{"@type":"WebSite","@id":"https:\/\/www.elpasodanse.be\/wordpress\/#website","url":"https:\/\/www.elpasodanse.be\/wordpress\/","name":"El Paso","description":"Ecole de danse","publisher":{"@id":"https:\/\/www.elpasodanse.be\/wordpress\/#organization"},"potentialAction":[{"@type":"SearchAction","target":{"@type":"EntryPoint","urlTemplate":"https:\/\/www.elpasodanse.be\/wordpress\/?s={search_term_string}"},"query-input":{"@type":"PropertyValueSpecification","valueRequired":true,"valueName":"search_term_string"}}],"inLanguage":"fr-FR"},{"@type":"Organization","@id":"https:\/\/www.elpasodanse.be\/wordpress\/#organization","name":"El Paso","url":"https:\/\/www.elpasodanse.be\/wordpress\/","logo":{"@type":"ImageObject","inLanguage":"fr-FR","@id":"https:\/\/www.elpasodanse.be\/wordpress\/#\/schema\/logo\/image\/","url":"https:\/\/www.elpasodanse.be\/wordpress\/wp-content\/uploads\/2019\/04\/cropped-logosite2.png","contentUrl":"https:\/\/www.elpasodanse.be\/wordpress\/wp-content\/uploads\/2019\/04\/cropped-logosite2.png","width":180,"height":250,"caption":"El Paso"},"image":{"@id":"https:\/\/www.elpasodanse.be\/wordpress\/#\/schema\/logo\/image\/"}}]}},"_links":{"self":[{"href":"https:\/\/www.elpasodanse.be\/wordpress\/wp-json\/wp\/v2\/pages\/369","targetHints":{"allow":["GET"]}}],"collection":[{"href":"https:\/\/www.elpasodanse.be\/wordpress\/wp-json\/wp\/v2\/pages"}],"about":[{"href":"https:\/\/www.elpasodanse.be\/wordpress\/wp-json\/wp\/v2\/types\/page"}],"author":[{"embeddable":true,"href":"https:\/\/www.elpasodanse.be\/wordpress\/wp-json\/wp\/v2\/users\/1"}],"replies":[{"embeddable":true,"href":"https:\/\/www.elpasodanse.be\/wordpress\/wp-json\/wp\/v2\/comments?post=369"}],"version-history":[{"count":3,"href":"https:\/\/www.elpasodanse.be\/wordpress\/wp-json\/wp\/v2\/pages\/369\/revisions"}],"predecessor-version":[{"id":384,"href":"https:\/\/www.elpasodanse.be\/wordpress\/wp-json\/wp\/v2\/pages\/369\/revisions\/384"}],"wp:attachment":[{"href":"https:\/\/www.elpasodanse.be\/wordpress\/wp-json\/wp\/v2\/media?parent=369"}],"curies":[{"name":"wp","href":"https:\/\/api.w.org\/{rel}","templated":true}]}}