{"id":393,"date":"2019-05-30T17:50:30","date_gmt":"2019-05-30T15:50:30","guid":{"rendered":"https:\/\/www.elpasodanse.be\/wordpress\/?page_id=393"},"modified":"2019-05-30T17:50:31","modified_gmt":"2019-05-30T15:50:31","slug":"disco-rock","status":"publish","type":"page","link":"https:\/\/www.elpasodanse.be\/wordpress\/disco-rock\/","title":{"rendered":"Disco Rock"},"content":{"rendered":"\n<figure class=\"wp-block-image\"><img loading=\"lazy\" decoding=\"async\" width=\"119\" height=\"120\" src=\"https:\/\/www.elpasodanse.be\/wordpress\/wp-content\/uploads\/2019\/05\/disco.jpg\" alt=\"\" class=\"wp-image-392\" srcset=\"https:\/\/www.elpasodanse.be\/wordpress\/wp-content\/uploads\/2019\/05\/disco.jpg 119w, https:\/\/www.elpasodanse.be\/wordpress\/wp-content\/uploads\/2019\/05\/disco-100x100.jpg 100w\" sizes=\"auto, (max-width: 119px) 100vw, 119px\" \/><\/figure>\n\n\n\n<p>Le <strong>Disco Rock<\/strong> ou Rock 4 temps, se danse sur des musiques des ann\u00e9es\u00a0\u00ab\u00a0disco\u00a0\u00bb \u00e0 nos jours.<\/p>\n\n\n\n<p>C\u2019est un genre musical apparu au milieu des ann\u00e9es 1970 et qui s&rsquo;est d\u00e9velopp\u00e9 jusqu&rsquo;au milieu des ann\u00e9es 1980.<\/p>\n\n\n\n<p>Pour le grand public, le disco s&rsquo;incarne en 1977 dans le film de John Badham \u00ab\u00a0Saturday Night Fever\u00a0\u00bb dont la bande originale comprend des chansons des Bee Gees.<\/p>\n\n\n\n<p>La musique disco est le r\u00e9sultat de l&rsquo;ajout de synth\u00e9tiseurs au funk, \u00e0 la soul et au pop.<\/p>\n\n\n\n<p>Le rock \u00e0 quatre temps se pratique aujourd&rsquo;hui essentiellement en France, en Belgique, en Angleterre et un peu aux \u00c9tats-Unis. Il s\u2019agit de pays o\u00f9 l&rsquo;on peut trouver des clubs d\u00e9di\u00e9s \u00e0 cette danse. On le retrouve en rallye (club de danseurs et danseuses g\u00e9n\u00e9ralement entre 15 et 18 ans d&rsquo;un m\u00eame milieu social souvent plut\u00f4t ais\u00e9), dans les soir\u00e9es des grandes \u00e9coles mais \u00e9galement et c&rsquo;est r\u00e9cent chez les jeunes professionnels voire les professionnels en g\u00e9n\u00e9ral.<\/p>\n\n\n\n<p>Les temps sont marqu\u00e9s par les mouvements de bras. La rythmique est donn\u00e9e par les bras un, deux, trois et quatre.<\/p>\n\n\n\n<p>Dans\u00e9 par un danseur d\u00e9butant ou interm\u00e9diaire, il peut sembler saccad\u00e9 ou statique du fait d&rsquo;une rythmique des bras approximative. Mais dans\u00e9 par un danseur plus exp\u00e9riment\u00e9, les mouvements sont fluides et rapides. Il existe donc dans les pas une certaine chor\u00e9graphie impos\u00e9e par les passes elles-m\u00eames.<\/p>\n\n\n\n<p>Le rock \u00e0 quatre temps se danse tant sur du rock traditionnel que sur de la musique actuelle, m\u00eame si les puristes pr\u00e9f\u00e8rent le rock des ann\u00e9es 50\/60. Il peut \u00eatre mis dans cette danse de couple des ajouts de rock acrobatique.<\/p>\n","protected":false},"excerpt":{"rendered":"<p>Le Disco Rock ou Rock 4 temps, se danse sur des musiques des ann\u00e9es\u00a0\u00ab\u00a0disco\u00a0\u00bb \u00e0 nos jours. C\u2019est un genre musical apparu au milieu des ann\u00e9es 1970 et qui s&rsquo;est d\u00e9velopp\u00e9 jusqu&rsquo;au milieu des ann\u00e9es 1980. Pour le grand public, le disco s&rsquo;incarne en 1977 dans le film de John Badham \u00ab\u00a0Saturday Night Fever\u00a0\u00bb dont &hellip; <\/p>\n<p class=\"link-more\"><a href=\"https:\/\/www.elpasodanse.be\/wordpress\/disco-rock\/\" class=\"more-link\">Continuer la lecture<span class=\"screen-reader-text\"> de &laquo;&nbsp;Disco Rock&nbsp;&raquo;<\/span><\/a><\/p>\n","protected":false},"author":1,"featured_media":0,"parent":0,"menu_order":0,"comment_status":"closed","ping_status":"closed","template":"","meta":{"footnotes":""},"class_list":["post-393","page","type-page","status-publish","hentry"],"yoast_head":"<!-- This site is optimized with the Yoast SEO plugin v27.1.1 - https:\/\/yoast.com\/product\/yoast-seo-wordpress\/ -->\n<title>Disco Rock - El Paso<\/title>\n<meta name=\"robots\" content=\"index, follow, max-snippet:-1, max-image-preview:large, max-video-preview:-1\" \/>\n<link rel=\"canonical\" href=\"https:\/\/www.elpasodanse.be\/wordpress\/disco-rock\/\" \/>\n<meta property=\"og:locale\" content=\"fr_FR\" \/>\n<meta property=\"og:type\" content=\"article\" \/>\n<meta property=\"og:title\" content=\"Disco Rock - El Paso\" \/>\n<meta property=\"og:description\" content=\"Le Disco Rock ou Rock 4 temps, se danse sur des musiques des ann\u00e9es\u00a0\u00ab\u00a0disco\u00a0\u00bb \u00e0 nos jours. C\u2019est un genre musical apparu au milieu des ann\u00e9es 1970 et qui s&rsquo;est d\u00e9velopp\u00e9 jusqu&rsquo;au milieu des ann\u00e9es 1980. Pour le grand public, le disco s&rsquo;incarne en 1977 dans le film de John Badham \u00ab\u00a0Saturday Night Fever\u00a0\u00bb dont &hellip; Continuer la lecture de &laquo;&nbsp;Disco Rock&nbsp;&raquo;\" \/>\n<meta property=\"og:url\" content=\"https:\/\/www.elpasodanse.be\/wordpress\/disco-rock\/\" \/>\n<meta property=\"og:site_name\" content=\"El Paso\" \/>\n<meta property=\"article:modified_time\" content=\"2019-05-30T15:50:31+00:00\" \/>\n<meta property=\"og:image\" content=\"https:\/\/www.elpasodanse.be\/wordpress\/wp-content\/uploads\/2019\/05\/disco.jpg\" \/>\n<meta name=\"twitter:card\" content=\"summary_large_image\" \/>\n<meta name=\"twitter:label1\" content=\"Dur\u00e9e de lecture estim\u00e9e\" \/>\n\t<meta name=\"twitter:data1\" content=\"1 minute\" \/>\n<script type=\"application\/ld+json\" class=\"yoast-schema-graph\">{\"@context\":\"https:\/\/schema.org\",\"@graph\":[{\"@type\":\"WebPage\",\"@id\":\"https:\/\/www.elpasodanse.be\/wordpress\/disco-rock\/\",\"url\":\"https:\/\/www.elpasodanse.be\/wordpress\/disco-rock\/\",\"name\":\"Disco Rock - El Paso\",\"isPartOf\":{\"@id\":\"https:\/\/www.elpasodanse.be\/wordpress\/#website\"},\"primaryImageOfPage\":{\"@id\":\"https:\/\/www.elpasodanse.be\/wordpress\/disco-rock\/#primaryimage\"},\"image\":{\"@id\":\"https:\/\/www.elpasodanse.be\/wordpress\/disco-rock\/#primaryimage\"},\"thumbnailUrl\":\"https:\/\/www.elpasodanse.be\/wordpress\/wp-content\/uploads\/2019\/05\/disco.jpg\",\"datePublished\":\"2019-05-30T15:50:30+00:00\",\"dateModified\":\"2019-05-30T15:50:31+00:00\",\"breadcrumb\":{\"@id\":\"https:\/\/www.elpasodanse.be\/wordpress\/disco-rock\/#breadcrumb\"},\"inLanguage\":\"fr-FR\",\"potentialAction\":[{\"@type\":\"ReadAction\",\"target\":[\"https:\/\/www.elpasodanse.be\/wordpress\/disco-rock\/\"]}]},{\"@type\":\"ImageObject\",\"inLanguage\":\"fr-FR\",\"@id\":\"https:\/\/www.elpasodanse.be\/wordpress\/disco-rock\/#primaryimage\",\"url\":\"https:\/\/www.elpasodanse.be\/wordpress\/wp-content\/uploads\/2019\/05\/disco.jpg\",\"contentUrl\":\"https:\/\/www.elpasodanse.be\/wordpress\/wp-content\/uploads\/2019\/05\/disco.jpg\",\"width\":119,\"height\":120},{\"@type\":\"BreadcrumbList\",\"@id\":\"https:\/\/www.elpasodanse.be\/wordpress\/disco-rock\/#breadcrumb\",\"itemListElement\":[{\"@type\":\"ListItem\",\"position\":1,\"name\":\"Accueil\",\"item\":\"https:\/\/www.elpasodanse.be\/wordpress\/\"},{\"@type\":\"ListItem\",\"position\":2,\"name\":\"Disco Rock\"}]},{\"@type\":\"WebSite\",\"@id\":\"https:\/\/www.elpasodanse.be\/wordpress\/#website\",\"url\":\"https:\/\/www.elpasodanse.be\/wordpress\/\",\"name\":\"El Paso\",\"description\":\"Ecole de danse\",\"publisher\":{\"@id\":\"https:\/\/www.elpasodanse.be\/wordpress\/#organization\"},\"potentialAction\":[{\"@type\":\"SearchAction\",\"target\":{\"@type\":\"EntryPoint\",\"urlTemplate\":\"https:\/\/www.elpasodanse.be\/wordpress\/?s={search_term_string}\"},\"query-input\":{\"@type\":\"PropertyValueSpecification\",\"valueRequired\":true,\"valueName\":\"search_term_string\"}}],\"inLanguage\":\"fr-FR\"},{\"@type\":\"Organization\",\"@id\":\"https:\/\/www.elpasodanse.be\/wordpress\/#organization\",\"name\":\"El Paso\",\"url\":\"https:\/\/www.elpasodanse.be\/wordpress\/\",\"logo\":{\"@type\":\"ImageObject\",\"inLanguage\":\"fr-FR\",\"@id\":\"https:\/\/www.elpasodanse.be\/wordpress\/#\/schema\/logo\/image\/\",\"url\":\"https:\/\/www.elpasodanse.be\/wordpress\/wp-content\/uploads\/2019\/04\/cropped-logosite2.png\",\"contentUrl\":\"https:\/\/www.elpasodanse.be\/wordpress\/wp-content\/uploads\/2019\/04\/cropped-logosite2.png\",\"width\":180,\"height\":250,\"caption\":\"El Paso\"},\"image\":{\"@id\":\"https:\/\/www.elpasodanse.be\/wordpress\/#\/schema\/logo\/image\/\"}}]}<\/script>\n<!-- \/ Yoast SEO plugin. -->","yoast_head_json":{"title":"Disco Rock - El Paso","robots":{"index":"index","follow":"follow","max-snippet":"max-snippet:-1","max-image-preview":"max-image-preview:large","max-video-preview":"max-video-preview:-1"},"canonical":"https:\/\/www.elpasodanse.be\/wordpress\/disco-rock\/","og_locale":"fr_FR","og_type":"article","og_title":"Disco Rock - El Paso","og_description":"Le Disco Rock ou Rock 4 temps, se danse sur des musiques des ann\u00e9es\u00a0\u00ab\u00a0disco\u00a0\u00bb \u00e0 nos jours. C\u2019est un genre musical apparu au milieu des ann\u00e9es 1970 et qui s&rsquo;est d\u00e9velopp\u00e9 jusqu&rsquo;au milieu des ann\u00e9es 1980. Pour le grand public, le disco s&rsquo;incarne en 1977 dans le film de John Badham \u00ab\u00a0Saturday Night Fever\u00a0\u00bb dont &hellip; Continuer la lecture de &laquo;&nbsp;Disco Rock&nbsp;&raquo;","og_url":"https:\/\/www.elpasodanse.be\/wordpress\/disco-rock\/","og_site_name":"El Paso","article_modified_time":"2019-05-30T15:50:31+00:00","og_image":[{"url":"https:\/\/www.elpasodanse.be\/wordpress\/wp-content\/uploads\/2019\/05\/disco.jpg","type":"","width":"","height":""}],"twitter_card":"summary_large_image","twitter_misc":{"Dur\u00e9e de lecture estim\u00e9e":"1 minute"},"schema":{"@context":"https:\/\/schema.org","@graph":[{"@type":"WebPage","@id":"https:\/\/www.elpasodanse.be\/wordpress\/disco-rock\/","url":"https:\/\/www.elpasodanse.be\/wordpress\/disco-rock\/","name":"Disco Rock - El Paso","isPartOf":{"@id":"https:\/\/www.elpasodanse.be\/wordpress\/#website"},"primaryImageOfPage":{"@id":"https:\/\/www.elpasodanse.be\/wordpress\/disco-rock\/#primaryimage"},"image":{"@id":"https:\/\/www.elpasodanse.be\/wordpress\/disco-rock\/#primaryimage"},"thumbnailUrl":"https:\/\/www.elpasodanse.be\/wordpress\/wp-content\/uploads\/2019\/05\/disco.jpg","datePublished":"2019-05-30T15:50:30+00:00","dateModified":"2019-05-30T15:50:31+00:00","breadcrumb":{"@id":"https:\/\/www.elpasodanse.be\/wordpress\/disco-rock\/#breadcrumb"},"inLanguage":"fr-FR","potentialAction":[{"@type":"ReadAction","target":["https:\/\/www.elpasodanse.be\/wordpress\/disco-rock\/"]}]},{"@type":"ImageObject","inLanguage":"fr-FR","@id":"https:\/\/www.elpasodanse.be\/wordpress\/disco-rock\/#primaryimage","url":"https:\/\/www.elpasodanse.be\/wordpress\/wp-content\/uploads\/2019\/05\/disco.jpg","contentUrl":"https:\/\/www.elpasodanse.be\/wordpress\/wp-content\/uploads\/2019\/05\/disco.jpg","width":119,"height":120},{"@type":"BreadcrumbList","@id":"https:\/\/www.elpasodanse.be\/wordpress\/disco-rock\/#breadcrumb","itemListElement":[{"@type":"ListItem","position":1,"name":"Accueil","item":"https:\/\/www.elpasodanse.be\/wordpress\/"},{"@type":"ListItem","position":2,"name":"Disco Rock"}]},{"@type":"WebSite","@id":"https:\/\/www.elpasodanse.be\/wordpress\/#website","url":"https:\/\/www.elpasodanse.be\/wordpress\/","name":"El Paso","description":"Ecole de danse","publisher":{"@id":"https:\/\/www.elpasodanse.be\/wordpress\/#organization"},"potentialAction":[{"@type":"SearchAction","target":{"@type":"EntryPoint","urlTemplate":"https:\/\/www.elpasodanse.be\/wordpress\/?s={search_term_string}"},"query-input":{"@type":"PropertyValueSpecification","valueRequired":true,"valueName":"search_term_string"}}],"inLanguage":"fr-FR"},{"@type":"Organization","@id":"https:\/\/www.elpasodanse.be\/wordpress\/#organization","name":"El Paso","url":"https:\/\/www.elpasodanse.be\/wordpress\/","logo":{"@type":"ImageObject","inLanguage":"fr-FR","@id":"https:\/\/www.elpasodanse.be\/wordpress\/#\/schema\/logo\/image\/","url":"https:\/\/www.elpasodanse.be\/wordpress\/wp-content\/uploads\/2019\/04\/cropped-logosite2.png","contentUrl":"https:\/\/www.elpasodanse.be\/wordpress\/wp-content\/uploads\/2019\/04\/cropped-logosite2.png","width":180,"height":250,"caption":"El Paso"},"image":{"@id":"https:\/\/www.elpasodanse.be\/wordpress\/#\/schema\/logo\/image\/"}}]}},"_links":{"self":[{"href":"https:\/\/www.elpasodanse.be\/wordpress\/wp-json\/wp\/v2\/pages\/393","targetHints":{"allow":["GET"]}}],"collection":[{"href":"https:\/\/www.elpasodanse.be\/wordpress\/wp-json\/wp\/v2\/pages"}],"about":[{"href":"https:\/\/www.elpasodanse.be\/wordpress\/wp-json\/wp\/v2\/types\/page"}],"author":[{"embeddable":true,"href":"https:\/\/www.elpasodanse.be\/wordpress\/wp-json\/wp\/v2\/users\/1"}],"replies":[{"embeddable":true,"href":"https:\/\/www.elpasodanse.be\/wordpress\/wp-json\/wp\/v2\/comments?post=393"}],"version-history":[{"count":1,"href":"https:\/\/www.elpasodanse.be\/wordpress\/wp-json\/wp\/v2\/pages\/393\/revisions"}],"predecessor-version":[{"id":394,"href":"https:\/\/www.elpasodanse.be\/wordpress\/wp-json\/wp\/v2\/pages\/393\/revisions\/394"}],"wp:attachment":[{"href":"https:\/\/www.elpasodanse.be\/wordpress\/wp-json\/wp\/v2\/media?parent=393"}],"curies":[{"name":"wp","href":"https:\/\/api.w.org\/{rel}","templated":true}]}}