{"id":395,"date":"2019-05-30T17:51:48","date_gmt":"2019-05-30T15:51:48","guid":{"rendered":"https:\/\/www.elpasodanse.be\/wordpress\/?page_id=395"},"modified":"2019-05-30T17:53:23","modified_gmt":"2019-05-30T15:53:23","slug":"rock-and-roll","status":"publish","type":"page","link":"https:\/\/www.elpasodanse.be\/wordpress\/rock-and-roll\/","title":{"rendered":"Rock and Roll"},"content":{"rendered":"\n<figure class=\"wp-block-image\"><img loading=\"lazy\" decoding=\"async\" width=\"210\" height=\"240\" src=\"https:\/\/www.elpasodanse.be\/wordpress\/wp-content\/uploads\/2019\/05\/rock-roll.png\" alt=\"\" class=\"wp-image-397\"\/><\/figure>\n\n\n\n<p>Le <strong>Rock&rsquo;n&rsquo;roll<\/strong>, apparu aux \u00c9tats-Unis pendant les ann\u00e9es 1940 et d\u00e9but 1950, est une vari\u00e9t\u00e9 de la musique populaire afro-am\u00e9ricaine.<\/p>\n\n\n\n<p>Il est issu du Rythm and Blues. Invent\u00e9 par les musiciens noirs des \u00c9tats-Unis d&rsquo;Am\u00e9rique, il permet dans les ann\u00e9es 1950, avec des musiques simples et des paroles l\u00e9g\u00e8res, de faire oublier la crise des ann\u00e9es 1930 et la fin de la guerre.<\/p>\n\n\n\n<p>Musique \u00e0 danser, le rock fut d&rsquo;abord jou\u00e9 dans les dancings r\u00e9serv\u00e9s aux Afro-Am\u00e9ricains.<\/p>\n\n\n\n<p>Le terme \u00ab\u00a0Rockabily\u00a0\u00bb d\u00e9signe la premi\u00e8re forme historiquement identifiable de Rock&rsquo;n&rsquo;roll, il s\u2019agit essentiellement d&rsquo;un croisement de rythm and blues et de musique country. Elvis Presley et Bil Haley en sont deux pr\u00e9curseurs.<\/p>\n\n\n\n<p><br>A la fin des ann\u00e9es 1950, le Rock&rsquo;n&rsquo;roll perd sa popularit\u00e9 et sa vitalit\u00e9.<\/p>\n\n\n\n<p><br>Pourtant, loin des Etats-Unis, on s&rsquo;appr\u00eate \u00e0 prendre le relais.<br>La r\u00e9volte des jeunes Europ\u00e9ens, se servira du Rock.<\/p>\n\n\n\n<p>Cliff Richard, The Beatles, The Rolling Stones, \u00e9mergent comme le fer de lance du rock britannique.<br>La richesse de cette cr\u00e9ation est florissante et impose d\u00e9finitivement au niveau mondial un genre musical qui devient embl\u00e9matique de la seconde moiti\u00e9 du XXe&nbsp;si\u00e8cle.<br>Cette insurrection contre un ordre \u00e9tabli, marquera le Rock&rsquo;n&rsquo;roll et il se maintiendra jusqu&rsquo;\u00e0 nos jours.<\/p>\n","protected":false},"excerpt":{"rendered":"<p>Le Rock&rsquo;n&rsquo;roll, apparu aux \u00c9tats-Unis pendant les ann\u00e9es 1940 et d\u00e9but 1950, est une vari\u00e9t\u00e9 de la musique populaire afro-am\u00e9ricaine. Il est issu du Rythm and Blues. Invent\u00e9 par les musiciens noirs des \u00c9tats-Unis d&rsquo;Am\u00e9rique, il permet dans les ann\u00e9es 1950, avec des musiques simples et des paroles l\u00e9g\u00e8res, de faire oublier la crise des &hellip; <\/p>\n<p class=\"link-more\"><a href=\"https:\/\/www.elpasodanse.be\/wordpress\/rock-and-roll\/\" class=\"more-link\">Continuer la lecture<span class=\"screen-reader-text\"> de &laquo;&nbsp;Rock and Roll&nbsp;&raquo;<\/span><\/a><\/p>\n","protected":false},"author":1,"featured_media":0,"parent":0,"menu_order":0,"comment_status":"closed","ping_status":"closed","template":"","meta":{"footnotes":""},"class_list":["post-395","page","type-page","status-publish","hentry"],"yoast_head":"<!-- This site is optimized with the Yoast SEO plugin v27.1.1 - https:\/\/yoast.com\/product\/yoast-seo-wordpress\/ -->\n<title>Rock and Roll - El Paso<\/title>\n<meta name=\"robots\" content=\"index, follow, max-snippet:-1, max-image-preview:large, max-video-preview:-1\" \/>\n<link rel=\"canonical\" href=\"https:\/\/www.elpasodanse.be\/wordpress\/rock-and-roll\/\" \/>\n<meta property=\"og:locale\" content=\"fr_FR\" \/>\n<meta property=\"og:type\" content=\"article\" \/>\n<meta property=\"og:title\" content=\"Rock and Roll - El Paso\" \/>\n<meta property=\"og:description\" content=\"Le Rock&rsquo;n&rsquo;roll, apparu aux \u00c9tats-Unis pendant les ann\u00e9es 1940 et d\u00e9but 1950, est une vari\u00e9t\u00e9 de la musique populaire afro-am\u00e9ricaine. Il est issu du Rythm and Blues. Invent\u00e9 par les musiciens noirs des \u00c9tats-Unis d&rsquo;Am\u00e9rique, il permet dans les ann\u00e9es 1950, avec des musiques simples et des paroles l\u00e9g\u00e8res, de faire oublier la crise des &hellip; Continuer la lecture de &laquo;&nbsp;Rock and Roll&nbsp;&raquo;\" \/>\n<meta property=\"og:url\" content=\"https:\/\/www.elpasodanse.be\/wordpress\/rock-and-roll\/\" \/>\n<meta property=\"og:site_name\" content=\"El Paso\" \/>\n<meta property=\"article:modified_time\" content=\"2019-05-30T15:53:23+00:00\" \/>\n<meta property=\"og:image\" content=\"https:\/\/www.elpasodanse.be\/wordpress\/wp-content\/uploads\/2019\/05\/rock-roll.png\" \/>\n<meta name=\"twitter:card\" content=\"summary_large_image\" \/>\n<meta name=\"twitter:label1\" content=\"Dur\u00e9e de lecture estim\u00e9e\" \/>\n\t<meta name=\"twitter:data1\" content=\"1 minute\" \/>\n<script type=\"application\/ld+json\" class=\"yoast-schema-graph\">{\"@context\":\"https:\/\/schema.org\",\"@graph\":[{\"@type\":\"WebPage\",\"@id\":\"https:\/\/www.elpasodanse.be\/wordpress\/rock-and-roll\/\",\"url\":\"https:\/\/www.elpasodanse.be\/wordpress\/rock-and-roll\/\",\"name\":\"Rock and Roll - El Paso\",\"isPartOf\":{\"@id\":\"https:\/\/www.elpasodanse.be\/wordpress\/#website\"},\"primaryImageOfPage\":{\"@id\":\"https:\/\/www.elpasodanse.be\/wordpress\/rock-and-roll\/#primaryimage\"},\"image\":{\"@id\":\"https:\/\/www.elpasodanse.be\/wordpress\/rock-and-roll\/#primaryimage\"},\"thumbnailUrl\":\"https:\/\/www.elpasodanse.be\/wordpress\/wp-content\/uploads\/2019\/05\/rock-roll.png\",\"datePublished\":\"2019-05-30T15:51:48+00:00\",\"dateModified\":\"2019-05-30T15:53:23+00:00\",\"breadcrumb\":{\"@id\":\"https:\/\/www.elpasodanse.be\/wordpress\/rock-and-roll\/#breadcrumb\"},\"inLanguage\":\"fr-FR\",\"potentialAction\":[{\"@type\":\"ReadAction\",\"target\":[\"https:\/\/www.elpasodanse.be\/wordpress\/rock-and-roll\/\"]}]},{\"@type\":\"ImageObject\",\"inLanguage\":\"fr-FR\",\"@id\":\"https:\/\/www.elpasodanse.be\/wordpress\/rock-and-roll\/#primaryimage\",\"url\":\"https:\/\/www.elpasodanse.be\/wordpress\/wp-content\/uploads\/2019\/05\/rock-roll.png\",\"contentUrl\":\"https:\/\/www.elpasodanse.be\/wordpress\/wp-content\/uploads\/2019\/05\/rock-roll.png\",\"width\":210,\"height\":240},{\"@type\":\"BreadcrumbList\",\"@id\":\"https:\/\/www.elpasodanse.be\/wordpress\/rock-and-roll\/#breadcrumb\",\"itemListElement\":[{\"@type\":\"ListItem\",\"position\":1,\"name\":\"Accueil\",\"item\":\"https:\/\/www.elpasodanse.be\/wordpress\/\"},{\"@type\":\"ListItem\",\"position\":2,\"name\":\"Rock and Roll\"}]},{\"@type\":\"WebSite\",\"@id\":\"https:\/\/www.elpasodanse.be\/wordpress\/#website\",\"url\":\"https:\/\/www.elpasodanse.be\/wordpress\/\",\"name\":\"El Paso\",\"description\":\"Ecole de danse\",\"publisher\":{\"@id\":\"https:\/\/www.elpasodanse.be\/wordpress\/#organization\"},\"potentialAction\":[{\"@type\":\"SearchAction\",\"target\":{\"@type\":\"EntryPoint\",\"urlTemplate\":\"https:\/\/www.elpasodanse.be\/wordpress\/?s={search_term_string}\"},\"query-input\":{\"@type\":\"PropertyValueSpecification\",\"valueRequired\":true,\"valueName\":\"search_term_string\"}}],\"inLanguage\":\"fr-FR\"},{\"@type\":\"Organization\",\"@id\":\"https:\/\/www.elpasodanse.be\/wordpress\/#organization\",\"name\":\"El Paso\",\"url\":\"https:\/\/www.elpasodanse.be\/wordpress\/\",\"logo\":{\"@type\":\"ImageObject\",\"inLanguage\":\"fr-FR\",\"@id\":\"https:\/\/www.elpasodanse.be\/wordpress\/#\/schema\/logo\/image\/\",\"url\":\"https:\/\/www.elpasodanse.be\/wordpress\/wp-content\/uploads\/2019\/04\/cropped-logosite2.png\",\"contentUrl\":\"https:\/\/www.elpasodanse.be\/wordpress\/wp-content\/uploads\/2019\/04\/cropped-logosite2.png\",\"width\":180,\"height\":250,\"caption\":\"El Paso\"},\"image\":{\"@id\":\"https:\/\/www.elpasodanse.be\/wordpress\/#\/schema\/logo\/image\/\"}}]}<\/script>\n<!-- \/ Yoast SEO plugin. -->","yoast_head_json":{"title":"Rock and Roll - El Paso","robots":{"index":"index","follow":"follow","max-snippet":"max-snippet:-1","max-image-preview":"max-image-preview:large","max-video-preview":"max-video-preview:-1"},"canonical":"https:\/\/www.elpasodanse.be\/wordpress\/rock-and-roll\/","og_locale":"fr_FR","og_type":"article","og_title":"Rock and Roll - El Paso","og_description":"Le Rock&rsquo;n&rsquo;roll, apparu aux \u00c9tats-Unis pendant les ann\u00e9es 1940 et d\u00e9but 1950, est une vari\u00e9t\u00e9 de la musique populaire afro-am\u00e9ricaine. Il est issu du Rythm and Blues. Invent\u00e9 par les musiciens noirs des \u00c9tats-Unis d&rsquo;Am\u00e9rique, il permet dans les ann\u00e9es 1950, avec des musiques simples et des paroles l\u00e9g\u00e8res, de faire oublier la crise des &hellip; Continuer la lecture de &laquo;&nbsp;Rock and Roll&nbsp;&raquo;","og_url":"https:\/\/www.elpasodanse.be\/wordpress\/rock-and-roll\/","og_site_name":"El Paso","article_modified_time":"2019-05-30T15:53:23+00:00","og_image":[{"url":"https:\/\/www.elpasodanse.be\/wordpress\/wp-content\/uploads\/2019\/05\/rock-roll.png","type":"","width":"","height":""}],"twitter_card":"summary_large_image","twitter_misc":{"Dur\u00e9e de lecture estim\u00e9e":"1 minute"},"schema":{"@context":"https:\/\/schema.org","@graph":[{"@type":"WebPage","@id":"https:\/\/www.elpasodanse.be\/wordpress\/rock-and-roll\/","url":"https:\/\/www.elpasodanse.be\/wordpress\/rock-and-roll\/","name":"Rock and Roll - El Paso","isPartOf":{"@id":"https:\/\/www.elpasodanse.be\/wordpress\/#website"},"primaryImageOfPage":{"@id":"https:\/\/www.elpasodanse.be\/wordpress\/rock-and-roll\/#primaryimage"},"image":{"@id":"https:\/\/www.elpasodanse.be\/wordpress\/rock-and-roll\/#primaryimage"},"thumbnailUrl":"https:\/\/www.elpasodanse.be\/wordpress\/wp-content\/uploads\/2019\/05\/rock-roll.png","datePublished":"2019-05-30T15:51:48+00:00","dateModified":"2019-05-30T15:53:23+00:00","breadcrumb":{"@id":"https:\/\/www.elpasodanse.be\/wordpress\/rock-and-roll\/#breadcrumb"},"inLanguage":"fr-FR","potentialAction":[{"@type":"ReadAction","target":["https:\/\/www.elpasodanse.be\/wordpress\/rock-and-roll\/"]}]},{"@type":"ImageObject","inLanguage":"fr-FR","@id":"https:\/\/www.elpasodanse.be\/wordpress\/rock-and-roll\/#primaryimage","url":"https:\/\/www.elpasodanse.be\/wordpress\/wp-content\/uploads\/2019\/05\/rock-roll.png","contentUrl":"https:\/\/www.elpasodanse.be\/wordpress\/wp-content\/uploads\/2019\/05\/rock-roll.png","width":210,"height":240},{"@type":"BreadcrumbList","@id":"https:\/\/www.elpasodanse.be\/wordpress\/rock-and-roll\/#breadcrumb","itemListElement":[{"@type":"ListItem","position":1,"name":"Accueil","item":"https:\/\/www.elpasodanse.be\/wordpress\/"},{"@type":"ListItem","position":2,"name":"Rock and Roll"}]},{"@type":"WebSite","@id":"https:\/\/www.elpasodanse.be\/wordpress\/#website","url":"https:\/\/www.elpasodanse.be\/wordpress\/","name":"El Paso","description":"Ecole de danse","publisher":{"@id":"https:\/\/www.elpasodanse.be\/wordpress\/#organization"},"potentialAction":[{"@type":"SearchAction","target":{"@type":"EntryPoint","urlTemplate":"https:\/\/www.elpasodanse.be\/wordpress\/?s={search_term_string}"},"query-input":{"@type":"PropertyValueSpecification","valueRequired":true,"valueName":"search_term_string"}}],"inLanguage":"fr-FR"},{"@type":"Organization","@id":"https:\/\/www.elpasodanse.be\/wordpress\/#organization","name":"El Paso","url":"https:\/\/www.elpasodanse.be\/wordpress\/","logo":{"@type":"ImageObject","inLanguage":"fr-FR","@id":"https:\/\/www.elpasodanse.be\/wordpress\/#\/schema\/logo\/image\/","url":"https:\/\/www.elpasodanse.be\/wordpress\/wp-content\/uploads\/2019\/04\/cropped-logosite2.png","contentUrl":"https:\/\/www.elpasodanse.be\/wordpress\/wp-content\/uploads\/2019\/04\/cropped-logosite2.png","width":180,"height":250,"caption":"El Paso"},"image":{"@id":"https:\/\/www.elpasodanse.be\/wordpress\/#\/schema\/logo\/image\/"}}]}},"_links":{"self":[{"href":"https:\/\/www.elpasodanse.be\/wordpress\/wp-json\/wp\/v2\/pages\/395","targetHints":{"allow":["GET"]}}],"collection":[{"href":"https:\/\/www.elpasodanse.be\/wordpress\/wp-json\/wp\/v2\/pages"}],"about":[{"href":"https:\/\/www.elpasodanse.be\/wordpress\/wp-json\/wp\/v2\/types\/page"}],"author":[{"embeddable":true,"href":"https:\/\/www.elpasodanse.be\/wordpress\/wp-json\/wp\/v2\/users\/1"}],"replies":[{"embeddable":true,"href":"https:\/\/www.elpasodanse.be\/wordpress\/wp-json\/wp\/v2\/comments?post=395"}],"version-history":[{"count":2,"href":"https:\/\/www.elpasodanse.be\/wordpress\/wp-json\/wp\/v2\/pages\/395\/revisions"}],"predecessor-version":[{"id":398,"href":"https:\/\/www.elpasodanse.be\/wordpress\/wp-json\/wp\/v2\/pages\/395\/revisions\/398"}],"wp:attachment":[{"href":"https:\/\/www.elpasodanse.be\/wordpress\/wp-json\/wp\/v2\/media?parent=395"}],"curies":[{"name":"wp","href":"https:\/\/api.w.org\/{rel}","templated":true}]}}