{"id":400,"date":"2019-05-30T17:55:27","date_gmt":"2019-05-30T15:55:27","guid":{"rendered":"https:\/\/www.elpasodanse.be\/wordpress\/?page_id=400"},"modified":"2019-05-30T17:55:28","modified_gmt":"2019-05-30T15:55:28","slug":"boogie-woogie","status":"publish","type":"page","link":"https:\/\/www.elpasodanse.be\/wordpress\/boogie-woogie\/","title":{"rendered":"Boogie-Woogie"},"content":{"rendered":"\n<figure class=\"wp-block-image\"><img loading=\"lazy\" decoding=\"async\" width=\"103\" height=\"104\" src=\"https:\/\/www.elpasodanse.be\/wordpress\/wp-content\/uploads\/2019\/05\/boogie.png\" alt=\"\" class=\"wp-image-399\" srcset=\"https:\/\/www.elpasodanse.be\/wordpress\/wp-content\/uploads\/2019\/05\/boogie.png 103w, https:\/\/www.elpasodanse.be\/wordpress\/wp-content\/uploads\/2019\/05\/boogie-100x100.png 100w\" sizes=\"auto, (max-width: 103px) 100vw, 103px\" \/><\/figure>\n\n\n\n<p>Le <strong>boogie-woogie<\/strong> est initialement une mani\u00e8re pianistique d&rsquo;interpr\u00e9ter le blues.<\/p>\n\n\n\n<p>Au d\u00e9but des ann\u00e9es 1920, des pianistes noirs d\u00e9velopp\u00e8rent, dans des campements d&rsquo;ouvriers au Sud des Etats-Unis, une forme plus rapide et rythm\u00e9e du blues. Ils jouaient toute la nuit du \u00ab\u00a0Honky Tonk\u00a0\u00bb (du nom des baraques en bois am\u00e9nag\u00e9es en bar\/saloon\/tripot).<\/p>\n\n\n\n<p>Il s\u2019est d\u00e9velopp\u00e9 durant les ann\u00e9es 1920 \u00e0 1930&nbsp;vers les grandes villes industrielles du nord (Chicago par exemple). Avec un pic dans les ann\u00e9es 1940, o\u00f9 il persiste en tant que base de beaucoup d\u2019autres musiques.<\/p>\n\n\n\n<p>A l&rsquo;\u00e9poque, ce nouveau style fut d\u00e9sign\u00e9 par plusieurs noms, mais c&rsquo;est Clarence \u00ab&nbsp;Pinetop&nbsp;\u00bb Smith qui fit na\u00eetre le mot \u00ab&nbsp;Boogie Woogie&nbsp;\u00bb en enregistrant en 1928 son c\u00e9l\u00e8bre Pinetop&rsquo;s Boogie Woogie.<\/p>\n\n\n\n<p>L\u2019appellation \u00ab&nbsp;Boogie-Woogie&nbsp;\u00bb vient d&rsquo;une image se r\u00e9f\u00e9rant au rythme tr\u00e8s caract\u00e9ristique des trains.<\/p>\n\n\n\n<p><br>La tradition du boogie-woogie s&rsquo;est perp\u00e9tu\u00e9e et son rythme a fortement influenc\u00e9 les d\u00e9buts du Rock&rsquo;n&rsquo;Roll.<\/p>\n","protected":false},"excerpt":{"rendered":"<p>Le boogie-woogie est initialement une mani\u00e8re pianistique d&rsquo;interpr\u00e9ter le blues. Au d\u00e9but des ann\u00e9es 1920, des pianistes noirs d\u00e9velopp\u00e8rent, dans des campements d&rsquo;ouvriers au Sud des Etats-Unis, une forme plus rapide et rythm\u00e9e du blues. Ils jouaient toute la nuit du \u00ab\u00a0Honky Tonk\u00a0\u00bb (du nom des baraques en bois am\u00e9nag\u00e9es en bar\/saloon\/tripot). Il s\u2019est d\u00e9velopp\u00e9 &hellip; <\/p>\n<p class=\"link-more\"><a href=\"https:\/\/www.elpasodanse.be\/wordpress\/boogie-woogie\/\" class=\"more-link\">Continuer la lecture<span class=\"screen-reader-text\"> de &laquo;&nbsp;Boogie-Woogie&nbsp;&raquo;<\/span><\/a><\/p>\n","protected":false},"author":1,"featured_media":0,"parent":0,"menu_order":0,"comment_status":"closed","ping_status":"closed","template":"","meta":{"footnotes":""},"class_list":["post-400","page","type-page","status-publish","hentry"],"yoast_head":"<!-- This site is optimized with the Yoast SEO plugin v27.1.1 - https:\/\/yoast.com\/product\/yoast-seo-wordpress\/ -->\n<title>Boogie-Woogie - El Paso<\/title>\n<meta name=\"robots\" content=\"index, follow, max-snippet:-1, max-image-preview:large, max-video-preview:-1\" \/>\n<link rel=\"canonical\" href=\"https:\/\/www.elpasodanse.be\/wordpress\/boogie-woogie\/\" \/>\n<meta property=\"og:locale\" content=\"fr_FR\" \/>\n<meta property=\"og:type\" content=\"article\" \/>\n<meta property=\"og:title\" content=\"Boogie-Woogie - El Paso\" \/>\n<meta property=\"og:description\" content=\"Le boogie-woogie est initialement une mani\u00e8re pianistique d&rsquo;interpr\u00e9ter le blues. Au d\u00e9but des ann\u00e9es 1920, des pianistes noirs d\u00e9velopp\u00e8rent, dans des campements d&rsquo;ouvriers au Sud des Etats-Unis, une forme plus rapide et rythm\u00e9e du blues. Ils jouaient toute la nuit du \u00ab\u00a0Honky Tonk\u00a0\u00bb (du nom des baraques en bois am\u00e9nag\u00e9es en bar\/saloon\/tripot). Il s\u2019est d\u00e9velopp\u00e9 &hellip; Continuer la lecture de &laquo;&nbsp;Boogie-Woogie&nbsp;&raquo;\" \/>\n<meta property=\"og:url\" content=\"https:\/\/www.elpasodanse.be\/wordpress\/boogie-woogie\/\" \/>\n<meta property=\"og:site_name\" content=\"El Paso\" \/>\n<meta property=\"article:modified_time\" content=\"2019-05-30T15:55:28+00:00\" \/>\n<meta property=\"og:image\" content=\"https:\/\/www.elpasodanse.be\/wordpress\/wp-content\/uploads\/2019\/05\/boogie.png\" \/>\n<meta name=\"twitter:card\" content=\"summary_large_image\" \/>\n<meta name=\"twitter:label1\" content=\"Dur\u00e9e de lecture estim\u00e9e\" \/>\n\t<meta name=\"twitter:data1\" content=\"1 minute\" \/>\n<script type=\"application\/ld+json\" class=\"yoast-schema-graph\">{\"@context\":\"https:\/\/schema.org\",\"@graph\":[{\"@type\":\"WebPage\",\"@id\":\"https:\/\/www.elpasodanse.be\/wordpress\/boogie-woogie\/\",\"url\":\"https:\/\/www.elpasodanse.be\/wordpress\/boogie-woogie\/\",\"name\":\"Boogie-Woogie - El Paso\",\"isPartOf\":{\"@id\":\"https:\/\/www.elpasodanse.be\/wordpress\/#website\"},\"primaryImageOfPage\":{\"@id\":\"https:\/\/www.elpasodanse.be\/wordpress\/boogie-woogie\/#primaryimage\"},\"image\":{\"@id\":\"https:\/\/www.elpasodanse.be\/wordpress\/boogie-woogie\/#primaryimage\"},\"thumbnailUrl\":\"https:\/\/www.elpasodanse.be\/wordpress\/wp-content\/uploads\/2019\/05\/boogie.png\",\"datePublished\":\"2019-05-30T15:55:27+00:00\",\"dateModified\":\"2019-05-30T15:55:28+00:00\",\"breadcrumb\":{\"@id\":\"https:\/\/www.elpasodanse.be\/wordpress\/boogie-woogie\/#breadcrumb\"},\"inLanguage\":\"fr-FR\",\"potentialAction\":[{\"@type\":\"ReadAction\",\"target\":[\"https:\/\/www.elpasodanse.be\/wordpress\/boogie-woogie\/\"]}]},{\"@type\":\"ImageObject\",\"inLanguage\":\"fr-FR\",\"@id\":\"https:\/\/www.elpasodanse.be\/wordpress\/boogie-woogie\/#primaryimage\",\"url\":\"https:\/\/www.elpasodanse.be\/wordpress\/wp-content\/uploads\/2019\/05\/boogie.png\",\"contentUrl\":\"https:\/\/www.elpasodanse.be\/wordpress\/wp-content\/uploads\/2019\/05\/boogie.png\",\"width\":103,\"height\":104},{\"@type\":\"BreadcrumbList\",\"@id\":\"https:\/\/www.elpasodanse.be\/wordpress\/boogie-woogie\/#breadcrumb\",\"itemListElement\":[{\"@type\":\"ListItem\",\"position\":1,\"name\":\"Accueil\",\"item\":\"https:\/\/www.elpasodanse.be\/wordpress\/\"},{\"@type\":\"ListItem\",\"position\":2,\"name\":\"Boogie-Woogie\"}]},{\"@type\":\"WebSite\",\"@id\":\"https:\/\/www.elpasodanse.be\/wordpress\/#website\",\"url\":\"https:\/\/www.elpasodanse.be\/wordpress\/\",\"name\":\"El Paso\",\"description\":\"Ecole de danse\",\"publisher\":{\"@id\":\"https:\/\/www.elpasodanse.be\/wordpress\/#organization\"},\"potentialAction\":[{\"@type\":\"SearchAction\",\"target\":{\"@type\":\"EntryPoint\",\"urlTemplate\":\"https:\/\/www.elpasodanse.be\/wordpress\/?s={search_term_string}\"},\"query-input\":{\"@type\":\"PropertyValueSpecification\",\"valueRequired\":true,\"valueName\":\"search_term_string\"}}],\"inLanguage\":\"fr-FR\"},{\"@type\":\"Organization\",\"@id\":\"https:\/\/www.elpasodanse.be\/wordpress\/#organization\",\"name\":\"El Paso\",\"url\":\"https:\/\/www.elpasodanse.be\/wordpress\/\",\"logo\":{\"@type\":\"ImageObject\",\"inLanguage\":\"fr-FR\",\"@id\":\"https:\/\/www.elpasodanse.be\/wordpress\/#\/schema\/logo\/image\/\",\"url\":\"https:\/\/www.elpasodanse.be\/wordpress\/wp-content\/uploads\/2019\/04\/cropped-logosite2.png\",\"contentUrl\":\"https:\/\/www.elpasodanse.be\/wordpress\/wp-content\/uploads\/2019\/04\/cropped-logosite2.png\",\"width\":180,\"height\":250,\"caption\":\"El Paso\"},\"image\":{\"@id\":\"https:\/\/www.elpasodanse.be\/wordpress\/#\/schema\/logo\/image\/\"}}]}<\/script>\n<!-- \/ Yoast SEO plugin. -->","yoast_head_json":{"title":"Boogie-Woogie - El Paso","robots":{"index":"index","follow":"follow","max-snippet":"max-snippet:-1","max-image-preview":"max-image-preview:large","max-video-preview":"max-video-preview:-1"},"canonical":"https:\/\/www.elpasodanse.be\/wordpress\/boogie-woogie\/","og_locale":"fr_FR","og_type":"article","og_title":"Boogie-Woogie - El Paso","og_description":"Le boogie-woogie est initialement une mani\u00e8re pianistique d&rsquo;interpr\u00e9ter le blues. Au d\u00e9but des ann\u00e9es 1920, des pianistes noirs d\u00e9velopp\u00e8rent, dans des campements d&rsquo;ouvriers au Sud des Etats-Unis, une forme plus rapide et rythm\u00e9e du blues. Ils jouaient toute la nuit du \u00ab\u00a0Honky Tonk\u00a0\u00bb (du nom des baraques en bois am\u00e9nag\u00e9es en bar\/saloon\/tripot). Il s\u2019est d\u00e9velopp\u00e9 &hellip; Continuer la lecture de &laquo;&nbsp;Boogie-Woogie&nbsp;&raquo;","og_url":"https:\/\/www.elpasodanse.be\/wordpress\/boogie-woogie\/","og_site_name":"El Paso","article_modified_time":"2019-05-30T15:55:28+00:00","og_image":[{"url":"https:\/\/www.elpasodanse.be\/wordpress\/wp-content\/uploads\/2019\/05\/boogie.png","type":"","width":"","height":""}],"twitter_card":"summary_large_image","twitter_misc":{"Dur\u00e9e de lecture estim\u00e9e":"1 minute"},"schema":{"@context":"https:\/\/schema.org","@graph":[{"@type":"WebPage","@id":"https:\/\/www.elpasodanse.be\/wordpress\/boogie-woogie\/","url":"https:\/\/www.elpasodanse.be\/wordpress\/boogie-woogie\/","name":"Boogie-Woogie - El Paso","isPartOf":{"@id":"https:\/\/www.elpasodanse.be\/wordpress\/#website"},"primaryImageOfPage":{"@id":"https:\/\/www.elpasodanse.be\/wordpress\/boogie-woogie\/#primaryimage"},"image":{"@id":"https:\/\/www.elpasodanse.be\/wordpress\/boogie-woogie\/#primaryimage"},"thumbnailUrl":"https:\/\/www.elpasodanse.be\/wordpress\/wp-content\/uploads\/2019\/05\/boogie.png","datePublished":"2019-05-30T15:55:27+00:00","dateModified":"2019-05-30T15:55:28+00:00","breadcrumb":{"@id":"https:\/\/www.elpasodanse.be\/wordpress\/boogie-woogie\/#breadcrumb"},"inLanguage":"fr-FR","potentialAction":[{"@type":"ReadAction","target":["https:\/\/www.elpasodanse.be\/wordpress\/boogie-woogie\/"]}]},{"@type":"ImageObject","inLanguage":"fr-FR","@id":"https:\/\/www.elpasodanse.be\/wordpress\/boogie-woogie\/#primaryimage","url":"https:\/\/www.elpasodanse.be\/wordpress\/wp-content\/uploads\/2019\/05\/boogie.png","contentUrl":"https:\/\/www.elpasodanse.be\/wordpress\/wp-content\/uploads\/2019\/05\/boogie.png","width":103,"height":104},{"@type":"BreadcrumbList","@id":"https:\/\/www.elpasodanse.be\/wordpress\/boogie-woogie\/#breadcrumb","itemListElement":[{"@type":"ListItem","position":1,"name":"Accueil","item":"https:\/\/www.elpasodanse.be\/wordpress\/"},{"@type":"ListItem","position":2,"name":"Boogie-Woogie"}]},{"@type":"WebSite","@id":"https:\/\/www.elpasodanse.be\/wordpress\/#website","url":"https:\/\/www.elpasodanse.be\/wordpress\/","name":"El Paso","description":"Ecole de danse","publisher":{"@id":"https:\/\/www.elpasodanse.be\/wordpress\/#organization"},"potentialAction":[{"@type":"SearchAction","target":{"@type":"EntryPoint","urlTemplate":"https:\/\/www.elpasodanse.be\/wordpress\/?s={search_term_string}"},"query-input":{"@type":"PropertyValueSpecification","valueRequired":true,"valueName":"search_term_string"}}],"inLanguage":"fr-FR"},{"@type":"Organization","@id":"https:\/\/www.elpasodanse.be\/wordpress\/#organization","name":"El Paso","url":"https:\/\/www.elpasodanse.be\/wordpress\/","logo":{"@type":"ImageObject","inLanguage":"fr-FR","@id":"https:\/\/www.elpasodanse.be\/wordpress\/#\/schema\/logo\/image\/","url":"https:\/\/www.elpasodanse.be\/wordpress\/wp-content\/uploads\/2019\/04\/cropped-logosite2.png","contentUrl":"https:\/\/www.elpasodanse.be\/wordpress\/wp-content\/uploads\/2019\/04\/cropped-logosite2.png","width":180,"height":250,"caption":"El Paso"},"image":{"@id":"https:\/\/www.elpasodanse.be\/wordpress\/#\/schema\/logo\/image\/"}}]}},"_links":{"self":[{"href":"https:\/\/www.elpasodanse.be\/wordpress\/wp-json\/wp\/v2\/pages\/400","targetHints":{"allow":["GET"]}}],"collection":[{"href":"https:\/\/www.elpasodanse.be\/wordpress\/wp-json\/wp\/v2\/pages"}],"about":[{"href":"https:\/\/www.elpasodanse.be\/wordpress\/wp-json\/wp\/v2\/types\/page"}],"author":[{"embeddable":true,"href":"https:\/\/www.elpasodanse.be\/wordpress\/wp-json\/wp\/v2\/users\/1"}],"replies":[{"embeddable":true,"href":"https:\/\/www.elpasodanse.be\/wordpress\/wp-json\/wp\/v2\/comments?post=400"}],"version-history":[{"count":1,"href":"https:\/\/www.elpasodanse.be\/wordpress\/wp-json\/wp\/v2\/pages\/400\/revisions"}],"predecessor-version":[{"id":401,"href":"https:\/\/www.elpasodanse.be\/wordpress\/wp-json\/wp\/v2\/pages\/400\/revisions\/401"}],"wp:attachment":[{"href":"https:\/\/www.elpasodanse.be\/wordpress\/wp-json\/wp\/v2\/media?parent=400"}],"curies":[{"name":"wp","href":"https:\/\/api.w.org\/{rel}","templated":true}]}}