{"id":410,"date":"2019-05-31T20:07:00","date_gmt":"2019-05-31T18:07:00","guid":{"rendered":"https:\/\/www.elpasodanse.be\/wordpress\/?page_id=410"},"modified":"2019-10-28T16:10:37","modified_gmt":"2019-10-28T15:10:37","slug":"jive-2","status":"publish","type":"page","link":"https:\/\/www.elpasodanse.be\/wordpress\/jive-2\/","title":{"rendered":"Jive"},"content":{"rendered":"\n<figure class=\"wp-block-image\"><img loading=\"lazy\" decoding=\"async\" width=\"127\" height=\"99\" src=\"https:\/\/www.elpasodanse.be\/wordpress\/wp-content\/uploads\/2019\/05\/jive.jpg\" alt=\"\" class=\"wp-image-405\"\/><\/figure>\n\n\n\n<p>Le <strong>Jive<\/strong> est un parent direct du Boogie Woogie et du Rock&rsquo;n roll.<\/p>\n\n\n\n<p>C&rsquo;est une danse vive et entra\u00eenante.<\/p>\n\n\n\n<p>Elle a \u00e9t\u00e9 introduite durant la derni\u00e8re guerre mondiale par les boys Am\u00e9ricains.<\/p>\n\n\n\n<p>Ce sont les Anglais qui l&rsquo;ont codifi\u00e9e et appel\u00e9e \u00ab\u00a0Jive\u00a0\u00bb, d&rsquo;apr\u00e8s le titre de la chanson \u00ab\u00a0You are just jiving\u00a0\u00bb.<\/p>\n\n\n\n<p>Plus distingu\u00e9 et plus droit que le Boogie Woogie am\u00e9ricain, le Jive anglais devient une danse de salon et une danse sportive de comp\u00e9tition.<\/p>\n\n\n\n<p>(Pour plus d&rsquo;infos r\u00e9f\u00e9rez vous \u00e0 l&rsquo;historique du Boogie).<\/p>\n","protected":false},"excerpt":{"rendered":"<p>Le Jive est un parent direct du Boogie Woogie et du Rock&rsquo;n roll. C&rsquo;est une danse vive et entra\u00eenante. Elle a \u00e9t\u00e9 introduite durant la derni\u00e8re guerre mondiale par les boys Am\u00e9ricains. Ce sont les Anglais qui l&rsquo;ont codifi\u00e9e et appel\u00e9e \u00ab\u00a0Jive\u00a0\u00bb, d&rsquo;apr\u00e8s le titre de la chanson \u00ab\u00a0You are just jiving\u00a0\u00bb. Plus distingu\u00e9 et &hellip; <\/p>\n<p class=\"link-more\"><a href=\"https:\/\/www.elpasodanse.be\/wordpress\/jive-2\/\" class=\"more-link\">Continuer la lecture<span class=\"screen-reader-text\"> de &laquo;&nbsp;Jive&nbsp;&raquo;<\/span><\/a><\/p>\n","protected":false},"author":1,"featured_media":0,"parent":0,"menu_order":0,"comment_status":"closed","ping_status":"closed","template":"","meta":{"footnotes":""},"class_list":["post-410","page","type-page","status-publish","hentry"],"yoast_head":"<!-- This site is optimized with the Yoast SEO plugin v27.1.1 - https:\/\/yoast.com\/product\/yoast-seo-wordpress\/ -->\n<title>Jive - El Paso<\/title>\n<meta name=\"robots\" content=\"index, follow, max-snippet:-1, max-image-preview:large, max-video-preview:-1\" \/>\n<link rel=\"canonical\" href=\"https:\/\/www.elpasodanse.be\/wordpress\/jive-2\/\" \/>\n<meta property=\"og:locale\" content=\"fr_FR\" \/>\n<meta property=\"og:type\" content=\"article\" \/>\n<meta property=\"og:title\" content=\"Jive - El Paso\" \/>\n<meta property=\"og:description\" content=\"Le Jive est un parent direct du Boogie Woogie et du Rock&rsquo;n roll. C&rsquo;est une danse vive et entra\u00eenante. Elle a \u00e9t\u00e9 introduite durant la derni\u00e8re guerre mondiale par les boys Am\u00e9ricains. Ce sont les Anglais qui l&rsquo;ont codifi\u00e9e et appel\u00e9e \u00ab\u00a0Jive\u00a0\u00bb, d&rsquo;apr\u00e8s le titre de la chanson \u00ab\u00a0You are just jiving\u00a0\u00bb. Plus distingu\u00e9 et &hellip; Continuer la lecture de &laquo;&nbsp;Jive&nbsp;&raquo;\" \/>\n<meta property=\"og:url\" content=\"https:\/\/www.elpasodanse.be\/wordpress\/jive-2\/\" \/>\n<meta property=\"og:site_name\" content=\"El Paso\" \/>\n<meta property=\"article:modified_time\" content=\"2019-10-28T15:10:37+00:00\" \/>\n<meta property=\"og:image\" content=\"https:\/\/www.elpasodanse.be\/wordpress\/wp-content\/uploads\/2019\/05\/jive.jpg\" \/>\n<meta name=\"twitter:card\" content=\"summary_large_image\" \/>\n<script type=\"application\/ld+json\" class=\"yoast-schema-graph\">{\"@context\":\"https:\/\/schema.org\",\"@graph\":[{\"@type\":\"WebPage\",\"@id\":\"https:\/\/www.elpasodanse.be\/wordpress\/jive-2\/\",\"url\":\"https:\/\/www.elpasodanse.be\/wordpress\/jive-2\/\",\"name\":\"Jive - El Paso\",\"isPartOf\":{\"@id\":\"https:\/\/www.elpasodanse.be\/wordpress\/#website\"},\"primaryImageOfPage\":{\"@id\":\"https:\/\/www.elpasodanse.be\/wordpress\/jive-2\/#primaryimage\"},\"image\":{\"@id\":\"https:\/\/www.elpasodanse.be\/wordpress\/jive-2\/#primaryimage\"},\"thumbnailUrl\":\"https:\/\/www.elpasodanse.be\/wordpress\/wp-content\/uploads\/2019\/05\/jive.jpg\",\"datePublished\":\"2019-05-31T18:07:00+00:00\",\"dateModified\":\"2019-10-28T15:10:37+00:00\",\"breadcrumb\":{\"@id\":\"https:\/\/www.elpasodanse.be\/wordpress\/jive-2\/#breadcrumb\"},\"inLanguage\":\"fr-FR\",\"potentialAction\":[{\"@type\":\"ReadAction\",\"target\":[\"https:\/\/www.elpasodanse.be\/wordpress\/jive-2\/\"]}]},{\"@type\":\"ImageObject\",\"inLanguage\":\"fr-FR\",\"@id\":\"https:\/\/www.elpasodanse.be\/wordpress\/jive-2\/#primaryimage\",\"url\":\"https:\/\/www.elpasodanse.be\/wordpress\/wp-content\/uploads\/2019\/05\/jive.jpg\",\"contentUrl\":\"https:\/\/www.elpasodanse.be\/wordpress\/wp-content\/uploads\/2019\/05\/jive.jpg\",\"width\":127,\"height\":99},{\"@type\":\"BreadcrumbList\",\"@id\":\"https:\/\/www.elpasodanse.be\/wordpress\/jive-2\/#breadcrumb\",\"itemListElement\":[{\"@type\":\"ListItem\",\"position\":1,\"name\":\"Accueil\",\"item\":\"https:\/\/www.elpasodanse.be\/wordpress\/\"},{\"@type\":\"ListItem\",\"position\":2,\"name\":\"Jive\"}]},{\"@type\":\"WebSite\",\"@id\":\"https:\/\/www.elpasodanse.be\/wordpress\/#website\",\"url\":\"https:\/\/www.elpasodanse.be\/wordpress\/\",\"name\":\"El Paso\",\"description\":\"Ecole de danse\",\"publisher\":{\"@id\":\"https:\/\/www.elpasodanse.be\/wordpress\/#organization\"},\"potentialAction\":[{\"@type\":\"SearchAction\",\"target\":{\"@type\":\"EntryPoint\",\"urlTemplate\":\"https:\/\/www.elpasodanse.be\/wordpress\/?s={search_term_string}\"},\"query-input\":{\"@type\":\"PropertyValueSpecification\",\"valueRequired\":true,\"valueName\":\"search_term_string\"}}],\"inLanguage\":\"fr-FR\"},{\"@type\":\"Organization\",\"@id\":\"https:\/\/www.elpasodanse.be\/wordpress\/#organization\",\"name\":\"El Paso\",\"url\":\"https:\/\/www.elpasodanse.be\/wordpress\/\",\"logo\":{\"@type\":\"ImageObject\",\"inLanguage\":\"fr-FR\",\"@id\":\"https:\/\/www.elpasodanse.be\/wordpress\/#\/schema\/logo\/image\/\",\"url\":\"https:\/\/www.elpasodanse.be\/wordpress\/wp-content\/uploads\/2019\/04\/cropped-logosite2.png\",\"contentUrl\":\"https:\/\/www.elpasodanse.be\/wordpress\/wp-content\/uploads\/2019\/04\/cropped-logosite2.png\",\"width\":180,\"height\":250,\"caption\":\"El Paso\"},\"image\":{\"@id\":\"https:\/\/www.elpasodanse.be\/wordpress\/#\/schema\/logo\/image\/\"}}]}<\/script>\n<!-- \/ Yoast SEO plugin. -->","yoast_head_json":{"title":"Jive - El Paso","robots":{"index":"index","follow":"follow","max-snippet":"max-snippet:-1","max-image-preview":"max-image-preview:large","max-video-preview":"max-video-preview:-1"},"canonical":"https:\/\/www.elpasodanse.be\/wordpress\/jive-2\/","og_locale":"fr_FR","og_type":"article","og_title":"Jive - El Paso","og_description":"Le Jive est un parent direct du Boogie Woogie et du Rock&rsquo;n roll. C&rsquo;est une danse vive et entra\u00eenante. Elle a \u00e9t\u00e9 introduite durant la derni\u00e8re guerre mondiale par les boys Am\u00e9ricains. Ce sont les Anglais qui l&rsquo;ont codifi\u00e9e et appel\u00e9e \u00ab\u00a0Jive\u00a0\u00bb, d&rsquo;apr\u00e8s le titre de la chanson \u00ab\u00a0You are just jiving\u00a0\u00bb. Plus distingu\u00e9 et &hellip; Continuer la lecture de &laquo;&nbsp;Jive&nbsp;&raquo;","og_url":"https:\/\/www.elpasodanse.be\/wordpress\/jive-2\/","og_site_name":"El Paso","article_modified_time":"2019-10-28T15:10:37+00:00","og_image":[{"url":"https:\/\/www.elpasodanse.be\/wordpress\/wp-content\/uploads\/2019\/05\/jive.jpg","type":"","width":"","height":""}],"twitter_card":"summary_large_image","schema":{"@context":"https:\/\/schema.org","@graph":[{"@type":"WebPage","@id":"https:\/\/www.elpasodanse.be\/wordpress\/jive-2\/","url":"https:\/\/www.elpasodanse.be\/wordpress\/jive-2\/","name":"Jive - El Paso","isPartOf":{"@id":"https:\/\/www.elpasodanse.be\/wordpress\/#website"},"primaryImageOfPage":{"@id":"https:\/\/www.elpasodanse.be\/wordpress\/jive-2\/#primaryimage"},"image":{"@id":"https:\/\/www.elpasodanse.be\/wordpress\/jive-2\/#primaryimage"},"thumbnailUrl":"https:\/\/www.elpasodanse.be\/wordpress\/wp-content\/uploads\/2019\/05\/jive.jpg","datePublished":"2019-05-31T18:07:00+00:00","dateModified":"2019-10-28T15:10:37+00:00","breadcrumb":{"@id":"https:\/\/www.elpasodanse.be\/wordpress\/jive-2\/#breadcrumb"},"inLanguage":"fr-FR","potentialAction":[{"@type":"ReadAction","target":["https:\/\/www.elpasodanse.be\/wordpress\/jive-2\/"]}]},{"@type":"ImageObject","inLanguage":"fr-FR","@id":"https:\/\/www.elpasodanse.be\/wordpress\/jive-2\/#primaryimage","url":"https:\/\/www.elpasodanse.be\/wordpress\/wp-content\/uploads\/2019\/05\/jive.jpg","contentUrl":"https:\/\/www.elpasodanse.be\/wordpress\/wp-content\/uploads\/2019\/05\/jive.jpg","width":127,"height":99},{"@type":"BreadcrumbList","@id":"https:\/\/www.elpasodanse.be\/wordpress\/jive-2\/#breadcrumb","itemListElement":[{"@type":"ListItem","position":1,"name":"Accueil","item":"https:\/\/www.elpasodanse.be\/wordpress\/"},{"@type":"ListItem","position":2,"name":"Jive"}]},{"@type":"WebSite","@id":"https:\/\/www.elpasodanse.be\/wordpress\/#website","url":"https:\/\/www.elpasodanse.be\/wordpress\/","name":"El Paso","description":"Ecole de danse","publisher":{"@id":"https:\/\/www.elpasodanse.be\/wordpress\/#organization"},"potentialAction":[{"@type":"SearchAction","target":{"@type":"EntryPoint","urlTemplate":"https:\/\/www.elpasodanse.be\/wordpress\/?s={search_term_string}"},"query-input":{"@type":"PropertyValueSpecification","valueRequired":true,"valueName":"search_term_string"}}],"inLanguage":"fr-FR"},{"@type":"Organization","@id":"https:\/\/www.elpasodanse.be\/wordpress\/#organization","name":"El Paso","url":"https:\/\/www.elpasodanse.be\/wordpress\/","logo":{"@type":"ImageObject","inLanguage":"fr-FR","@id":"https:\/\/www.elpasodanse.be\/wordpress\/#\/schema\/logo\/image\/","url":"https:\/\/www.elpasodanse.be\/wordpress\/wp-content\/uploads\/2019\/04\/cropped-logosite2.png","contentUrl":"https:\/\/www.elpasodanse.be\/wordpress\/wp-content\/uploads\/2019\/04\/cropped-logosite2.png","width":180,"height":250,"caption":"El Paso"},"image":{"@id":"https:\/\/www.elpasodanse.be\/wordpress\/#\/schema\/logo\/image\/"}}]}},"_links":{"self":[{"href":"https:\/\/www.elpasodanse.be\/wordpress\/wp-json\/wp\/v2\/pages\/410","targetHints":{"allow":["GET"]}}],"collection":[{"href":"https:\/\/www.elpasodanse.be\/wordpress\/wp-json\/wp\/v2\/pages"}],"about":[{"href":"https:\/\/www.elpasodanse.be\/wordpress\/wp-json\/wp\/v2\/types\/page"}],"author":[{"embeddable":true,"href":"https:\/\/www.elpasodanse.be\/wordpress\/wp-json\/wp\/v2\/users\/1"}],"replies":[{"embeddable":true,"href":"https:\/\/www.elpasodanse.be\/wordpress\/wp-json\/wp\/v2\/comments?post=410"}],"version-history":[{"count":1,"href":"https:\/\/www.elpasodanse.be\/wordpress\/wp-json\/wp\/v2\/pages\/410\/revisions"}],"predecessor-version":[{"id":411,"href":"https:\/\/www.elpasodanse.be\/wordpress\/wp-json\/wp\/v2\/pages\/410\/revisions\/411"}],"wp:attachment":[{"href":"https:\/\/www.elpasodanse.be\/wordpress\/wp-json\/wp\/v2\/media?parent=410"}],"curies":[{"name":"wp","href":"https:\/\/api.w.org\/{rel}","templated":true}]}}