{"id":416,"date":"2019-05-31T20:10:12","date_gmt":"2019-05-31T18:10:12","guid":{"rendered":"https:\/\/www.elpasodanse.be\/wordpress\/?page_id=416"},"modified":"2019-10-28T16:11:16","modified_gmt":"2019-10-28T15:11:16","slug":"rumba-2","status":"publish","type":"page","link":"https:\/\/www.elpasodanse.be\/wordpress\/rumba-2\/","title":{"rendered":"Rumba"},"content":{"rendered":"\n<figure class=\"wp-block-image\"><img loading=\"lazy\" decoding=\"async\" width=\"102\" height=\"126\" src=\"https:\/\/www.elpasodanse.be\/wordpress\/wp-content\/uploads\/2019\/05\/rumba.jpg\" alt=\"\" class=\"wp-image-407\"\/><\/figure>\n\n\n\n<p>La <strong>Rumba<\/strong> est un hommage \u00e0 la gr\u00e2ce et au pouvoir de s\u00e9duction de la\u00a0 femme.<\/p>\n\n\n\n<p>Il est&nbsp; dit qu\u2019elle est la danse de l\u2019amour&#8230;<\/p>\n\n\n\n<p>Les origines de la Rumba Cubaine remontent au XVIe si\u00e8cle.<\/p>\n\n\n\n<p>Durant la danse, la femme&nbsp;sugg\u00e8re les parades nuptiales des animaux afin d\u2019aguicher puis de dominer l\u2019homme&nbsp;s\u00e9duit. Ce dernier tente alors d\u2019affirmer sa qualit\u00e9 de m\u00e2le pour obtenir ses faveurs.<\/p>\n\n\n\n<p>La Rumba arrive en France, sous une forme polic\u00e9e, en 1920.<\/p>\n\n\n\n<p>Elle ne conserve de la Rumba primitive que le pouvoir de s\u00e9duction de la danseuse, en oubliant compl\u00e8tement le c\u00f4t\u00e9 animal, les d\u00e9hanchements, faits pour s\u00e9duire.<\/p>\n","protected":false},"excerpt":{"rendered":"<p>La Rumba est un hommage \u00e0 la gr\u00e2ce et au pouvoir de s\u00e9duction de la\u00a0 femme. Il est&nbsp; dit qu\u2019elle est la danse de l\u2019amour&#8230; Les origines de la Rumba Cubaine remontent au XVIe si\u00e8cle. Durant la danse, la femme&nbsp;sugg\u00e8re les parades nuptiales des animaux afin d\u2019aguicher puis de dominer l\u2019homme&nbsp;s\u00e9duit. Ce dernier tente alors &hellip; <\/p>\n<p class=\"link-more\"><a href=\"https:\/\/www.elpasodanse.be\/wordpress\/rumba-2\/\" class=\"more-link\">Continuer la lecture<span class=\"screen-reader-text\"> de &laquo;&nbsp;Rumba&nbsp;&raquo;<\/span><\/a><\/p>\n","protected":false},"author":1,"featured_media":0,"parent":0,"menu_order":0,"comment_status":"closed","ping_status":"closed","template":"","meta":{"footnotes":""},"class_list":["post-416","page","type-page","status-publish","hentry"],"yoast_head":"<!-- This site is optimized with the Yoast SEO plugin v27.1.1 - https:\/\/yoast.com\/product\/yoast-seo-wordpress\/ -->\n<title>Rumba - El Paso<\/title>\n<meta name=\"robots\" content=\"index, follow, max-snippet:-1, max-image-preview:large, max-video-preview:-1\" \/>\n<link rel=\"canonical\" href=\"https:\/\/www.elpasodanse.be\/wordpress\/rumba-2\/\" \/>\n<meta property=\"og:locale\" content=\"fr_FR\" \/>\n<meta property=\"og:type\" content=\"article\" \/>\n<meta property=\"og:title\" content=\"Rumba - El Paso\" \/>\n<meta property=\"og:description\" content=\"La Rumba est un hommage \u00e0 la gr\u00e2ce et au pouvoir de s\u00e9duction de la\u00a0 femme. Il est&nbsp; dit qu\u2019elle est la danse de l\u2019amour&#8230; Les origines de la Rumba Cubaine remontent au XVIe si\u00e8cle. Durant la danse, la femme&nbsp;sugg\u00e8re les parades nuptiales des animaux afin d\u2019aguicher puis de dominer l\u2019homme&nbsp;s\u00e9duit. Ce dernier tente alors &hellip; Continuer la lecture de &laquo;&nbsp;Rumba&nbsp;&raquo;\" \/>\n<meta property=\"og:url\" content=\"https:\/\/www.elpasodanse.be\/wordpress\/rumba-2\/\" \/>\n<meta property=\"og:site_name\" content=\"El Paso\" \/>\n<meta property=\"article:modified_time\" content=\"2019-10-28T15:11:16+00:00\" \/>\n<meta property=\"og:image\" content=\"https:\/\/www.elpasodanse.be\/wordpress\/wp-content\/uploads\/2019\/05\/rumba.jpg\" \/>\n<meta name=\"twitter:card\" content=\"summary_large_image\" \/>\n<meta name=\"twitter:label1\" content=\"Dur\u00e9e de lecture estim\u00e9e\" \/>\n\t<meta name=\"twitter:data1\" content=\"1 minute\" \/>\n<script type=\"application\/ld+json\" class=\"yoast-schema-graph\">{\"@context\":\"https:\/\/schema.org\",\"@graph\":[{\"@type\":\"WebPage\",\"@id\":\"https:\/\/www.elpasodanse.be\/wordpress\/rumba-2\/\",\"url\":\"https:\/\/www.elpasodanse.be\/wordpress\/rumba-2\/\",\"name\":\"Rumba - El Paso\",\"isPartOf\":{\"@id\":\"https:\/\/www.elpasodanse.be\/wordpress\/#website\"},\"primaryImageOfPage\":{\"@id\":\"https:\/\/www.elpasodanse.be\/wordpress\/rumba-2\/#primaryimage\"},\"image\":{\"@id\":\"https:\/\/www.elpasodanse.be\/wordpress\/rumba-2\/#primaryimage\"},\"thumbnailUrl\":\"https:\/\/www.elpasodanse.be\/wordpress\/wp-content\/uploads\/2019\/05\/rumba.jpg\",\"datePublished\":\"2019-05-31T18:10:12+00:00\",\"dateModified\":\"2019-10-28T15:11:16+00:00\",\"breadcrumb\":{\"@id\":\"https:\/\/www.elpasodanse.be\/wordpress\/rumba-2\/#breadcrumb\"},\"inLanguage\":\"fr-FR\",\"potentialAction\":[{\"@type\":\"ReadAction\",\"target\":[\"https:\/\/www.elpasodanse.be\/wordpress\/rumba-2\/\"]}]},{\"@type\":\"ImageObject\",\"inLanguage\":\"fr-FR\",\"@id\":\"https:\/\/www.elpasodanse.be\/wordpress\/rumba-2\/#primaryimage\",\"url\":\"https:\/\/www.elpasodanse.be\/wordpress\/wp-content\/uploads\/2019\/05\/rumba.jpg\",\"contentUrl\":\"https:\/\/www.elpasodanse.be\/wordpress\/wp-content\/uploads\/2019\/05\/rumba.jpg\",\"width\":102,\"height\":126},{\"@type\":\"BreadcrumbList\",\"@id\":\"https:\/\/www.elpasodanse.be\/wordpress\/rumba-2\/#breadcrumb\",\"itemListElement\":[{\"@type\":\"ListItem\",\"position\":1,\"name\":\"Accueil\",\"item\":\"https:\/\/www.elpasodanse.be\/wordpress\/\"},{\"@type\":\"ListItem\",\"position\":2,\"name\":\"Rumba\"}]},{\"@type\":\"WebSite\",\"@id\":\"https:\/\/www.elpasodanse.be\/wordpress\/#website\",\"url\":\"https:\/\/www.elpasodanse.be\/wordpress\/\",\"name\":\"El Paso\",\"description\":\"Ecole de danse\",\"publisher\":{\"@id\":\"https:\/\/www.elpasodanse.be\/wordpress\/#organization\"},\"potentialAction\":[{\"@type\":\"SearchAction\",\"target\":{\"@type\":\"EntryPoint\",\"urlTemplate\":\"https:\/\/www.elpasodanse.be\/wordpress\/?s={search_term_string}\"},\"query-input\":{\"@type\":\"PropertyValueSpecification\",\"valueRequired\":true,\"valueName\":\"search_term_string\"}}],\"inLanguage\":\"fr-FR\"},{\"@type\":\"Organization\",\"@id\":\"https:\/\/www.elpasodanse.be\/wordpress\/#organization\",\"name\":\"El Paso\",\"url\":\"https:\/\/www.elpasodanse.be\/wordpress\/\",\"logo\":{\"@type\":\"ImageObject\",\"inLanguage\":\"fr-FR\",\"@id\":\"https:\/\/www.elpasodanse.be\/wordpress\/#\/schema\/logo\/image\/\",\"url\":\"https:\/\/www.elpasodanse.be\/wordpress\/wp-content\/uploads\/2019\/04\/cropped-logosite2.png\",\"contentUrl\":\"https:\/\/www.elpasodanse.be\/wordpress\/wp-content\/uploads\/2019\/04\/cropped-logosite2.png\",\"width\":180,\"height\":250,\"caption\":\"El Paso\"},\"image\":{\"@id\":\"https:\/\/www.elpasodanse.be\/wordpress\/#\/schema\/logo\/image\/\"}}]}<\/script>\n<!-- \/ Yoast SEO plugin. -->","yoast_head_json":{"title":"Rumba - El Paso","robots":{"index":"index","follow":"follow","max-snippet":"max-snippet:-1","max-image-preview":"max-image-preview:large","max-video-preview":"max-video-preview:-1"},"canonical":"https:\/\/www.elpasodanse.be\/wordpress\/rumba-2\/","og_locale":"fr_FR","og_type":"article","og_title":"Rumba - El Paso","og_description":"La Rumba est un hommage \u00e0 la gr\u00e2ce et au pouvoir de s\u00e9duction de la\u00a0 femme. Il est&nbsp; dit qu\u2019elle est la danse de l\u2019amour&#8230; Les origines de la Rumba Cubaine remontent au XVIe si\u00e8cle. Durant la danse, la femme&nbsp;sugg\u00e8re les parades nuptiales des animaux afin d\u2019aguicher puis de dominer l\u2019homme&nbsp;s\u00e9duit. Ce dernier tente alors &hellip; Continuer la lecture de &laquo;&nbsp;Rumba&nbsp;&raquo;","og_url":"https:\/\/www.elpasodanse.be\/wordpress\/rumba-2\/","og_site_name":"El Paso","article_modified_time":"2019-10-28T15:11:16+00:00","og_image":[{"url":"https:\/\/www.elpasodanse.be\/wordpress\/wp-content\/uploads\/2019\/05\/rumba.jpg","type":"","width":"","height":""}],"twitter_card":"summary_large_image","twitter_misc":{"Dur\u00e9e de lecture estim\u00e9e":"1 minute"},"schema":{"@context":"https:\/\/schema.org","@graph":[{"@type":"WebPage","@id":"https:\/\/www.elpasodanse.be\/wordpress\/rumba-2\/","url":"https:\/\/www.elpasodanse.be\/wordpress\/rumba-2\/","name":"Rumba - El Paso","isPartOf":{"@id":"https:\/\/www.elpasodanse.be\/wordpress\/#website"},"primaryImageOfPage":{"@id":"https:\/\/www.elpasodanse.be\/wordpress\/rumba-2\/#primaryimage"},"image":{"@id":"https:\/\/www.elpasodanse.be\/wordpress\/rumba-2\/#primaryimage"},"thumbnailUrl":"https:\/\/www.elpasodanse.be\/wordpress\/wp-content\/uploads\/2019\/05\/rumba.jpg","datePublished":"2019-05-31T18:10:12+00:00","dateModified":"2019-10-28T15:11:16+00:00","breadcrumb":{"@id":"https:\/\/www.elpasodanse.be\/wordpress\/rumba-2\/#breadcrumb"},"inLanguage":"fr-FR","potentialAction":[{"@type":"ReadAction","target":["https:\/\/www.elpasodanse.be\/wordpress\/rumba-2\/"]}]},{"@type":"ImageObject","inLanguage":"fr-FR","@id":"https:\/\/www.elpasodanse.be\/wordpress\/rumba-2\/#primaryimage","url":"https:\/\/www.elpasodanse.be\/wordpress\/wp-content\/uploads\/2019\/05\/rumba.jpg","contentUrl":"https:\/\/www.elpasodanse.be\/wordpress\/wp-content\/uploads\/2019\/05\/rumba.jpg","width":102,"height":126},{"@type":"BreadcrumbList","@id":"https:\/\/www.elpasodanse.be\/wordpress\/rumba-2\/#breadcrumb","itemListElement":[{"@type":"ListItem","position":1,"name":"Accueil","item":"https:\/\/www.elpasodanse.be\/wordpress\/"},{"@type":"ListItem","position":2,"name":"Rumba"}]},{"@type":"WebSite","@id":"https:\/\/www.elpasodanse.be\/wordpress\/#website","url":"https:\/\/www.elpasodanse.be\/wordpress\/","name":"El Paso","description":"Ecole de danse","publisher":{"@id":"https:\/\/www.elpasodanse.be\/wordpress\/#organization"},"potentialAction":[{"@type":"SearchAction","target":{"@type":"EntryPoint","urlTemplate":"https:\/\/www.elpasodanse.be\/wordpress\/?s={search_term_string}"},"query-input":{"@type":"PropertyValueSpecification","valueRequired":true,"valueName":"search_term_string"}}],"inLanguage":"fr-FR"},{"@type":"Organization","@id":"https:\/\/www.elpasodanse.be\/wordpress\/#organization","name":"El Paso","url":"https:\/\/www.elpasodanse.be\/wordpress\/","logo":{"@type":"ImageObject","inLanguage":"fr-FR","@id":"https:\/\/www.elpasodanse.be\/wordpress\/#\/schema\/logo\/image\/","url":"https:\/\/www.elpasodanse.be\/wordpress\/wp-content\/uploads\/2019\/04\/cropped-logosite2.png","contentUrl":"https:\/\/www.elpasodanse.be\/wordpress\/wp-content\/uploads\/2019\/04\/cropped-logosite2.png","width":180,"height":250,"caption":"El Paso"},"image":{"@id":"https:\/\/www.elpasodanse.be\/wordpress\/#\/schema\/logo\/image\/"}}]}},"_links":{"self":[{"href":"https:\/\/www.elpasodanse.be\/wordpress\/wp-json\/wp\/v2\/pages\/416","targetHints":{"allow":["GET"]}}],"collection":[{"href":"https:\/\/www.elpasodanse.be\/wordpress\/wp-json\/wp\/v2\/pages"}],"about":[{"href":"https:\/\/www.elpasodanse.be\/wordpress\/wp-json\/wp\/v2\/types\/page"}],"author":[{"embeddable":true,"href":"https:\/\/www.elpasodanse.be\/wordpress\/wp-json\/wp\/v2\/users\/1"}],"replies":[{"embeddable":true,"href":"https:\/\/www.elpasodanse.be\/wordpress\/wp-json\/wp\/v2\/comments?post=416"}],"version-history":[{"count":1,"href":"https:\/\/www.elpasodanse.be\/wordpress\/wp-json\/wp\/v2\/pages\/416\/revisions"}],"predecessor-version":[{"id":417,"href":"https:\/\/www.elpasodanse.be\/wordpress\/wp-json\/wp\/v2\/pages\/416\/revisions\/417"}],"wp:attachment":[{"href":"https:\/\/www.elpasodanse.be\/wordpress\/wp-json\/wp\/v2\/media?parent=416"}],"curies":[{"name":"wp","href":"https:\/\/api.w.org\/{rel}","templated":true}]}}