{"id":436,"date":"2019-05-31T20:23:35","date_gmt":"2019-05-31T18:23:35","guid":{"rendered":"https:\/\/www.elpasodanse.be\/wordpress\/?page_id=436"},"modified":"2019-10-28T16:12:32","modified_gmt":"2019-10-28T15:12:32","slug":"bachata-2","status":"publish","type":"page","link":"https:\/\/www.elpasodanse.be\/wordpress\/bachata-2\/","title":{"rendered":"Bachata"},"content":{"rendered":"\n<figure class=\"wp-block-image\"><img loading=\"lazy\" decoding=\"async\" width=\"160\" height=\"150\" src=\"https:\/\/www.elpasodanse.be\/wordpress\/wp-content\/uploads\/2019\/05\/bachata.jpg\" alt=\"\" class=\"wp-image-426\"\/><\/figure>\n\n\n\n<p>N\u00e9e en R\u00e9publique Dominicaine, ses origines les plus lointaines&nbsp;connues, remontent au d\u00e9but du XXe si\u00e8cle.<\/p>\n\n\n\n<p>Etymologiquement, le terme <strong>Bachata<\/strong> d\u00e9signe la f\u00eate.<\/p>\n\n\n\n<p>&nbsp;&nbsp; Son rythme dansant, plein de folklore, peut \u00eatre consid\u00e9r\u00e9 comme un m\u00e9lange de bol\u00e9ro avec d&rsquo;autres influences musicales d&rsquo;origine africaine et avec d&rsquo;autres styles comme le \u00ab son \u00bb, le merengue, le cha-cha-cha et le tango.<\/p>\n\n\n\n<p>Sa popularit\u00e9 remonte au d\u00e9but des ann\u00e9es 1990 et s&rsquo;\u00e9tend en Europe depuis 1999.<\/p>\n\n\n\n<p>Plus complexe et plus expressive que son parent le Merengue, la Bachata n&rsquo;est que balancements, rotations et contrastes. Le caract\u00e8re de la danse est obtenu par un mouvement sensuel du corps et de la hanche qui garde une similitude avec certaines danses africaines. Tout est dans l&rsquo;attitude et permet l&rsquo;improvisation.<\/p>\n\n\n\n<p>Un des grands succ\u00e8s : \u00ab Obsesi\u00f3n \u00bb de Aventura.<\/p>\n","protected":false},"excerpt":{"rendered":"<p>N\u00e9e en R\u00e9publique Dominicaine, ses origines les plus lointaines&nbsp;connues, remontent au d\u00e9but du XXe si\u00e8cle. Etymologiquement, le terme Bachata d\u00e9signe la f\u00eate. &nbsp;&nbsp; Son rythme dansant, plein de folklore, peut \u00eatre consid\u00e9r\u00e9 comme un m\u00e9lange de bol\u00e9ro avec d&rsquo;autres influences musicales d&rsquo;origine africaine et avec d&rsquo;autres styles comme le \u00ab son \u00bb, le merengue, le &hellip; <\/p>\n<p class=\"link-more\"><a href=\"https:\/\/www.elpasodanse.be\/wordpress\/bachata-2\/\" class=\"more-link\">Continuer la lecture<span class=\"screen-reader-text\"> de &laquo;&nbsp;Bachata&nbsp;&raquo;<\/span><\/a><\/p>\n","protected":false},"author":1,"featured_media":0,"parent":0,"menu_order":0,"comment_status":"closed","ping_status":"closed","template":"","meta":{"footnotes":""},"class_list":["post-436","page","type-page","status-publish","hentry"],"yoast_head":"<!-- This site is optimized with the Yoast SEO plugin v27.1.1 - https:\/\/yoast.com\/product\/yoast-seo-wordpress\/ -->\n<title>Bachata - El Paso<\/title>\n<meta name=\"robots\" content=\"index, follow, max-snippet:-1, max-image-preview:large, max-video-preview:-1\" \/>\n<link rel=\"canonical\" href=\"https:\/\/www.elpasodanse.be\/wordpress\/bachata-2\/\" \/>\n<meta property=\"og:locale\" content=\"fr_FR\" \/>\n<meta property=\"og:type\" content=\"article\" \/>\n<meta property=\"og:title\" content=\"Bachata - El Paso\" \/>\n<meta property=\"og:description\" content=\"N\u00e9e en R\u00e9publique Dominicaine, ses origines les plus lointaines&nbsp;connues, remontent au d\u00e9but du XXe si\u00e8cle. Etymologiquement, le terme Bachata d\u00e9signe la f\u00eate. &nbsp;&nbsp; Son rythme dansant, plein de folklore, peut \u00eatre consid\u00e9r\u00e9 comme un m\u00e9lange de bol\u00e9ro avec d&rsquo;autres influences musicales d&rsquo;origine africaine et avec d&rsquo;autres styles comme le \u00ab son \u00bb, le merengue, le &hellip; Continuer la lecture de &laquo;&nbsp;Bachata&nbsp;&raquo;\" \/>\n<meta property=\"og:url\" content=\"https:\/\/www.elpasodanse.be\/wordpress\/bachata-2\/\" \/>\n<meta property=\"og:site_name\" content=\"El Paso\" \/>\n<meta property=\"article:modified_time\" content=\"2019-10-28T15:12:32+00:00\" \/>\n<meta property=\"og:image\" content=\"https:\/\/www.elpasodanse.be\/wordpress\/wp-content\/uploads\/2019\/05\/bachata.jpg\" \/>\n<meta name=\"twitter:card\" content=\"summary_large_image\" \/>\n<meta name=\"twitter:label1\" content=\"Dur\u00e9e de lecture estim\u00e9e\" \/>\n\t<meta name=\"twitter:data1\" content=\"1 minute\" \/>\n<script type=\"application\/ld+json\" class=\"yoast-schema-graph\">{\"@context\":\"https:\/\/schema.org\",\"@graph\":[{\"@type\":\"WebPage\",\"@id\":\"https:\/\/www.elpasodanse.be\/wordpress\/bachata-2\/\",\"url\":\"https:\/\/www.elpasodanse.be\/wordpress\/bachata-2\/\",\"name\":\"Bachata - El Paso\",\"isPartOf\":{\"@id\":\"https:\/\/www.elpasodanse.be\/wordpress\/#website\"},\"primaryImageOfPage\":{\"@id\":\"https:\/\/www.elpasodanse.be\/wordpress\/bachata-2\/#primaryimage\"},\"image\":{\"@id\":\"https:\/\/www.elpasodanse.be\/wordpress\/bachata-2\/#primaryimage\"},\"thumbnailUrl\":\"https:\/\/www.elpasodanse.be\/wordpress\/wp-content\/uploads\/2019\/05\/bachata.jpg\",\"datePublished\":\"2019-05-31T18:23:35+00:00\",\"dateModified\":\"2019-10-28T15:12:32+00:00\",\"breadcrumb\":{\"@id\":\"https:\/\/www.elpasodanse.be\/wordpress\/bachata-2\/#breadcrumb\"},\"inLanguage\":\"fr-FR\",\"potentialAction\":[{\"@type\":\"ReadAction\",\"target\":[\"https:\/\/www.elpasodanse.be\/wordpress\/bachata-2\/\"]}]},{\"@type\":\"ImageObject\",\"inLanguage\":\"fr-FR\",\"@id\":\"https:\/\/www.elpasodanse.be\/wordpress\/bachata-2\/#primaryimage\",\"url\":\"https:\/\/www.elpasodanse.be\/wordpress\/wp-content\/uploads\/2019\/05\/bachata.jpg\",\"contentUrl\":\"https:\/\/www.elpasodanse.be\/wordpress\/wp-content\/uploads\/2019\/05\/bachata.jpg\",\"width\":160,\"height\":150},{\"@type\":\"BreadcrumbList\",\"@id\":\"https:\/\/www.elpasodanse.be\/wordpress\/bachata-2\/#breadcrumb\",\"itemListElement\":[{\"@type\":\"ListItem\",\"position\":1,\"name\":\"Accueil\",\"item\":\"https:\/\/www.elpasodanse.be\/wordpress\/\"},{\"@type\":\"ListItem\",\"position\":2,\"name\":\"Bachata\"}]},{\"@type\":\"WebSite\",\"@id\":\"https:\/\/www.elpasodanse.be\/wordpress\/#website\",\"url\":\"https:\/\/www.elpasodanse.be\/wordpress\/\",\"name\":\"El Paso\",\"description\":\"Ecole de danse\",\"publisher\":{\"@id\":\"https:\/\/www.elpasodanse.be\/wordpress\/#organization\"},\"potentialAction\":[{\"@type\":\"SearchAction\",\"target\":{\"@type\":\"EntryPoint\",\"urlTemplate\":\"https:\/\/www.elpasodanse.be\/wordpress\/?s={search_term_string}\"},\"query-input\":{\"@type\":\"PropertyValueSpecification\",\"valueRequired\":true,\"valueName\":\"search_term_string\"}}],\"inLanguage\":\"fr-FR\"},{\"@type\":\"Organization\",\"@id\":\"https:\/\/www.elpasodanse.be\/wordpress\/#organization\",\"name\":\"El Paso\",\"url\":\"https:\/\/www.elpasodanse.be\/wordpress\/\",\"logo\":{\"@type\":\"ImageObject\",\"inLanguage\":\"fr-FR\",\"@id\":\"https:\/\/www.elpasodanse.be\/wordpress\/#\/schema\/logo\/image\/\",\"url\":\"https:\/\/www.elpasodanse.be\/wordpress\/wp-content\/uploads\/2019\/04\/cropped-logosite2.png\",\"contentUrl\":\"https:\/\/www.elpasodanse.be\/wordpress\/wp-content\/uploads\/2019\/04\/cropped-logosite2.png\",\"width\":180,\"height\":250,\"caption\":\"El Paso\"},\"image\":{\"@id\":\"https:\/\/www.elpasodanse.be\/wordpress\/#\/schema\/logo\/image\/\"}}]}<\/script>\n<!-- \/ Yoast SEO plugin. -->","yoast_head_json":{"title":"Bachata - El Paso","robots":{"index":"index","follow":"follow","max-snippet":"max-snippet:-1","max-image-preview":"max-image-preview:large","max-video-preview":"max-video-preview:-1"},"canonical":"https:\/\/www.elpasodanse.be\/wordpress\/bachata-2\/","og_locale":"fr_FR","og_type":"article","og_title":"Bachata - El Paso","og_description":"N\u00e9e en R\u00e9publique Dominicaine, ses origines les plus lointaines&nbsp;connues, remontent au d\u00e9but du XXe si\u00e8cle. Etymologiquement, le terme Bachata d\u00e9signe la f\u00eate. &nbsp;&nbsp; Son rythme dansant, plein de folklore, peut \u00eatre consid\u00e9r\u00e9 comme un m\u00e9lange de bol\u00e9ro avec d&rsquo;autres influences musicales d&rsquo;origine africaine et avec d&rsquo;autres styles comme le \u00ab son \u00bb, le merengue, le &hellip; Continuer la lecture de &laquo;&nbsp;Bachata&nbsp;&raquo;","og_url":"https:\/\/www.elpasodanse.be\/wordpress\/bachata-2\/","og_site_name":"El Paso","article_modified_time":"2019-10-28T15:12:32+00:00","og_image":[{"url":"https:\/\/www.elpasodanse.be\/wordpress\/wp-content\/uploads\/2019\/05\/bachata.jpg","type":"","width":"","height":""}],"twitter_card":"summary_large_image","twitter_misc":{"Dur\u00e9e de lecture estim\u00e9e":"1 minute"},"schema":{"@context":"https:\/\/schema.org","@graph":[{"@type":"WebPage","@id":"https:\/\/www.elpasodanse.be\/wordpress\/bachata-2\/","url":"https:\/\/www.elpasodanse.be\/wordpress\/bachata-2\/","name":"Bachata - El Paso","isPartOf":{"@id":"https:\/\/www.elpasodanse.be\/wordpress\/#website"},"primaryImageOfPage":{"@id":"https:\/\/www.elpasodanse.be\/wordpress\/bachata-2\/#primaryimage"},"image":{"@id":"https:\/\/www.elpasodanse.be\/wordpress\/bachata-2\/#primaryimage"},"thumbnailUrl":"https:\/\/www.elpasodanse.be\/wordpress\/wp-content\/uploads\/2019\/05\/bachata.jpg","datePublished":"2019-05-31T18:23:35+00:00","dateModified":"2019-10-28T15:12:32+00:00","breadcrumb":{"@id":"https:\/\/www.elpasodanse.be\/wordpress\/bachata-2\/#breadcrumb"},"inLanguage":"fr-FR","potentialAction":[{"@type":"ReadAction","target":["https:\/\/www.elpasodanse.be\/wordpress\/bachata-2\/"]}]},{"@type":"ImageObject","inLanguage":"fr-FR","@id":"https:\/\/www.elpasodanse.be\/wordpress\/bachata-2\/#primaryimage","url":"https:\/\/www.elpasodanse.be\/wordpress\/wp-content\/uploads\/2019\/05\/bachata.jpg","contentUrl":"https:\/\/www.elpasodanse.be\/wordpress\/wp-content\/uploads\/2019\/05\/bachata.jpg","width":160,"height":150},{"@type":"BreadcrumbList","@id":"https:\/\/www.elpasodanse.be\/wordpress\/bachata-2\/#breadcrumb","itemListElement":[{"@type":"ListItem","position":1,"name":"Accueil","item":"https:\/\/www.elpasodanse.be\/wordpress\/"},{"@type":"ListItem","position":2,"name":"Bachata"}]},{"@type":"WebSite","@id":"https:\/\/www.elpasodanse.be\/wordpress\/#website","url":"https:\/\/www.elpasodanse.be\/wordpress\/","name":"El Paso","description":"Ecole de danse","publisher":{"@id":"https:\/\/www.elpasodanse.be\/wordpress\/#organization"},"potentialAction":[{"@type":"SearchAction","target":{"@type":"EntryPoint","urlTemplate":"https:\/\/www.elpasodanse.be\/wordpress\/?s={search_term_string}"},"query-input":{"@type":"PropertyValueSpecification","valueRequired":true,"valueName":"search_term_string"}}],"inLanguage":"fr-FR"},{"@type":"Organization","@id":"https:\/\/www.elpasodanse.be\/wordpress\/#organization","name":"El Paso","url":"https:\/\/www.elpasodanse.be\/wordpress\/","logo":{"@type":"ImageObject","inLanguage":"fr-FR","@id":"https:\/\/www.elpasodanse.be\/wordpress\/#\/schema\/logo\/image\/","url":"https:\/\/www.elpasodanse.be\/wordpress\/wp-content\/uploads\/2019\/04\/cropped-logosite2.png","contentUrl":"https:\/\/www.elpasodanse.be\/wordpress\/wp-content\/uploads\/2019\/04\/cropped-logosite2.png","width":180,"height":250,"caption":"El Paso"},"image":{"@id":"https:\/\/www.elpasodanse.be\/wordpress\/#\/schema\/logo\/image\/"}}]}},"_links":{"self":[{"href":"https:\/\/www.elpasodanse.be\/wordpress\/wp-json\/wp\/v2\/pages\/436","targetHints":{"allow":["GET"]}}],"collection":[{"href":"https:\/\/www.elpasodanse.be\/wordpress\/wp-json\/wp\/v2\/pages"}],"about":[{"href":"https:\/\/www.elpasodanse.be\/wordpress\/wp-json\/wp\/v2\/types\/page"}],"author":[{"embeddable":true,"href":"https:\/\/www.elpasodanse.be\/wordpress\/wp-json\/wp\/v2\/users\/1"}],"replies":[{"embeddable":true,"href":"https:\/\/www.elpasodanse.be\/wordpress\/wp-json\/wp\/v2\/comments?post=436"}],"version-history":[{"count":1,"href":"https:\/\/www.elpasodanse.be\/wordpress\/wp-json\/wp\/v2\/pages\/436\/revisions"}],"predecessor-version":[{"id":437,"href":"https:\/\/www.elpasodanse.be\/wordpress\/wp-json\/wp\/v2\/pages\/436\/revisions\/437"}],"wp:attachment":[{"href":"https:\/\/www.elpasodanse.be\/wordpress\/wp-json\/wp\/v2\/media?parent=436"}],"curies":[{"name":"wp","href":"https:\/\/api.w.org\/{rel}","templated":true}]}}