{"id":438,"date":"2019-05-31T20:24:31","date_gmt":"2019-05-31T18:24:31","guid":{"rendered":"https:\/\/www.elpasodanse.be\/wordpress\/?page_id=438"},"modified":"2019-10-28T16:12:45","modified_gmt":"2019-10-28T15:12:45","slug":"merenge-2","status":"publish","type":"page","link":"https:\/\/www.elpasodanse.be\/wordpress\/merenge-2\/","title":{"rendered":"Merenge"},"content":{"rendered":"\n<figure class=\"wp-block-image\"><img loading=\"lazy\" decoding=\"async\" width=\"225\" height=\"225\" src=\"https:\/\/www.elpasodanse.be\/wordpress\/wp-content\/uploads\/2019\/05\/merenge.png\" alt=\"\" class=\"wp-image-425\" srcset=\"https:\/\/www.elpasodanse.be\/wordpress\/wp-content\/uploads\/2019\/05\/merenge.png 225w, https:\/\/www.elpasodanse.be\/wordpress\/wp-content\/uploads\/2019\/05\/merenge-150x150.png 150w, https:\/\/www.elpasodanse.be\/wordpress\/wp-content\/uploads\/2019\/05\/merenge-100x100.png 100w\" sizes=\"auto, (max-width: 225px) 100vw, 225px\" \/><\/figure>\n\n\n\n<p>L&rsquo;origine m\u00eame de cette danse est mal connue.<\/p>\n\n\n\n<p>Cr\u00e9ole, africaine, cubaine, contre-danse fran\u00e7aise?\u00a0\u00a0 Plusieurs versions de son histoire se chevauchent et\u00a0 se contredisent. La th\u00e8se, probablement la plus cr\u00e9dible, soutient que le <strong>merengue<\/strong> tiendrait ses origines d&rsquo;une danse nomm\u00e9e \u00ab\u00a0Urpa\u00a0\u00bb ou \u00ab\u00a0Upa habanera\u00a0\u00bb qui s&rsquo;est r\u00e9pandue dans\u00a0 les Cara\u00efbes entre 1838 et 1849. Cette danse comportait un mouvement appel\u00e9\u00a0 \u00ab\u00a0merengue\u00a0\u00bb et seule cette appellation aurait surv\u00e9cu \u00e0 son arriv\u00e9e en sol dominicain.<\/p>\n\n\n\n<p>Au d\u00e9but du XXe si\u00e8cle, des musiciens professionnels \u00e9tablissent une forme musicale plus structur\u00e9e du merengue et tentent de l&rsquo;introduire dans les danses de salon, mais la haute soci\u00e9t\u00e9 continue \u00e0 le bouder.<\/p>\n\n\n\n<p>La situation a commence \u00e0 changer en 1930. Par l&rsquo;interm\u00e9diaire de la radio, le merengue se propage dans toute la population.<\/p>\n\n\n\n<p>De nos jours, on peut distinguer deux types de merengue.<\/p>\n\n\n\n<p>D&rsquo;une part, subsiste le merengue folklorique et traditionnel, jou\u00e9 par des orchestres typiques de la campagne dominicaine qui utilisent un accord\u00e9on, un guayo, une tambora et un petit tambour \u00e0 double t\u00eate.<\/p>\n\n\n\n<p>D&rsquo;autre part, le merengue jou\u00e9 par les musiciens professionnels, imit\u00e9s par les musiciens populaires, qui ont d\u00e9velopp\u00e9 un merengue plus commercial. Ces orchestres ont introduit le piano, des cuivres (saxophones, trombones) et des ch\u0153urs \u00e0 trois ou quatre voix. Ces nouveaux arrangements ont contribu\u00e9 au succ\u00e8s du merengue, tant aupr\u00e8s des populations latines des \u00c9tats-Unis, que celles d&rsquo;Am\u00e9rique centrale, d&rsquo;Am\u00e9rique du Sud et d&rsquo;un peu partout dans le monde.<\/p>\n\n\n\n<p>Musique et danse nationale de la R\u00e9publique Dominicaine, le Merengue exprime la passion, l&rsquo;amour et l&rsquo;amiti\u00e9. Depuis 1970, elle r\u00e9pand partout ses cadences entra\u00eenantes.<\/p>\n\n\n\n<p>\u00ab\u00a0Suavemente\u00a0\u00bb du Portoricain Elvis Crespo et \u00ab\u00a0Enamorame\u00a0\u00bb de Papi Sanchez sont deux des plus grands succ\u00e8s de Merengue.&nbsp;<\/p>\n","protected":false},"excerpt":{"rendered":"<p>L&rsquo;origine m\u00eame de cette danse est mal connue. Cr\u00e9ole, africaine, cubaine, contre-danse fran\u00e7aise?\u00a0\u00a0 Plusieurs versions de son histoire se chevauchent et\u00a0 se contredisent. La th\u00e8se, probablement la plus cr\u00e9dible, soutient que le merengue tiendrait ses origines d&rsquo;une danse nomm\u00e9e \u00ab\u00a0Urpa\u00a0\u00bb ou \u00ab\u00a0Upa habanera\u00a0\u00bb qui s&rsquo;est r\u00e9pandue dans\u00a0 les Cara\u00efbes entre 1838 et 1849. Cette danse &hellip; <\/p>\n<p class=\"link-more\"><a href=\"https:\/\/www.elpasodanse.be\/wordpress\/merenge-2\/\" class=\"more-link\">Continuer la lecture<span class=\"screen-reader-text\"> de &laquo;&nbsp;Merenge&nbsp;&raquo;<\/span><\/a><\/p>\n","protected":false},"author":1,"featured_media":0,"parent":0,"menu_order":0,"comment_status":"closed","ping_status":"closed","template":"","meta":{"footnotes":""},"class_list":["post-438","page","type-page","status-publish","hentry"],"yoast_head":"<!-- This site is optimized with the Yoast SEO plugin v27.1.1 - https:\/\/yoast.com\/product\/yoast-seo-wordpress\/ -->\n<title>Merenge - El Paso<\/title>\n<meta name=\"robots\" content=\"index, follow, max-snippet:-1, max-image-preview:large, max-video-preview:-1\" \/>\n<link rel=\"canonical\" href=\"https:\/\/www.elpasodanse.be\/wordpress\/merenge-2\/\" \/>\n<meta property=\"og:locale\" content=\"fr_FR\" \/>\n<meta property=\"og:type\" content=\"article\" \/>\n<meta property=\"og:title\" content=\"Merenge - El Paso\" \/>\n<meta property=\"og:description\" content=\"L&rsquo;origine m\u00eame de cette danse est mal connue. Cr\u00e9ole, africaine, cubaine, contre-danse fran\u00e7aise?\u00a0\u00a0 Plusieurs versions de son histoire se chevauchent et\u00a0 se contredisent. La th\u00e8se, probablement la plus cr\u00e9dible, soutient que le merengue tiendrait ses origines d&rsquo;une danse nomm\u00e9e \u00ab\u00a0Urpa\u00a0\u00bb ou \u00ab\u00a0Upa habanera\u00a0\u00bb qui s&rsquo;est r\u00e9pandue dans\u00a0 les Cara\u00efbes entre 1838 et 1849. Cette danse &hellip; Continuer la lecture de &laquo;&nbsp;Merenge&nbsp;&raquo;\" \/>\n<meta property=\"og:url\" content=\"https:\/\/www.elpasodanse.be\/wordpress\/merenge-2\/\" \/>\n<meta property=\"og:site_name\" content=\"El Paso\" \/>\n<meta property=\"article:modified_time\" content=\"2019-10-28T15:12:45+00:00\" \/>\n<meta property=\"og:image\" content=\"https:\/\/www.elpasodanse.be\/wordpress\/wp-content\/uploads\/2019\/05\/merenge.png\" \/>\n<meta name=\"twitter:card\" content=\"summary_large_image\" \/>\n<meta name=\"twitter:label1\" content=\"Dur\u00e9e de lecture estim\u00e9e\" \/>\n\t<meta name=\"twitter:data1\" content=\"1 minute\" \/>\n<script type=\"application\/ld+json\" class=\"yoast-schema-graph\">{\"@context\":\"https:\/\/schema.org\",\"@graph\":[{\"@type\":\"WebPage\",\"@id\":\"https:\/\/www.elpasodanse.be\/wordpress\/merenge-2\/\",\"url\":\"https:\/\/www.elpasodanse.be\/wordpress\/merenge-2\/\",\"name\":\"Merenge - El Paso\",\"isPartOf\":{\"@id\":\"https:\/\/www.elpasodanse.be\/wordpress\/#website\"},\"primaryImageOfPage\":{\"@id\":\"https:\/\/www.elpasodanse.be\/wordpress\/merenge-2\/#primaryimage\"},\"image\":{\"@id\":\"https:\/\/www.elpasodanse.be\/wordpress\/merenge-2\/#primaryimage\"},\"thumbnailUrl\":\"https:\/\/www.elpasodanse.be\/wordpress\/wp-content\/uploads\/2019\/05\/merenge.png\",\"datePublished\":\"2019-05-31T18:24:31+00:00\",\"dateModified\":\"2019-10-28T15:12:45+00:00\",\"breadcrumb\":{\"@id\":\"https:\/\/www.elpasodanse.be\/wordpress\/merenge-2\/#breadcrumb\"},\"inLanguage\":\"fr-FR\",\"potentialAction\":[{\"@type\":\"ReadAction\",\"target\":[\"https:\/\/www.elpasodanse.be\/wordpress\/merenge-2\/\"]}]},{\"@type\":\"ImageObject\",\"inLanguage\":\"fr-FR\",\"@id\":\"https:\/\/www.elpasodanse.be\/wordpress\/merenge-2\/#primaryimage\",\"url\":\"https:\/\/www.elpasodanse.be\/wordpress\/wp-content\/uploads\/2019\/05\/merenge.png\",\"contentUrl\":\"https:\/\/www.elpasodanse.be\/wordpress\/wp-content\/uploads\/2019\/05\/merenge.png\",\"width\":225,\"height\":225},{\"@type\":\"BreadcrumbList\",\"@id\":\"https:\/\/www.elpasodanse.be\/wordpress\/merenge-2\/#breadcrumb\",\"itemListElement\":[{\"@type\":\"ListItem\",\"position\":1,\"name\":\"Accueil\",\"item\":\"https:\/\/www.elpasodanse.be\/wordpress\/\"},{\"@type\":\"ListItem\",\"position\":2,\"name\":\"Merenge\"}]},{\"@type\":\"WebSite\",\"@id\":\"https:\/\/www.elpasodanse.be\/wordpress\/#website\",\"url\":\"https:\/\/www.elpasodanse.be\/wordpress\/\",\"name\":\"El Paso\",\"description\":\"Ecole de danse\",\"publisher\":{\"@id\":\"https:\/\/www.elpasodanse.be\/wordpress\/#organization\"},\"potentialAction\":[{\"@type\":\"SearchAction\",\"target\":{\"@type\":\"EntryPoint\",\"urlTemplate\":\"https:\/\/www.elpasodanse.be\/wordpress\/?s={search_term_string}\"},\"query-input\":{\"@type\":\"PropertyValueSpecification\",\"valueRequired\":true,\"valueName\":\"search_term_string\"}}],\"inLanguage\":\"fr-FR\"},{\"@type\":\"Organization\",\"@id\":\"https:\/\/www.elpasodanse.be\/wordpress\/#organization\",\"name\":\"El Paso\",\"url\":\"https:\/\/www.elpasodanse.be\/wordpress\/\",\"logo\":{\"@type\":\"ImageObject\",\"inLanguage\":\"fr-FR\",\"@id\":\"https:\/\/www.elpasodanse.be\/wordpress\/#\/schema\/logo\/image\/\",\"url\":\"https:\/\/www.elpasodanse.be\/wordpress\/wp-content\/uploads\/2019\/04\/cropped-logosite2.png\",\"contentUrl\":\"https:\/\/www.elpasodanse.be\/wordpress\/wp-content\/uploads\/2019\/04\/cropped-logosite2.png\",\"width\":180,\"height\":250,\"caption\":\"El Paso\"},\"image\":{\"@id\":\"https:\/\/www.elpasodanse.be\/wordpress\/#\/schema\/logo\/image\/\"}}]}<\/script>\n<!-- \/ Yoast SEO plugin. -->","yoast_head_json":{"title":"Merenge - El Paso","robots":{"index":"index","follow":"follow","max-snippet":"max-snippet:-1","max-image-preview":"max-image-preview:large","max-video-preview":"max-video-preview:-1"},"canonical":"https:\/\/www.elpasodanse.be\/wordpress\/merenge-2\/","og_locale":"fr_FR","og_type":"article","og_title":"Merenge - El Paso","og_description":"L&rsquo;origine m\u00eame de cette danse est mal connue. Cr\u00e9ole, africaine, cubaine, contre-danse fran\u00e7aise?\u00a0\u00a0 Plusieurs versions de son histoire se chevauchent et\u00a0 se contredisent. La th\u00e8se, probablement la plus cr\u00e9dible, soutient que le merengue tiendrait ses origines d&rsquo;une danse nomm\u00e9e \u00ab\u00a0Urpa\u00a0\u00bb ou \u00ab\u00a0Upa habanera\u00a0\u00bb qui s&rsquo;est r\u00e9pandue dans\u00a0 les Cara\u00efbes entre 1838 et 1849. Cette danse &hellip; Continuer la lecture de &laquo;&nbsp;Merenge&nbsp;&raquo;","og_url":"https:\/\/www.elpasodanse.be\/wordpress\/merenge-2\/","og_site_name":"El Paso","article_modified_time":"2019-10-28T15:12:45+00:00","og_image":[{"url":"https:\/\/www.elpasodanse.be\/wordpress\/wp-content\/uploads\/2019\/05\/merenge.png","type":"","width":"","height":""}],"twitter_card":"summary_large_image","twitter_misc":{"Dur\u00e9e de lecture estim\u00e9e":"1 minute"},"schema":{"@context":"https:\/\/schema.org","@graph":[{"@type":"WebPage","@id":"https:\/\/www.elpasodanse.be\/wordpress\/merenge-2\/","url":"https:\/\/www.elpasodanse.be\/wordpress\/merenge-2\/","name":"Merenge - El Paso","isPartOf":{"@id":"https:\/\/www.elpasodanse.be\/wordpress\/#website"},"primaryImageOfPage":{"@id":"https:\/\/www.elpasodanse.be\/wordpress\/merenge-2\/#primaryimage"},"image":{"@id":"https:\/\/www.elpasodanse.be\/wordpress\/merenge-2\/#primaryimage"},"thumbnailUrl":"https:\/\/www.elpasodanse.be\/wordpress\/wp-content\/uploads\/2019\/05\/merenge.png","datePublished":"2019-05-31T18:24:31+00:00","dateModified":"2019-10-28T15:12:45+00:00","breadcrumb":{"@id":"https:\/\/www.elpasodanse.be\/wordpress\/merenge-2\/#breadcrumb"},"inLanguage":"fr-FR","potentialAction":[{"@type":"ReadAction","target":["https:\/\/www.elpasodanse.be\/wordpress\/merenge-2\/"]}]},{"@type":"ImageObject","inLanguage":"fr-FR","@id":"https:\/\/www.elpasodanse.be\/wordpress\/merenge-2\/#primaryimage","url":"https:\/\/www.elpasodanse.be\/wordpress\/wp-content\/uploads\/2019\/05\/merenge.png","contentUrl":"https:\/\/www.elpasodanse.be\/wordpress\/wp-content\/uploads\/2019\/05\/merenge.png","width":225,"height":225},{"@type":"BreadcrumbList","@id":"https:\/\/www.elpasodanse.be\/wordpress\/merenge-2\/#breadcrumb","itemListElement":[{"@type":"ListItem","position":1,"name":"Accueil","item":"https:\/\/www.elpasodanse.be\/wordpress\/"},{"@type":"ListItem","position":2,"name":"Merenge"}]},{"@type":"WebSite","@id":"https:\/\/www.elpasodanse.be\/wordpress\/#website","url":"https:\/\/www.elpasodanse.be\/wordpress\/","name":"El Paso","description":"Ecole de danse","publisher":{"@id":"https:\/\/www.elpasodanse.be\/wordpress\/#organization"},"potentialAction":[{"@type":"SearchAction","target":{"@type":"EntryPoint","urlTemplate":"https:\/\/www.elpasodanse.be\/wordpress\/?s={search_term_string}"},"query-input":{"@type":"PropertyValueSpecification","valueRequired":true,"valueName":"search_term_string"}}],"inLanguage":"fr-FR"},{"@type":"Organization","@id":"https:\/\/www.elpasodanse.be\/wordpress\/#organization","name":"El Paso","url":"https:\/\/www.elpasodanse.be\/wordpress\/","logo":{"@type":"ImageObject","inLanguage":"fr-FR","@id":"https:\/\/www.elpasodanse.be\/wordpress\/#\/schema\/logo\/image\/","url":"https:\/\/www.elpasodanse.be\/wordpress\/wp-content\/uploads\/2019\/04\/cropped-logosite2.png","contentUrl":"https:\/\/www.elpasodanse.be\/wordpress\/wp-content\/uploads\/2019\/04\/cropped-logosite2.png","width":180,"height":250,"caption":"El Paso"},"image":{"@id":"https:\/\/www.elpasodanse.be\/wordpress\/#\/schema\/logo\/image\/"}}]}},"_links":{"self":[{"href":"https:\/\/www.elpasodanse.be\/wordpress\/wp-json\/wp\/v2\/pages\/438","targetHints":{"allow":["GET"]}}],"collection":[{"href":"https:\/\/www.elpasodanse.be\/wordpress\/wp-json\/wp\/v2\/pages"}],"about":[{"href":"https:\/\/www.elpasodanse.be\/wordpress\/wp-json\/wp\/v2\/types\/page"}],"author":[{"embeddable":true,"href":"https:\/\/www.elpasodanse.be\/wordpress\/wp-json\/wp\/v2\/users\/1"}],"replies":[{"embeddable":true,"href":"https:\/\/www.elpasodanse.be\/wordpress\/wp-json\/wp\/v2\/comments?post=438"}],"version-history":[{"count":1,"href":"https:\/\/www.elpasodanse.be\/wordpress\/wp-json\/wp\/v2\/pages\/438\/revisions"}],"predecessor-version":[{"id":439,"href":"https:\/\/www.elpasodanse.be\/wordpress\/wp-json\/wp\/v2\/pages\/438\/revisions\/439"}],"wp:attachment":[{"href":"https:\/\/www.elpasodanse.be\/wordpress\/wp-json\/wp\/v2\/media?parent=438"}],"curies":[{"name":"wp","href":"https:\/\/api.w.org\/{rel}","templated":true}]}}