{"id":80,"date":"2019-05-01T09:06:40","date_gmt":"2019-05-01T09:06:40","guid":{"rendered":"http:\/\/127.0.0.1:10080\/wordpress\/?page_id=80"},"modified":"2019-05-01T09:06:40","modified_gmt":"2019-05-01T09:06:40","slug":"lecole","status":"publish","type":"page","link":"https:\/\/www.elpasodanse.be\/wordpress\/lecole\/","title":{"rendered":"L&rsquo;Ecole"},"content":{"rendered":"<p>Le club de danse El Paso, association de fait, a \u00e9t\u00e9 cr\u00e9\u00e9 en mai 1992 par quelques passionn\u00e9s de la danse.<\/p>\n<p>Il a connu diff\u00e9rentes fortunes et diff\u00e9rents comit\u00e9s mais a su garder, envers et contre tout, l&rsquo;esprit d&rsquo;amiti\u00e9, de convivialit\u00e9 et de partage qui pr\u00e9vaut dans l&rsquo;exercice de cette activit\u00e9 passionnante.<\/p>\n<p>Nous sommes constitu\u00e9s en Association sans but lucratif depuis janvier 2009 et nous venons de nous affilier \u00e0 l&rsquo;Association francophone des clubs de danse.<br \/>\nNos professeurs exp\u00e9riment\u00e9s et particuli\u00e8rement comp\u00e9tents contribuent largement \u00e0 notre r\u00e9putation.<\/p>\n<p>Nos activit\u00e9s, depuis 1992, se d\u00e9roulent au Centre r\u00e9cr\u00e9atif de Remouchamps \u00e0 4920-Aywaille.<\/p>\n<p>Apr\u00e8s de longues ann\u00e9es consacr\u00e9es aux danses Standard-latines, nous nous sommes lanc\u00e9s, en septembre 2009, dans les \u00ab\u00a0Latino\u00a0\u00bb et plus particuli\u00e8rement la Salsa et sa Rueda de casino.<br \/>\nIntr\u00e9pides, nous touchons de temps \u00e0 autre \u00e0 la Bachata, au Merengue et au Cha-Cha cubain.<\/p>\n<p>Le Rock n&rsquo;est pas oubli\u00e9, il fait r\u00e9guli\u00e8rement une intrusion, tr\u00e8s appr\u00e9ci\u00e9e, dans nos cours traditionnels et nos entra\u00eenements.<\/p>\n<p>Pour r\u00e9pondre \u00e0 la multitude de danseuses sans partenaire, en janvier 2010, nous avons inaugur\u00e9 un cours de Danse orientale.<\/p>\n<p>Depuis la rentr\u00e9e 2014, nous proposons une formule en cycle court de 8h des modules de Rock&rsquo;n Roll, Bachata, West coast swing et Tango argentin.<\/p>\n<p>A ce jour, nous avons la satisfaction de compter de nombreux affili\u00e9s parmi lesquels quelques volontaires \u00ab\u00a0Toujours Pr\u00eats!\u00a0\u00bb ont constitu\u00e9 un comit\u00e9 dynamique et plein d&rsquo;id\u00e9es qui se consacre quotidiennement \u00e0 l&rsquo;organisation de notre \u00e9cole.<\/p>\n<p>En couple ou en solo, notre objectif reste votre \u00e9panouissement dans la joie, le bien-\u00eatre et le plaisir partag\u00e9 de la danse&#8230;<\/p>\n","protected":false},"excerpt":{"rendered":"<p>Le club de danse El Paso, association de fait, a \u00e9t\u00e9 cr\u00e9\u00e9 en mai 1992 par quelques passionn\u00e9s de la danse. Il a connu diff\u00e9rentes fortunes et diff\u00e9rents comit\u00e9s mais a su garder, envers et contre tout, l&rsquo;esprit d&rsquo;amiti\u00e9, de convivialit\u00e9 et de partage qui pr\u00e9vaut dans l&rsquo;exercice de cette activit\u00e9 passionnante. Nous sommes constitu\u00e9s &hellip; <\/p>\n<p class=\"link-more\"><a href=\"https:\/\/www.elpasodanse.be\/wordpress\/lecole\/\" class=\"more-link\">Continuer la lecture<span class=\"screen-reader-text\"> de &laquo;&nbsp;L&rsquo;Ecole&nbsp;&raquo;<\/span><\/a><\/p>\n","protected":false},"author":1,"featured_media":0,"parent":0,"menu_order":0,"comment_status":"closed","ping_status":"closed","template":"","meta":{"footnotes":""},"class_list":["post-80","page","type-page","status-publish","hentry"],"yoast_head":"<!-- This site is optimized with the Yoast SEO plugin v27.1.1 - https:\/\/yoast.com\/product\/yoast-seo-wordpress\/ -->\n<title>L&#039;Ecole - El Paso<\/title>\n<meta name=\"robots\" content=\"index, follow, max-snippet:-1, max-image-preview:large, max-video-preview:-1\" \/>\n<link rel=\"canonical\" href=\"https:\/\/www.elpasodanse.be\/wordpress\/lecole\/\" \/>\n<meta property=\"og:locale\" content=\"fr_FR\" \/>\n<meta property=\"og:type\" content=\"article\" \/>\n<meta property=\"og:title\" content=\"L&#039;Ecole - El Paso\" \/>\n<meta property=\"og:description\" content=\"Le club de danse El Paso, association de fait, a \u00e9t\u00e9 cr\u00e9\u00e9 en mai 1992 par quelques passionn\u00e9s de la danse. Il a connu diff\u00e9rentes fortunes et diff\u00e9rents comit\u00e9s mais a su garder, envers et contre tout, l&rsquo;esprit d&rsquo;amiti\u00e9, de convivialit\u00e9 et de partage qui pr\u00e9vaut dans l&rsquo;exercice de cette activit\u00e9 passionnante. Nous sommes constitu\u00e9s &hellip; Continuer la lecture de &laquo;&nbsp;L&rsquo;Ecole&nbsp;&raquo;\" \/>\n<meta property=\"og:url\" content=\"https:\/\/www.elpasodanse.be\/wordpress\/lecole\/\" \/>\n<meta property=\"og:site_name\" content=\"El Paso\" \/>\n<meta name=\"twitter:card\" content=\"summary_large_image\" \/>\n<meta name=\"twitter:label1\" content=\"Dur\u00e9e de lecture estim\u00e9e\" \/>\n\t<meta name=\"twitter:data1\" content=\"1 minute\" \/>\n<script type=\"application\/ld+json\" class=\"yoast-schema-graph\">{\"@context\":\"https:\/\/schema.org\",\"@graph\":[{\"@type\":\"WebPage\",\"@id\":\"https:\/\/www.elpasodanse.be\/wordpress\/lecole\/\",\"url\":\"https:\/\/www.elpasodanse.be\/wordpress\/lecole\/\",\"name\":\"L'Ecole - El Paso\",\"isPartOf\":{\"@id\":\"https:\/\/www.elpasodanse.be\/wordpress\/#website\"},\"datePublished\":\"2019-05-01T09:06:40+00:00\",\"breadcrumb\":{\"@id\":\"https:\/\/www.elpasodanse.be\/wordpress\/lecole\/#breadcrumb\"},\"inLanguage\":\"fr-FR\",\"potentialAction\":[{\"@type\":\"ReadAction\",\"target\":[\"https:\/\/www.elpasodanse.be\/wordpress\/lecole\/\"]}]},{\"@type\":\"BreadcrumbList\",\"@id\":\"https:\/\/www.elpasodanse.be\/wordpress\/lecole\/#breadcrumb\",\"itemListElement\":[{\"@type\":\"ListItem\",\"position\":1,\"name\":\"Accueil\",\"item\":\"https:\/\/www.elpasodanse.be\/wordpress\/\"},{\"@type\":\"ListItem\",\"position\":2,\"name\":\"L&#8217;Ecole\"}]},{\"@type\":\"WebSite\",\"@id\":\"https:\/\/www.elpasodanse.be\/wordpress\/#website\",\"url\":\"https:\/\/www.elpasodanse.be\/wordpress\/\",\"name\":\"El Paso\",\"description\":\"Ecole de danse\",\"publisher\":{\"@id\":\"https:\/\/www.elpasodanse.be\/wordpress\/#organization\"},\"potentialAction\":[{\"@type\":\"SearchAction\",\"target\":{\"@type\":\"EntryPoint\",\"urlTemplate\":\"https:\/\/www.elpasodanse.be\/wordpress\/?s={search_term_string}\"},\"query-input\":{\"@type\":\"PropertyValueSpecification\",\"valueRequired\":true,\"valueName\":\"search_term_string\"}}],\"inLanguage\":\"fr-FR\"},{\"@type\":\"Organization\",\"@id\":\"https:\/\/www.elpasodanse.be\/wordpress\/#organization\",\"name\":\"El Paso\",\"url\":\"https:\/\/www.elpasodanse.be\/wordpress\/\",\"logo\":{\"@type\":\"ImageObject\",\"inLanguage\":\"fr-FR\",\"@id\":\"https:\/\/www.elpasodanse.be\/wordpress\/#\/schema\/logo\/image\/\",\"url\":\"https:\/\/www.elpasodanse.be\/wordpress\/wp-content\/uploads\/2019\/04\/cropped-logosite2.png\",\"contentUrl\":\"https:\/\/www.elpasodanse.be\/wordpress\/wp-content\/uploads\/2019\/04\/cropped-logosite2.png\",\"width\":180,\"height\":250,\"caption\":\"El Paso\"},\"image\":{\"@id\":\"https:\/\/www.elpasodanse.be\/wordpress\/#\/schema\/logo\/image\/\"}}]}<\/script>\n<!-- \/ Yoast SEO plugin. -->","yoast_head_json":{"title":"L'Ecole - El Paso","robots":{"index":"index","follow":"follow","max-snippet":"max-snippet:-1","max-image-preview":"max-image-preview:large","max-video-preview":"max-video-preview:-1"},"canonical":"https:\/\/www.elpasodanse.be\/wordpress\/lecole\/","og_locale":"fr_FR","og_type":"article","og_title":"L'Ecole - El Paso","og_description":"Le club de danse El Paso, association de fait, a \u00e9t\u00e9 cr\u00e9\u00e9 en mai 1992 par quelques passionn\u00e9s de la danse. Il a connu diff\u00e9rentes fortunes et diff\u00e9rents comit\u00e9s mais a su garder, envers et contre tout, l&rsquo;esprit d&rsquo;amiti\u00e9, de convivialit\u00e9 et de partage qui pr\u00e9vaut dans l&rsquo;exercice de cette activit\u00e9 passionnante. Nous sommes constitu\u00e9s &hellip; Continuer la lecture de &laquo;&nbsp;L&rsquo;Ecole&nbsp;&raquo;","og_url":"https:\/\/www.elpasodanse.be\/wordpress\/lecole\/","og_site_name":"El Paso","twitter_card":"summary_large_image","twitter_misc":{"Dur\u00e9e de lecture estim\u00e9e":"1 minute"},"schema":{"@context":"https:\/\/schema.org","@graph":[{"@type":"WebPage","@id":"https:\/\/www.elpasodanse.be\/wordpress\/lecole\/","url":"https:\/\/www.elpasodanse.be\/wordpress\/lecole\/","name":"L'Ecole - El Paso","isPartOf":{"@id":"https:\/\/www.elpasodanse.be\/wordpress\/#website"},"datePublished":"2019-05-01T09:06:40+00:00","breadcrumb":{"@id":"https:\/\/www.elpasodanse.be\/wordpress\/lecole\/#breadcrumb"},"inLanguage":"fr-FR","potentialAction":[{"@type":"ReadAction","target":["https:\/\/www.elpasodanse.be\/wordpress\/lecole\/"]}]},{"@type":"BreadcrumbList","@id":"https:\/\/www.elpasodanse.be\/wordpress\/lecole\/#breadcrumb","itemListElement":[{"@type":"ListItem","position":1,"name":"Accueil","item":"https:\/\/www.elpasodanse.be\/wordpress\/"},{"@type":"ListItem","position":2,"name":"L&#8217;Ecole"}]},{"@type":"WebSite","@id":"https:\/\/www.elpasodanse.be\/wordpress\/#website","url":"https:\/\/www.elpasodanse.be\/wordpress\/","name":"El Paso","description":"Ecole de danse","publisher":{"@id":"https:\/\/www.elpasodanse.be\/wordpress\/#organization"},"potentialAction":[{"@type":"SearchAction","target":{"@type":"EntryPoint","urlTemplate":"https:\/\/www.elpasodanse.be\/wordpress\/?s={search_term_string}"},"query-input":{"@type":"PropertyValueSpecification","valueRequired":true,"valueName":"search_term_string"}}],"inLanguage":"fr-FR"},{"@type":"Organization","@id":"https:\/\/www.elpasodanse.be\/wordpress\/#organization","name":"El Paso","url":"https:\/\/www.elpasodanse.be\/wordpress\/","logo":{"@type":"ImageObject","inLanguage":"fr-FR","@id":"https:\/\/www.elpasodanse.be\/wordpress\/#\/schema\/logo\/image\/","url":"https:\/\/www.elpasodanse.be\/wordpress\/wp-content\/uploads\/2019\/04\/cropped-logosite2.png","contentUrl":"https:\/\/www.elpasodanse.be\/wordpress\/wp-content\/uploads\/2019\/04\/cropped-logosite2.png","width":180,"height":250,"caption":"El Paso"},"image":{"@id":"https:\/\/www.elpasodanse.be\/wordpress\/#\/schema\/logo\/image\/"}}]}},"_links":{"self":[{"href":"https:\/\/www.elpasodanse.be\/wordpress\/wp-json\/wp\/v2\/pages\/80","targetHints":{"allow":["GET"]}}],"collection":[{"href":"https:\/\/www.elpasodanse.be\/wordpress\/wp-json\/wp\/v2\/pages"}],"about":[{"href":"https:\/\/www.elpasodanse.be\/wordpress\/wp-json\/wp\/v2\/types\/page"}],"author":[{"embeddable":true,"href":"https:\/\/www.elpasodanse.be\/wordpress\/wp-json\/wp\/v2\/users\/1"}],"replies":[{"embeddable":true,"href":"https:\/\/www.elpasodanse.be\/wordpress\/wp-json\/wp\/v2\/comments?post=80"}],"version-history":[{"count":1,"href":"https:\/\/www.elpasodanse.be\/wordpress\/wp-json\/wp\/v2\/pages\/80\/revisions"}],"predecessor-version":[{"id":81,"href":"https:\/\/www.elpasodanse.be\/wordpress\/wp-json\/wp\/v2\/pages\/80\/revisions\/81"}],"wp:attachment":[{"href":"https:\/\/www.elpasodanse.be\/wordpress\/wp-json\/wp\/v2\/media?parent=80"}],"curies":[{"name":"wp","href":"https:\/\/api.w.org\/{rel}","templated":true}]}}